{"id":26300,"date":"2022-06-07T08:14:01","date_gmt":"2022-06-07T08:14:01","guid":{"rendered":"http:\/\/avolux.ee\/%d0%bf%d0%be%d1%80%d0%be%d1%88%d0%ba%d0%be%d0%b2%d0%be%d0%b5-%d0%bf%d0%be%d0%ba%d1%80%d1%8b%d1%82%d0%b8%d0%b5\/"},"modified":"2023-09-14T09:41:57","modified_gmt":"2023-09-14T09:41:57","slug":"poroshkovoe-pokrytie","status":"publish","type":"page","link":"https:\/\/avolux.ee\/ru\/poroshkovoe-pokrytie\/","title":{"rendered":"\u041f\u043e\u0440\u043e\u0448\u043a\u043e\u0432\u043e\u0435 \u043f\u043e\u043a\u0440\u044b\u0442\u0438\u0435"},"content":{"rendered":"<p>[et_pb_section fb_built=&#187;1&#8243; admin_label=&#187;Feature&#187; _builder_version=&#187;4.9.0&#8243; overflow-x=&#187;hidden&#187; overflow-y=&#187;hidden&#187; custom_padding=&#187;0px|||||&#187; top_divider_style=&#187;slant&#187; top_divider_color=&#187;#ffffff&#187; top_divider_height=&#187;10vw&#187; top_divider_flip=&#187;horizontal&#187; top_divider_arrangement=&#187;above_content&#187; locked=&#187;off&#187; global_colors_info=&#187;{}&#187;][et_pb_row column_structure=&#187;2_3,1_3&#8243; custom_padding_last_edited=&#187;on|tablet&#187; _builder_version=&#187;4.9.0&#8243; custom_padding_tablet=&#187;0px|0vw|0px||false|false&#187; custom_padding_phone=&#187;&#187; global_colors_info=&#187;{}&#187;][et_pb_column type=&#187;2_3&#8243; admin_label=&#187;\u0421\u0442\u043e\u043b\u0431\u0435\u0446&#187; _builder_version=&#187;4.9.0&#8243; custom_padding=&#187;|||0px|false|false&#187; global_colors_info=&#187;{}&#187;][et_pb_image src=&#187;http:\/\/avolux.ee\/wp-content\/uploads\/2021\/02\/varvimine-black-and-white.jpg&#187; title_text=&#187;\u043f\u043e\u0440\u043e\u0448\u043a\u043e\u0432\u043e\u0435 \u043f\u043e\u043a\u0440\u044b\u0442\u0438\u0435&#187; show_bottom_space=&#187;off&#187; admin_label=&#187;Image&#187; _builder_version=&#187;4.14.7&#8243; custom_margin=&#187;||0px|-20vw|false|false&#187; hover_enabled=&#187;0&#8243; border_radii=&#187;on|10px|10px|10px|10px&#187; global_colors_info=&#187;{}&#187; box_shadow_style=&#187;preset2&#8243; sticky_enabled=&#187;0&#8243;][\/et_pb_image][\/et_pb_column][et_pb_column type=&#187;1_3&#8243; _builder_version=&#187;4.9.0&#8243; custom_padding=&#187;16%||||false|false&#187; custom_padding_tablet=&#187;0%||||false|false&#187; custom_padding_phone=&#187;&#187; custom_padding_last_edited=&#187;on|phone&#187; global_colors_info=&#187;{}&#187;][et_pb_text _builder_version=&#187;4.14.7&#8243; text_font=&#187;Roboto Condensed||||||||&#187; text_text_color=&#187;#383838&#8243; text_font_size=&#187;19px&#187; text_line_height=&#187;1.8em&#187; header_font=&#187;Roboto Condensed||||||||&#187; header_font_size=&#187;67px&#187; header_2_font=&#187;Roboto Condensed|700|||||||&#187; header_2_text_color=&#187;#000000&#8243; header_2_font_size=&#187;65px&#187; header_2_line_height=&#187;1.1em&#187; custom_margin=&#187;|||-64%|false|false&#187; custom_margin_tablet=&#187;|||0px|false|false&#187; custom_margin_phone=&#187;&#187; custom_margin_last_edited=&#187;on|phone&#187; hover_enabled=&#187;0&#8243; header_2_font_size_tablet=&#187;32px&#187; header_2_font_size_phone=&#187;22px&#187; header_2_font_size_last_edited=&#187;on|phone&#187; global_colors_info=&#187;{}&#187; scroll_vertical_motion=&#187;0|49|56|100|-4|0|3&#8243; scroll_fade=&#187;0|49|49|100|0|100|100&#8243; scroll_rotating=&#187;0|50|73|100|90|0|0&#8243; sticky_limit_bottom=&#187;section&#187; sticky_enabled=&#187;0&#8243;]<\/p>\n<h2>\u041f\u043e\u0440\u043e\u0448\u043a\u043e\u0432\u043e\u0435 \u043f\u043e\u043a\u0440\u044b\u0442\u0438\u0435<\/h2>\n<p>\u041f\u0440\u0435\u0434\u043b\u0430\u0433\u0430\u0435\u043c \u043f\u043e\u043a\u0440\u0430\u0441\u043a\u0443 \u043c\u0435\u0442\u0430\u043b\u043b\u0438\u0447\u0435\u0441\u043a\u0438\u0445 \u0438\u0437\u0434\u0435\u043b\u0438\u0439 \u043f\u043e\u0440\u043e\u0448\u043a\u043e\u0432\u044b\u043c\u0438 \u043a\u0440\u0430\u0441\u043a\u0430\u043c\u0438 Axalta, Europolver \u0438 \u0434\u0440. \u0418\u0437\u0434\u0435\u043b\u0438\u044f \u043c\u043e\u0433\u0443\u0442 \u0431\u044b\u0442\u044c \u0438\u0437\u0433\u043e\u0442\u043e\u0432\u043b\u0435\u043d\u044b \u0438\u0437 \u0430\u043b\u044e\u043c\u0438\u043d\u0438\u044f, \u0447\u0435\u0440\u043d\u044b\u0445 \u043c\u0435\u0442\u0430\u043b\u043b\u043e\u0432 \u0438\u043b\u0438 \u043e\u0446\u0438\u043d\u043a\u043e\u0432\u0430\u043d\u043d\u044b\u0445 \u0447\u0435\u0440\u043d\u044b\u0445 \u043c\u0435\u0442\u0430\u043b\u043b\u043e\u0432. \u041c\u044b \u0438\u0441\u043f\u043e\u043b\u044c\u0437\u0443\u0435\u043c \u0442\u043e\u043b\u044c\u043a\u043e \u0432\u044b\u0441\u043e\u043a\u043e\u043a\u0430\u0447\u0435\u0441\u0442\u0432\u0435\u043d\u043d\u044b\u0435 \u043f\u043e\u0440\u043e\u0448\u043a\u043e\u0432\u044b\u0435 \u043a\u0440\u0430\u0441\u043a\u0438.<\/p>\n<p>\u041f\u043e\u043a\u0443\u043f\u0430\u0442\u0435\u043b\u044c \u043c\u043e\u0436\u0435\u0442 \u0432\u044b\u0431\u0440\u0430\u0442\u044c \u0436\u0435\u043b\u0430\u0435\u043c\u044b\u0439 \u0446\u0432\u0435\u0442 \u0438\u0437 \u0442\u0430\u0431\u043b\u0438\u0446\u044b RAL. <a href=\"http:\/\/www.ralcolor.com\/\" data-saferedirecturl=\"https:\/\/www.google.com\/url?hl=ru&amp;q=http:\/\/www.ralcolor.com\/&amp;source=gmail&amp;ust=1515860207046000&amp;usg=AFQjCNHs2pScMOpYAMKtBESskLcHQeCaHQ\" target=\"_blank\" rel=\"noopener noreferrer\"><\/a><a href=\"http:\/\/www.ralcolor.com\/\" data-saferedirecturl=\"https:\/\/www.google.com\/url?hl=ru&amp;q=http:\/\/www.ralcolor.com\/&amp;source=gmail&amp;ust=1515860207046000&amp;usg=AFQjCNHs2pScMOpYAMKtBESskLcHQeCaHQ\" target=\"_blank\" rel=\"noopener noreferrer\">http:\/\/www.ralcolor.com\/<\/a><\/p>\n<p>\u0412\u041d\u0423\u0422\u0420\u0415\u041d\u041d\u0418\u0415 \u0420\u0410\u0417\u041c\u0415\u0420\u042b \u041f\u0415\u0427\u0418: 7,1 (\u041f) \u0445 2,2 (\u041a) \u0445 1,2 (\u043b) \u043c<\/p>\n<p>[\/et_pb_text][\/et_pb_column][\/et_pb_row][\/et_pb_section][et_pb_section fb_built=&#187;1&#8243; _builder_version=&#187;4.9.0&#8243; _module_preset=&#187;default&#187; custom_padding=&#187;30px||34px|||&#187; locked=&#187;off&#187; global_colors_info=&#187;{}&#187;][et_pb_row use_custom_gutter=&#187;on&#187; gutter_width=&#187;2&#8243; make_equal=&#187;on&#187; _builder_version=&#187;4.9.0&#8243; _module_preset=&#187;default&#187; min_height=&#187;787.5px&#187; custom_margin=&#187;-3px|auto||auto||&#187; custom_padding=&#187;||0px|||&#187; global_colors_info=&#187;{}&#187;][et_pb_column type=&#187;4_4&#8243; _builder_version=&#187;4.9.0&#8243; _module_preset=&#187;default&#187; global_colors_info=&#187;{}&#187;][et_pb_gallery gallery_ids=&#187;24787,24811,24851,24855,24859,24863,24799,24803,24807,24775,24771,24779,24783,24819,24883,24931&#8243; posts_number=&#187;12&#8243; show_title_and_caption=&#187;off&#187; hover_overlay_color=&#187;rgba(0,0,0,0.3)&#187; _builder_version=&#187;4.9.0&#8243; _module_preset=&#187;default&#187; custom_margin=&#187;||||false|false&#187; title_font_size_tablet=&#187;9px&#187; title_font_size_phone=&#187;&#187; title_font_size_last_edited=&#187;on|phone&#187; border_radii_image=&#187;on|16px|16px|16px|16px&#187; box_shadow_style_image=&#187;preset2&#8243; global_colors_info=&#187;{}&#187;][\/et_pb_gallery][\/et_pb_column][\/et_pb_row][\/et_pb_section]<\/p>\n","protected":false},"excerpt":{"rendered":"<p>\u041f\u043e\u0440\u043e\u0448\u043a\u043e\u0432\u043e\u0435 \u043f\u043e\u043a\u0440\u044b\u0442\u0438\u0435 \u041f\u0440\u0435\u0434\u043b\u0430\u0433\u0430\u0435\u043c \u043f\u043e\u043a\u0440\u0430\u0441\u043a\u0443 \u043c\u0435\u0442\u0430\u043b\u043b\u0438\u0447\u0435\u0441\u043a\u0438\u0445 \u0438\u0437\u0434\u0435\u043b\u0438\u0439 \u043f\u043e\u0440\u043e\u0448\u043a\u043e\u0432\u044b\u043c\u0438 \u043a\u0440\u0430\u0441\u043a\u0430\u043c\u0438 Axalta, Europolver \u0438 \u0434\u0440. \u0418\u0437\u0434\u0435\u043b\u0438\u044f \u043c\u043e\u0433\u0443\u0442 \u0431\u044b\u0442\u044c \u0438\u0437\u0433\u043e\u0442\u043e\u0432\u043b\u0435\u043d\u044b \u0438\u0437 \u0430\u043b\u044e\u043c\u0438\u043d\u0438\u044f, \u0447\u0435\u0440\u043d\u044b\u0445 \u043c\u0435\u0442\u0430\u043b\u043b\u043e\u0432 \u0438\u043b\u0438 \u043e\u0446\u0438\u043d\u043a\u043e\u0432\u0430\u043d\u043d\u044b\u0445 \u0447\u0435\u0440\u043d\u044b\u0445 \u043c\u0435\u0442\u0430\u043b\u043b\u043e\u0432. \u041c\u044b \u0438\u0441\u043f\u043e\u043b\u044c\u0437\u0443\u0435\u043c \u0442\u043e\u043b\u044c\u043a\u043e \u0432\u044b\u0441\u043e\u043a\u043e\u043a\u0430\u0447\u0435\u0441\u0442\u0432\u0435\u043d\u043d\u044b\u0435 \u043f\u043e\u0440\u043e\u0448\u043a\u043e\u0432\u044b\u0435 \u043a\u0440\u0430\u0441\u043a\u0438. \u041f\u043e\u043a\u0443\u043f\u0430\u0442\u0435\u043b\u044c \u043c\u043e\u0436\u0435\u0442 \u0432\u044b\u0431\u0440\u0430\u0442\u044c \u0436\u0435\u043b\u0430\u0435\u043c\u044b\u0439 \u0446\u0432\u0435\u0442 \u0438\u0437 \u0442\u0430\u0431\u043b\u0438\u0446\u044b RAL. http:\/\/www.ralcolor.com\/ \u0412\u041d\u0423\u0422\u0420\u0415\u041d\u041d\u0418\u0415 \u0420\u0410\u0417\u041c\u0415\u0420\u042b \u041f\u0415\u0427\u0418: 7,1 (\u041f) \u0445 2,2 (\u041a) \u0445 1,2 (\u043b) \u043c<\/p>\n","protected":false},"author":1,"featured_media":0,"parent":0,"menu_order":0,"comment_status":"closed","ping_status":"closed","template":"","meta":{"_et_pb_use_builder":"on","_et_pb_old_content":"","_et_gb_content_width":"","footnotes":""},"class_list":["post-26300","page","type-page","status-publish","hentry"],"yoast_head":"<!-- This site is optimized with the Yoast SEO plugin v24.1 - https:\/\/yoast.com\/wordpress\/plugins\/seo\/ -->\n<title>- Avolux<\/title>\n<meta name=\"description\" content=\"Metallkapid, Metallm\u00f6\u00f6bel, Disainm\u00f6\u00f6bel, Relvakapid, S\u00f5idukite lisatarvikud, Metallit\u00f6\u00f6d, Erinevad metalldetailid ehitustele, Keevitust\u00f6\u00f6d, Relvahoidjad, Eritellimust\u00f6\u00f6d, Allhanked, Eraisikutele tellimust\u00f6\u00f6d.\" \/>\n<meta name=\"robots\" content=\"index, follow, max-snippet:-1, max-image-preview:large, max-video-preview:-1\" \/>\n<link rel=\"canonical\" href=\"https:\/\/avolux.ee\/ru\/poroshkovoe-pokrytie\/\" \/>\n<meta property=\"og:locale\" content=\"ru_RU\" \/>\n<meta property=\"og:type\" content=\"article\" \/>\n<meta property=\"og:title\" content=\"- Avolux\" \/>\n<meta property=\"og:description\" content=\"Metallkapid, Metallm\u00f6\u00f6bel, Disainm\u00f6\u00f6bel, Relvakapid, S\u00f5idukite lisatarvikud, Metallit\u00f6\u00f6d, Erinevad metalldetailid ehitustele, Keevitust\u00f6\u00f6d, Relvahoidjad, Eritellimust\u00f6\u00f6d, Allhanked, Eraisikutele tellimust\u00f6\u00f6d.\" \/>\n<meta property=\"og:url\" content=\"https:\/\/avolux.ee\/ru\/poroshkovoe-pokrytie\/\" \/>\n<meta property=\"og:site_name\" content=\"Avolux\" \/>\n<meta property=\"article:modified_time\" content=\"2023-09-14T09:41:57+00:00\" \/>\n<meta name=\"twitter:card\" content=\"summary_large_image\" \/>\n<meta name=\"twitter:label1\" content=\"\u041f\u0440\u0438\u043c\u0435\u0440\u043d\u043e\u0435 \u0432\u0440\u0435\u043c\u044f \u0434\u043b\u044f \u0447\u0442\u0435\u043d\u0438\u044f\" \/>\n\t<meta name=\"twitter:data1\" content=\"2 \u043c\u0438\u043d\u0443\u0442\u044b\" \/>\n<script type=\"application\/ld+json\" class=\"yoast-schema-graph\">{\"@context\":\"https:\/\/schema.org\",\"@graph\":[{\"@type\":\"WebPage\",\"@id\":\"https:\/\/avolux.ee\/ru\/poroshkovoe-pokrytie\/\",\"url\":\"https:\/\/avolux.ee\/ru\/poroshkovoe-pokrytie\/\",\"name\":\"- Avolux\",\"isPartOf\":{\"@id\":\"https:\/\/avolux.ee\/ru\/#website\"},\"datePublished\":\"2022-06-07T08:14:01+00:00\",\"dateModified\":\"2023-09-14T09:41:57+00:00\",\"description\":\"Metallkapid, Metallm\u00f6\u00f6bel, Disainm\u00f6\u00f6bel, Relvakapid, S\u00f5idukite lisatarvikud, Metallit\u00f6\u00f6d, Erinevad metalldetailid ehitustele, Keevitust\u00f6\u00f6d, Relvahoidjad, Eritellimust\u00f6\u00f6d, Allhanked, Eraisikutele tellimust\u00f6\u00f6d.\",\"breadcrumb\":{\"@id\":\"https:\/\/avolux.ee\/ru\/poroshkovoe-pokrytie\/#breadcrumb\"},\"inLanguage\":\"ru-RU\",\"potentialAction\":[{\"@type\":\"ReadAction\",\"target\":[\"https:\/\/avolux.ee\/ru\/poroshkovoe-pokrytie\/\"]}]},{\"@type\":\"BreadcrumbList\",\"@id\":\"https:\/\/avolux.ee\/ru\/poroshkovoe-pokrytie\/#breadcrumb\",\"itemListElement\":[{\"@type\":\"ListItem\",\"position\":1,\"name\":\"Home\",\"item\":\"https:\/\/avolux.ee\/ru\/\"},{\"@type\":\"ListItem\",\"position\":2,\"name\":\"\u041f\u043e\u0440\u043e\u0448\u043a\u043e\u0432\u043e\u0435 \u043f\u043e\u043a\u0440\u044b\u0442\u0438\u0435\"}]},{\"@type\":\"WebSite\",\"@id\":\"https:\/\/avolux.ee\/ru\/#website\",\"url\":\"https:\/\/avolux.ee\/ru\/\",\"name\":\"Avolux\",\"description\":\"Metallm\u00f6\u00f6bel, disainm\u00f6\u00f6bel,  metallkapid\",\"publisher\":{\"@id\":\"https:\/\/avolux.ee\/ru\/#organization\"},\"potentialAction\":[{\"@type\":\"SearchAction\",\"target\":{\"@type\":\"EntryPoint\",\"urlTemplate\":\"https:\/\/avolux.ee\/ru\/?s={search_term_string}\"},\"query-input\":{\"@type\":\"PropertyValueSpecification\",\"valueRequired\":true,\"valueName\":\"search_term_string\"}}],\"inLanguage\":\"ru-RU\"},{\"@type\":\"Organization\",\"@id\":\"https:\/\/avolux.ee\/ru\/#organization\",\"name\":\"Avolux O\u00dc\",\"url\":\"https:\/\/avolux.ee\/ru\/\",\"logo\":{\"@type\":\"ImageObject\",\"inLanguage\":\"ru-RU\",\"@id\":\"https:\/\/avolux.ee\/ru\/#\/schema\/logo\/image\/\",\"url\":\"http:\/\/avolux.ee\/wp-content\/uploads\/2021\/02\/logo.png\",\"contentUrl\":\"http:\/\/avolux.ee\/wp-content\/uploads\/2021\/02\/logo.png\",\"width\":188,\"height\":76,\"caption\":\"Avolux O\u00dc\"},\"image\":{\"@id\":\"https:\/\/avolux.ee\/ru\/#\/schema\/logo\/image\/\"}}]}<\/script>\n<!-- \/ Yoast SEO plugin. -->","yoast_head_json":{"title":"- Avolux","description":"Metallkapid, Metallm\u00f6\u00f6bel, Disainm\u00f6\u00f6bel, Relvakapid, S\u00f5idukite lisatarvikud, Metallit\u00f6\u00f6d, Erinevad metalldetailid ehitustele, Keevitust\u00f6\u00f6d, Relvahoidjad, Eritellimust\u00f6\u00f6d, Allhanked, Eraisikutele tellimust\u00f6\u00f6d.","robots":{"index":"index","follow":"follow","max-snippet":"max-snippet:-1","max-image-preview":"max-image-preview:large","max-video-preview":"max-video-preview:-1"},"canonical":"https:\/\/avolux.ee\/ru\/poroshkovoe-pokrytie\/","og_locale":"ru_RU","og_type":"article","og_title":"- Avolux","og_description":"Metallkapid, Metallm\u00f6\u00f6bel, Disainm\u00f6\u00f6bel, Relvakapid, S\u00f5idukite lisatarvikud, Metallit\u00f6\u00f6d, Erinevad metalldetailid ehitustele, Keevitust\u00f6\u00f6d, Relvahoidjad, Eritellimust\u00f6\u00f6d, Allhanked, Eraisikutele tellimust\u00f6\u00f6d.","og_url":"https:\/\/avolux.ee\/ru\/poroshkovoe-pokrytie\/","og_site_name":"Avolux","article_modified_time":"2023-09-14T09:41:57+00:00","twitter_card":"summary_large_image","twitter_misc":{"\u041f\u0440\u0438\u043c\u0435\u0440\u043d\u043e\u0435 \u0432\u0440\u0435\u043c\u044f \u0434\u043b\u044f \u0447\u0442\u0435\u043d\u0438\u044f":"2 \u043c\u0438\u043d\u0443\u0442\u044b"},"schema":{"@context":"https:\/\/schema.org","@graph":[{"@type":"WebPage","@id":"https:\/\/avolux.ee\/ru\/poroshkovoe-pokrytie\/","url":"https:\/\/avolux.ee\/ru\/poroshkovoe-pokrytie\/","name":"- Avolux","isPartOf":{"@id":"https:\/\/avolux.ee\/ru\/#website"},"datePublished":"2022-06-07T08:14:01+00:00","dateModified":"2023-09-14T09:41:57+00:00","description":"Metallkapid, Metallm\u00f6\u00f6bel, Disainm\u00f6\u00f6bel, Relvakapid, S\u00f5idukite lisatarvikud, Metallit\u00f6\u00f6d, Erinevad metalldetailid ehitustele, Keevitust\u00f6\u00f6d, Relvahoidjad, Eritellimust\u00f6\u00f6d, Allhanked, Eraisikutele tellimust\u00f6\u00f6d.","breadcrumb":{"@id":"https:\/\/avolux.ee\/ru\/poroshkovoe-pokrytie\/#breadcrumb"},"inLanguage":"ru-RU","potentialAction":[{"@type":"ReadAction","target":["https:\/\/avolux.ee\/ru\/poroshkovoe-pokrytie\/"]}]},{"@type":"BreadcrumbList","@id":"https:\/\/avolux.ee\/ru\/poroshkovoe-pokrytie\/#breadcrumb","itemListElement":[{"@type":"ListItem","position":1,"name":"Home","item":"https:\/\/avolux.ee\/ru\/"},{"@type":"ListItem","position":2,"name":"\u041f\u043e\u0440\u043e\u0448\u043a\u043e\u0432\u043e\u0435 \u043f\u043e\u043a\u0440\u044b\u0442\u0438\u0435"}]},{"@type":"WebSite","@id":"https:\/\/avolux.ee\/ru\/#website","url":"https:\/\/avolux.ee\/ru\/","name":"Avolux","description":"Metallm\u00f6\u00f6bel, disainm\u00f6\u00f6bel,  metallkapid","publisher":{"@id":"https:\/\/avolux.ee\/ru\/#organization"},"potentialAction":[{"@type":"SearchAction","target":{"@type":"EntryPoint","urlTemplate":"https:\/\/avolux.ee\/ru\/?s={search_term_string}"},"query-input":{"@type":"PropertyValueSpecification","valueRequired":true,"valueName":"search_term_string"}}],"inLanguage":"ru-RU"},{"@type":"Organization","@id":"https:\/\/avolux.ee\/ru\/#organization","name":"Avolux O\u00dc","url":"https:\/\/avolux.ee\/ru\/","logo":{"@type":"ImageObject","inLanguage":"ru-RU","@id":"https:\/\/avolux.ee\/ru\/#\/schema\/logo\/image\/","url":"http:\/\/avolux.ee\/wp-content\/uploads\/2021\/02\/logo.png","contentUrl":"http:\/\/avolux.ee\/wp-content\/uploads\/2021\/02\/logo.png","width":188,"height":76,"caption":"Avolux O\u00dc"},"image":{"@id":"https:\/\/avolux.ee\/ru\/#\/schema\/logo\/image\/"}}]}},"_links":{"self":[{"href":"https:\/\/avolux.ee\/ru\/wp-json\/wp\/v2\/pages\/26300","targetHints":{"allow":["GET"]}}],"collection":[{"href":"https:\/\/avolux.ee\/ru\/wp-json\/wp\/v2\/pages"}],"about":[{"href":"https:\/\/avolux.ee\/ru\/wp-json\/wp\/v2\/types\/page"}],"author":[{"embeddable":true,"href":"https:\/\/avolux.ee\/ru\/wp-json\/wp\/v2\/users\/1"}],"replies":[{"embeddable":true,"href":"https:\/\/avolux.ee\/ru\/wp-json\/wp\/v2\/comments?post=26300"}],"version-history":[{"count":3,"href":"https:\/\/avolux.ee\/ru\/wp-json\/wp\/v2\/pages\/26300\/revisions"}],"predecessor-version":[{"id":26319,"href":"https:\/\/avolux.ee\/ru\/wp-json\/wp\/v2\/pages\/26300\/revisions\/26319"}],"wp:attachment":[{"href":"https:\/\/avolux.ee\/ru\/wp-json\/wp\/v2\/media?parent=26300"}],"curies":[{"name":"wp","href":"https:\/\/api.w.org\/{rel}","templated":true}]}}