{"id":26277,"date":"2022-06-07T08:14:00","date_gmt":"2022-06-07T08:14:00","guid":{"rendered":"http:\/\/avolux.ee\/%d0%b3%d0%b0%d0%bb%d0%b5%d1%80%d0%b5%d1%8f\/"},"modified":"2023-09-14T09:41:36","modified_gmt":"2023-09-14T09:41:36","slug":"galereya","status":"publish","type":"page","link":"https:\/\/avolux.ee\/ru\/galereya\/","title":{"rendered":"\u0413\u0430\u043b\u0435\u0440\u0435\u044f"},"content":{"rendered":"<p>[et_pb_section fb_built=&#187;1&#8243; custom_padding_last_edited=&#187;on|phone&#187; admin_label=&#187;Header&#187; _builder_version=&#187;4.9.0&#8243; use_background_color_gradient=&#187;on&#187; background_color_gradient_start=&#187;rgba(0,0,0,0)&#187; background_color_gradient_end=&#187;rgba(22,29,67,0.3)&#187; background_color_gradient_direction=&#187;200deg&#187; background_color_gradient_start_position=&#187;62%&#187; background_color_gradient_overlays_image=&#187;on&#187; background_image=&#187;http:\/\/avolux.ee\/wp-content\/uploads\/2021\/02\/worker-welding-in-a-factory-7979HT6-scaled-e1613822833158.jpg&#187; custom_margin=&#187;0px||||false|false&#187; custom_margin_tablet=&#187;0px||||false|false&#187; custom_margin_phone=&#187;0px||||false|false&#187; custom_margin_last_edited=&#187;on|phone&#187; custom_padding=&#187;0vw|10vw|0px|0px|false|false&#187; custom_padding_tablet=&#187;0vw|10vw|0px|0px|false|false&#187; custom_padding_phone=&#187;|10vw||&#187; animation_style=&#187;fade&#187; animation_starting_opacity=&#187;5%&#187; animation_speed_curve=&#187;ease-out&#187; border_radii=&#187;||||16vw&#187; global_colors_info=&#187;{}&#187;][et_pb_row column_structure=&#187;3_4,1_4&#8243; use_custom_gutter=&#187;on&#187; gutter_width=&#187;1&#8243; make_equal=&#187;on&#187; custom_padding_last_edited=&#187;on|desktop&#187; padding_top_bottom_link_1=&#187;true&#187; padding_top_bottom_link_2=&#187;true&#187; padding_left_right_link_1=&#187;false&#187; _builder_version=&#187;4.9.0&#8243; use_background_color_gradient=&#187;on&#187; background_color_gradient_start=&#187;rgba(255,255,255,0.4)&#187; background_color_gradient_end=&#187;rgba(255,255,255,0.88)&#187; background_color_gradient_direction=&#187;90deg&#187; background_color_gradient_start_position=&#187;70%&#187; width=&#187;100%&#187; max_width=&#187;100%&#187; module_alignment=&#187;left&#187; custom_margin=&#187;||||false|false&#187; custom_margin_tablet=&#187;0vw|||&#187; custom_margin_last_edited=&#187;off|desktop&#187; custom_padding=&#187;0px||0px||false|false&#187; custom_padding_tablet=&#187;||0px|0vw|false|false&#187; custom_padding_phone=&#187;&#187; animation_style=&#187;slide&#187; animation_direction=&#187;left&#187; animation_intensity_slide=&#187;5%&#187; border_radii=&#187;||10vw||&#187; use_custom_width=&#187;on&#187; width_unit=&#187;off&#187; custom_width_percent=&#187;100%&#187; locked=&#187;off&#187; global_colors_info=&#187;{}&#187;][et_pb_column type=&#187;3_4&#8243; _builder_version=&#187;4.9.0&#8243; custom_padding=&#187;0px|40px|0px|10vw|false|false&#187; custom_padding_tablet=&#187;40px||20px||false&#187; custom_padding_phone=&#187;|||&#187; custom_padding_last_edited=&#187;on|phone&#187; global_colors_info=&#187;{}&#187; padding_phone=&#187;|||&#187; padding_tablet=&#187;40px||20px||false&#187; padding_last_edited=&#187;on|phone&#187; custom_padding__hover=&#187;|||&#187;][et_pb_text _builder_version=&#187;4.9.0&#8243; text_font=&#187;||||||||&#187; header_font=&#187;Oswald||||||||&#187; header_font_size=&#187;100px&#187; header_line_height=&#187;2em&#187; header_6_font=&#187;Open Sans|700||on|||||&#187; header_6_letter_spacing=&#187;5px&#187; header_6_line_height=&#187;1.6em&#187; background_layout=&#187;dark&#187; max_width_tablet=&#187;90%&#187; max_width_phone=&#187;&#187; max_width_last_edited=&#187;on|desktop&#187; module_alignment=&#187;right&#187; animation_style=&#187;zoom&#187; animation_intensity_zoom=&#187;5%&#187; header_font_size_tablet=&#187;50px&#187; header_font_size_phone=&#187;50px&#187; header_font_size_last_edited=&#187;on|phone&#187; header_line_height_tablet=&#187;1em&#187; header_line_height_phone=&#187;1em&#187; header_line_height_last_edited=&#187;on|desktop&#187; header_6_font_size_tablet=&#187;&#187; header_6_font_size_phone=&#187;&#187; header_6_font_size_last_edited=&#187;on|desktop&#187; text_text_shadow_style=&#187;preset3&#8243; text_text_shadow_blur_strength=&#187;3em&#187; text_text_shadow_color=&#187;rgba(22,29,67,0.24)&#187; locked=&#187;off&#187; global_colors_info=&#187;{}&#187; header_5_font_size__hover=&#187;16px&#187; header_5_font_size__hover_enabled=&#187;16px&#187; header_5_letter_spacing__hover=&#187;0px&#187; header_5_letter_spacing__hover_enabled=&#187;0px&#187; header_5_line_height__hover=&#187;1em&#187; header_5_line_height__hover_enabled=&#187;1em&#187; header_5_text_shadow_style__hover=&#187;none&#187; header_5_text_shadow_style__hover_enabled=&#187;none&#187; header_5_text_shadow_color__hover=&#187;rgba(0,0,0,0.4)&#187; header_5_text_shadow_color__hover_enabled=&#187;rgba(0,0,0,0.4)&#187;]<\/p>\n<h6><\/h6>\n<h1>\u0413\u0430\u043b\u0435\u0440\u0435\u044f<\/h1>\n<p>[\/et_pb_text][\/et_pb_column][et_pb_column type=&#187;1_4&#8243; _builder_version=&#187;3.25&#8243; custom_padding=&#187;|||&#187; custom_padding_tablet=&#187;||||false&#187; custom_padding_phone=&#187;&#187; custom_padding_last_edited=&#187;on|desktop&#187; global_colors_info=&#187;{}&#187; padding_tablet=&#187;||||false&#187; padding_last_edited=&#187;on|desktop&#187; custom_padding__hover=&#187;|||&#187; padding_phone=&#187;||||false&#187;][\/et_pb_column][\/et_pb_row][\/et_pb_section][et_pb_section fb_built=&#187;1&#8243; module_class=&#187;df-area&#187; _builder_version=&#187;4.9.0&#8243; _module_preset=&#187;default&#187; custom_padding=&#187;||34px|||&#187; global_colors_info=&#187;{}&#187;][et_pb_row use_custom_gutter=&#187;on&#187; gutter_width=&#187;2&#8243; make_equal=&#187;on&#187; _builder_version=&#187;4.9.0&#8243; _module_preset=&#187;default&#187; min_height=&#187;787.5px&#187; custom_margin=&#187;-3px|auto||auto||&#187; custom_padding=&#187;||0px|||&#187; global_colors_info=&#187;{}&#187;][et_pb_column type=&#187;4_4&#8243; module_class=&#187;df-pulber&#187; _builder_version=&#187;4.9.0&#8243; _module_preset=&#187;default&#187; global_colors_info=&#187;{}&#187;][et_pb_gallery gallery_ids=&#187;24446,24449,24450,24451,24461,24462,24463,24464,24466,24468,24471,24472,24473,24482,24456,24457,24447,24448,24458,24478,24477,24476,24475,24474,24481,24480,24479,24470,24469,24467,24465,24460,24459,24452,24453,24454,24455,24445,24444,24443,24441,24442,24440,24439,24438,24437,24436,24435,24434,24433,24432,24431,24429,24430,24428,25737,25741,25773,25769,25765,25813,24815,24751,25805,24767,24763,24723,24935,24691,24715,24687,24747,24719,24899,24875,24759,24743,24675,24683,24847,24755,24703,24839,24823,24739,24695,24735,24871,24831,24919,24931,25713,25717,25721,25733,25745,25749,25753,25757,25761,25777,25781,25785,25789,25793,25809,25817&#8243; posts_number=&#187;12&#8243; show_title_and_caption=&#187;off&#187; hover_overlay_color=&#187;rgba(0,0,0,0.3)&#187; module_class=&#187;df-pulber&#187; _builder_version=&#187;4.14.7&#8243; _module_preset=&#187;default&#187; custom_margin=&#187;||-2px|||&#187; border_radii_image=&#187;on|16px|16px|16px|16px&#187; box_shadow_style_image=&#187;preset2&#8243; global_colors_info=&#187;{}&#187;][\/et_pb_gallery][\/et_pb_column][\/et_pb_row][et_pb_row _builder_version=&#187;4.9.0&#8243; _module_preset=&#187;default&#187; global_colors_info=&#187;{}&#187;][et_pb_column type=&#187;4_4&#8243; _builder_version=&#187;4.9.0&#8243; _module_preset=&#187;default&#187; global_colors_info=&#187;{}&#187;][et_pb_text _builder_version=&#187;4.14.7&#8243; _module_preset=&#187;default&#187; header_3_font=&#187;Roboto Condensed|700||on|||||&#187; header_3_font_size=&#187;30px&#187; header_3_letter_spacing=&#187;1px&#187; header_3_font_size_tablet=&#187;25px&#187; header_3_font_size_phone=&#187;20px&#187; header_3_font_size_last_edited=&#187;on|desktop&#187; global_colors_info=&#187;{}&#187;]<\/p>\n<h3>\u0428\u043a\u0430\u0444\u044b, \u044f\u0449\u0438\u043a\u0438, \u043f\u043e\u043b\u043a\u0438<\/h3>\n<p>[\/et_pb_text][et_pb_gallery gallery_ids=&#187;25564,25568,25572,25576,25580,25584,25588,25592,25596,25600,25608,25612,25616,25620,25624,25628,25632,25636,25640&#8243; posts_number=&#187;12&#8243; show_title_and_caption=&#187;off&#187; hover_overlay_color=&#187;rgba(0,0,0,0.3)&#187; module_class=&#187;df-pulber&#187; _builder_version=&#187;4.14.7&#8243; _module_preset=&#187;default&#187; custom_margin=&#187;||-2px|||&#187; hover_enabled=&#187;0&#8243; border_radii_image=&#187;on|16px|16px|16px|16px&#187; box_shadow_style_image=&#187;preset2&#8243; locked=&#187;off&#187; global_colors_info=&#187;{}&#187; sticky_enabled=&#187;0&#8243;][\/et_pb_gallery][\/et_pb_column][\/et_pb_row][et_pb_row _builder_version=&#187;4.14.7&#8243; _module_preset=&#187;default&#187; global_colors_info=&#187;{}&#187;][et_pb_column type=&#187;4_4&#8243; _builder_version=&#187;4.14.7&#8243; _module_preset=&#187;default&#187; global_colors_info=&#187;{}&#187;][et_pb_text _builder_version=&#187;4.14.7&#8243; _module_preset=&#187;default&#187; header_3_font=&#187;Roboto Condensed|700||on|||||&#187; header_3_font_size=&#187;30px&#187; header_3_letter_spacing=&#187;1px&#187; header_3_font_size_tablet=&#187;25px&#187; header_3_font_size_phone=&#187;20px&#187; header_3_font_size_last_edited=&#187;on|desktop&#187; global_colors_info=&#187;{}&#187;]<\/p>\n<h3>\u042d\u043b\u0435\u043a\u0442\u0440\u0438\u0447\u0435\u0441\u043a\u0438\u0435 \u0440\u0430\u0441\u043f\u0440\u0435\u0434\u0435\u043b\u0438\u0442\u0435\u043b\u044c\u043d\u044b\u0435 \u0449\u0438\u0442\u044b<\/h3>\n<p>[\/et_pb_text][et_pb_gallery gallery_ids=&#187;25644,25648,25652,25656,25660&#8243; posts_number=&#187;12&#8243; show_title_and_caption=&#187;off&#187; hover_overlay_color=&#187;rgba(0,0,0,0.3)&#187; module_class=&#187;df-pulber&#187; _builder_version=&#187;4.9.0&#8243; _module_preset=&#187;default&#187; custom_margin=&#187;||-2px|||&#187; border_radii_image=&#187;on|16px|16px|16px|16px&#187; box_shadow_style_image=&#187;preset2&#8243; locked=&#187;off&#187; global_colors_info=&#187;{}&#187;][\/et_pb_gallery][\/et_pb_column][\/et_pb_row][et_pb_row _builder_version=&#187;4.14.7&#8243; _module_preset=&#187;default&#187; global_colors_info=&#187;{}&#187;][et_pb_column type=&#187;4_4&#8243; _builder_version=&#187;4.14.7&#8243; _module_preset=&#187;default&#187; global_colors_info=&#187;{}&#187;][et_pb_text _builder_version=&#187;4.14.7&#8243; _module_preset=&#187;default&#187; header_3_font=&#187;Roboto Condensed|700||on|||||&#187; header_3_font_size=&#187;30px&#187; header_3_letter_spacing=&#187;1px&#187; header_3_font_size_tablet=&#187;25px&#187; header_3_font_size_phone=&#187;20px&#187; header_3_font_size_last_edited=&#187;on|desktop&#187; global_colors_info=&#187;{}&#187;]<\/p>\n<h3>\u041d\u0430\u0441\u0442\u043e\u043b\u044c\u043d\u044b\u0435 \u043a\u043e\u043c\u043f\u044c\u044e\u0442\u0435\u0440\u044b<\/h3>\n<p>[\/et_pb_text][et_pb_gallery gallery_ids=&#187;25664&#8243; posts_number=&#187;12&#8243; show_title_and_caption=&#187;off&#187; hover_overlay_color=&#187;rgba(0,0,0,0.3)&#187; module_class=&#187;df-pulber&#187; _builder_version=&#187;4.9.0&#8243; _module_preset=&#187;default&#187; custom_margin=&#187;||-2px|||&#187; border_radii_image=&#187;on|16px|16px|16px|16px&#187; box_shadow_style_image=&#187;preset2&#8243; locked=&#187;off&#187; global_colors_info=&#187;{}&#187;][\/et_pb_gallery][\/et_pb_column][\/et_pb_row][et_pb_row _builder_version=&#187;4.14.7&#8243; _module_preset=&#187;default&#187; global_colors_info=&#187;{}&#187;][et_pb_column type=&#187;4_4&#8243; _builder_version=&#187;4.14.7&#8243; _module_preset=&#187;default&#187; global_colors_info=&#187;{}&#187;][et_pb_text _builder_version=&#187;4.14.7&#8243; _module_preset=&#187;default&#187; header_3_font=&#187;Roboto Condensed|700||on|||||&#187; header_3_font_size=&#187;30px&#187; header_3_letter_spacing=&#187;1px&#187; header_3_font_size_tablet=&#187;25px&#187; header_3_font_size_phone=&#187;20px&#187; header_3_font_size_last_edited=&#187;on|desktop&#187; global_colors_info=&#187;{}&#187;]<\/p>\n<h3>\u0421\u0422\u0423\u041b\u042c\u042f, \u0421\u041a\u0410\u041c\u042c\u0418<\/h3>\n<p>[\/et_pb_text][et_pb_gallery gallery_ids=&#187;25604,25789,25785,25781,25725,24959,25757,25741&#8243; posts_number=&#187;12&#8243; show_title_and_caption=&#187;off&#187; hover_overlay_color=&#187;rgba(0,0,0,0.3)&#187; module_class=&#187;df-pulber&#187; _builder_version=&#187;4.14.7&#8243; _module_preset=&#187;default&#187; custom_margin=&#187;||-2px|||&#187; border_radii_image=&#187;on|16px|16px|16px|16px&#187; box_shadow_style_image=&#187;preset2&#8243; locked=&#187;off&#187; global_colors_info=&#187;{}&#187;][\/et_pb_gallery][\/et_pb_column][\/et_pb_row][\/et_pb_section]<\/p>\n","protected":false},"excerpt":{"rendered":"<p>\u0413\u0430\u043b\u0435\u0440\u0435\u044f\u0428\u043a\u0430\u0444\u044b, \u044f\u0449\u0438\u043a\u0438, \u043f\u043e\u043b\u043a\u0438\u042d\u043b\u0435\u043a\u0442\u0440\u0438\u0447\u0435\u0441\u043a\u0438\u0435 \u0440\u0430\u0441\u043f\u0440\u0435\u0434\u0435\u043b\u0438\u0442\u0435\u043b\u044c\u043d\u044b\u0435 \u0449\u0438\u0442\u044b\u041d\u0430\u0441\u0442\u043e\u043b\u044c\u043d\u044b\u0435 \u043a\u043e\u043c\u043f\u044c\u044e\u0442\u0435\u0440\u044b\u0421\u0422\u0423\u041b\u042c\u042f, \u0421\u041a\u0410\u041c\u042c\u0418<\/p>\n","protected":false},"author":1,"featured_media":0,"parent":0,"menu_order":0,"comment_status":"closed","ping_status":"closed","template":"","meta":{"_et_pb_use_builder":"on","_et_pb_old_content":"","_et_gb_content_width":"","footnotes":""},"class_list":["post-26277","page","type-page","status-publish","hentry"],"yoast_head":"<!-- This site is optimized with the Yoast SEO plugin v24.1 - https:\/\/yoast.com\/wordpress\/plugins\/seo\/ -->\n<title>\u0413\u0430\u043b\u0435\u0440\u0435\u044f - Avolux<\/title>\n<meta name=\"description\" content=\"Metallkapid, Metallm\u00f6\u00f6bel, Disainm\u00f6\u00f6bel, Relvakapid, S\u00f5idukite lisatarvikud, Metallit\u00f6\u00f6d, Erinevad metalldetailid ehitustele, Keevitust\u00f6\u00f6d, Relvahoidjad, Eritellimust\u00f6\u00f6d, Allhanked, Eraisikutele tellimust\u00f6\u00f6d.\" \/>\n<meta name=\"robots\" content=\"index, follow, max-snippet:-1, max-image-preview:large, max-video-preview:-1\" \/>\n<link rel=\"canonical\" href=\"https:\/\/avolux.ee\/ru\/galereya\/\" \/>\n<meta property=\"og:locale\" content=\"ru_RU\" \/>\n<meta property=\"og:type\" content=\"article\" \/>\n<meta property=\"og:title\" content=\"\u0413\u0430\u043b\u0435\u0440\u0435\u044f - Avolux\" \/>\n<meta property=\"og:description\" content=\"Metallkapid, Metallm\u00f6\u00f6bel, Disainm\u00f6\u00f6bel, Relvakapid, S\u00f5idukite lisatarvikud, Metallit\u00f6\u00f6d, Erinevad metalldetailid ehitustele, Keevitust\u00f6\u00f6d, Relvahoidjad, Eritellimust\u00f6\u00f6d, Allhanked, Eraisikutele tellimust\u00f6\u00f6d.\" \/>\n<meta property=\"og:url\" content=\"https:\/\/avolux.ee\/ru\/galereya\/\" \/>\n<meta property=\"og:site_name\" content=\"Avolux\" \/>\n<meta property=\"article:modified_time\" content=\"2023-09-14T09:41:36+00:00\" \/>\n<meta name=\"twitter:card\" content=\"summary_large_image\" \/>\n<meta name=\"twitter:label1\" content=\"\u041f\u0440\u0438\u043c\u0435\u0440\u043d\u043e\u0435 \u0432\u0440\u0435\u043c\u044f \u0434\u043b\u044f \u0447\u0442\u0435\u043d\u0438\u044f\" \/>\n\t<meta name=\"twitter:data1\" content=\"6 \u043c\u0438\u043d\u0443\u0442\" \/>\n<script type=\"application\/ld+json\" class=\"yoast-schema-graph\">{\"@context\":\"https:\/\/schema.org\",\"@graph\":[{\"@type\":\"WebPage\",\"@id\":\"https:\/\/avolux.ee\/ru\/galereya\/\",\"url\":\"https:\/\/avolux.ee\/ru\/galereya\/\",\"name\":\"\u0413\u0430\u043b\u0435\u0440\u0435\u044f - Avolux\",\"isPartOf\":{\"@id\":\"https:\/\/avolux.ee\/ru\/#website\"},\"datePublished\":\"2022-06-07T08:14:00+00:00\",\"dateModified\":\"2023-09-14T09:41:36+00:00\",\"description\":\"Metallkapid, Metallm\u00f6\u00f6bel, Disainm\u00f6\u00f6bel, Relvakapid, S\u00f5idukite lisatarvikud, Metallit\u00f6\u00f6d, Erinevad metalldetailid ehitustele, Keevitust\u00f6\u00f6d, Relvahoidjad, Eritellimust\u00f6\u00f6d, Allhanked, Eraisikutele tellimust\u00f6\u00f6d.\",\"breadcrumb\":{\"@id\":\"https:\/\/avolux.ee\/ru\/galereya\/#breadcrumb\"},\"inLanguage\":\"ru-RU\",\"potentialAction\":[{\"@type\":\"ReadAction\",\"target\":[\"https:\/\/avolux.ee\/ru\/galereya\/\"]}]},{\"@type\":\"BreadcrumbList\",\"@id\":\"https:\/\/avolux.ee\/ru\/galereya\/#breadcrumb\",\"itemListElement\":[{\"@type\":\"ListItem\",\"position\":1,\"name\":\"Home\",\"item\":\"https:\/\/avolux.ee\/ru\/\"},{\"@type\":\"ListItem\",\"position\":2,\"name\":\"\u0413\u0430\u043b\u0435\u0440\u0435\u044f\"}]},{\"@type\":\"WebSite\",\"@id\":\"https:\/\/avolux.ee\/ru\/#website\",\"url\":\"https:\/\/avolux.ee\/ru\/\",\"name\":\"Avolux\",\"description\":\"Metallm\u00f6\u00f6bel, disainm\u00f6\u00f6bel,  metallkapid\",\"publisher\":{\"@id\":\"https:\/\/avolux.ee\/ru\/#organization\"},\"potentialAction\":[{\"@type\":\"SearchAction\",\"target\":{\"@type\":\"EntryPoint\",\"urlTemplate\":\"https:\/\/avolux.ee\/ru\/?s={search_term_string}\"},\"query-input\":{\"@type\":\"PropertyValueSpecification\",\"valueRequired\":true,\"valueName\":\"search_term_string\"}}],\"inLanguage\":\"ru-RU\"},{\"@type\":\"Organization\",\"@id\":\"https:\/\/avolux.ee\/ru\/#organization\",\"name\":\"Avolux O\u00dc\",\"url\":\"https:\/\/avolux.ee\/ru\/\",\"logo\":{\"@type\":\"ImageObject\",\"inLanguage\":\"ru-RU\",\"@id\":\"https:\/\/avolux.ee\/ru\/#\/schema\/logo\/image\/\",\"url\":\"http:\/\/avolux.ee\/wp-content\/uploads\/2021\/02\/logo.png\",\"contentUrl\":\"http:\/\/avolux.ee\/wp-content\/uploads\/2021\/02\/logo.png\",\"width\":188,\"height\":76,\"caption\":\"Avolux O\u00dc\"},\"image\":{\"@id\":\"https:\/\/avolux.ee\/ru\/#\/schema\/logo\/image\/\"}}]}<\/script>\n<!-- \/ Yoast SEO plugin. -->","yoast_head_json":{"title":"\u0413\u0430\u043b\u0435\u0440\u0435\u044f - Avolux","description":"Metallkapid, Metallm\u00f6\u00f6bel, Disainm\u00f6\u00f6bel, Relvakapid, S\u00f5idukite lisatarvikud, Metallit\u00f6\u00f6d, Erinevad metalldetailid ehitustele, Keevitust\u00f6\u00f6d, Relvahoidjad, Eritellimust\u00f6\u00f6d, Allhanked, Eraisikutele tellimust\u00f6\u00f6d.","robots":{"index":"index","follow":"follow","max-snippet":"max-snippet:-1","max-image-preview":"max-image-preview:large","max-video-preview":"max-video-preview:-1"},"canonical":"https:\/\/avolux.ee\/ru\/galereya\/","og_locale":"ru_RU","og_type":"article","og_title":"\u0413\u0430\u043b\u0435\u0440\u0435\u044f - Avolux","og_description":"Metallkapid, Metallm\u00f6\u00f6bel, Disainm\u00f6\u00f6bel, Relvakapid, S\u00f5idukite lisatarvikud, Metallit\u00f6\u00f6d, Erinevad metalldetailid ehitustele, Keevitust\u00f6\u00f6d, Relvahoidjad, Eritellimust\u00f6\u00f6d, Allhanked, Eraisikutele tellimust\u00f6\u00f6d.","og_url":"https:\/\/avolux.ee\/ru\/galereya\/","og_site_name":"Avolux","article_modified_time":"2023-09-14T09:41:36+00:00","twitter_card":"summary_large_image","twitter_misc":{"\u041f\u0440\u0438\u043c\u0435\u0440\u043d\u043e\u0435 \u0432\u0440\u0435\u043c\u044f \u0434\u043b\u044f \u0447\u0442\u0435\u043d\u0438\u044f":"6 \u043c\u0438\u043d\u0443\u0442"},"schema":{"@context":"https:\/\/schema.org","@graph":[{"@type":"WebPage","@id":"https:\/\/avolux.ee\/ru\/galereya\/","url":"https:\/\/avolux.ee\/ru\/galereya\/","name":"\u0413\u0430\u043b\u0435\u0440\u0435\u044f - Avolux","isPartOf":{"@id":"https:\/\/avolux.ee\/ru\/#website"},"datePublished":"2022-06-07T08:14:00+00:00","dateModified":"2023-09-14T09:41:36+00:00","description":"Metallkapid, Metallm\u00f6\u00f6bel, Disainm\u00f6\u00f6bel, Relvakapid, S\u00f5idukite lisatarvikud, Metallit\u00f6\u00f6d, Erinevad metalldetailid ehitustele, Keevitust\u00f6\u00f6d, Relvahoidjad, Eritellimust\u00f6\u00f6d, Allhanked, Eraisikutele tellimust\u00f6\u00f6d.","breadcrumb":{"@id":"https:\/\/avolux.ee\/ru\/galereya\/#breadcrumb"},"inLanguage":"ru-RU","potentialAction":[{"@type":"ReadAction","target":["https:\/\/avolux.ee\/ru\/galereya\/"]}]},{"@type":"BreadcrumbList","@id":"https:\/\/avolux.ee\/ru\/galereya\/#breadcrumb","itemListElement":[{"@type":"ListItem","position":1,"name":"Home","item":"https:\/\/avolux.ee\/ru\/"},{"@type":"ListItem","position":2,"name":"\u0413\u0430\u043b\u0435\u0440\u0435\u044f"}]},{"@type":"WebSite","@id":"https:\/\/avolux.ee\/ru\/#website","url":"https:\/\/avolux.ee\/ru\/","name":"Avolux","description":"Metallm\u00f6\u00f6bel, disainm\u00f6\u00f6bel,  metallkapid","publisher":{"@id":"https:\/\/avolux.ee\/ru\/#organization"},"potentialAction":[{"@type":"SearchAction","target":{"@type":"EntryPoint","urlTemplate":"https:\/\/avolux.ee\/ru\/?s={search_term_string}"},"query-input":{"@type":"PropertyValueSpecification","valueRequired":true,"valueName":"search_term_string"}}],"inLanguage":"ru-RU"},{"@type":"Organization","@id":"https:\/\/avolux.ee\/ru\/#organization","name":"Avolux O\u00dc","url":"https:\/\/avolux.ee\/ru\/","logo":{"@type":"ImageObject","inLanguage":"ru-RU","@id":"https:\/\/avolux.ee\/ru\/#\/schema\/logo\/image\/","url":"http:\/\/avolux.ee\/wp-content\/uploads\/2021\/02\/logo.png","contentUrl":"http:\/\/avolux.ee\/wp-content\/uploads\/2021\/02\/logo.png","width":188,"height":76,"caption":"Avolux O\u00dc"},"image":{"@id":"https:\/\/avolux.ee\/ru\/#\/schema\/logo\/image\/"}}]}},"_links":{"self":[{"href":"https:\/\/avolux.ee\/ru\/wp-json\/wp\/v2\/pages\/26277","targetHints":{"allow":["GET"]}}],"collection":[{"href":"https:\/\/avolux.ee\/ru\/wp-json\/wp\/v2\/pages"}],"about":[{"href":"https:\/\/avolux.ee\/ru\/wp-json\/wp\/v2\/types\/page"}],"author":[{"embeddable":true,"href":"https:\/\/avolux.ee\/ru\/wp-json\/wp\/v2\/users\/1"}],"replies":[{"embeddable":true,"href":"https:\/\/avolux.ee\/ru\/wp-json\/wp\/v2\/comments?post=26277"}],"version-history":[{"count":3,"href":"https:\/\/avolux.ee\/ru\/wp-json\/wp\/v2\/pages\/26277\/revisions"}],"predecessor-version":[{"id":26302,"href":"https:\/\/avolux.ee\/ru\/wp-json\/wp\/v2\/pages\/26277\/revisions\/26302"}],"wp:attachment":[{"href":"https:\/\/avolux.ee\/ru\/wp-json\/wp\/v2\/media?parent=26277"}],"curies":[{"name":"wp","href":"https:\/\/api.w.org\/{rel}","templated":true}]}}