{"id":26249,"date":"2022-06-07T08:13:58","date_gmt":"2022-06-07T08:13:58","guid":{"rendered":"http:\/\/avolux.ee\/%d1%83%d1%81%d0%bb%d1%83%d0%b3%d0%b8\/"},"modified":"2023-09-14T09:42:05","modified_gmt":"2023-09-14T09:42:05","slug":"uslugi","status":"publish","type":"page","link":"https:\/\/avolux.ee\/ru\/uslugi\/","title":{"rendered":"\u0423\u0441\u043b\u0443\u0433\u0438"},"content":{"rendered":"<p>[et_pb_section fb_built=&#187;1&#8243; admin_label=&#187;Coaching&#187; _builder_version=&#187;3.22&#8243; background_color=&#187;#fafafa&#187; custom_padding=&#187;4px||116px|||&#187; global_colors_info=&#187;{}&#187;][et_pb_row _builder_version=&#187;3.25&#8243; custom_margin=&#187;31px|auto||auto||&#187; global_colors_info=&#187;{}&#187;][et_pb_column type=&#187;4_4&#8243; _builder_version=&#187;3.25&#8243; custom_padding=&#187;|||&#187; global_colors_info=&#187;{}&#187; custom_padding__hover=&#187;|||&#187;][et_pb_text _builder_version=&#187;4.14.7&#8243; text_font=&#187;Roboto Condensed||||||||&#187; text_line_height=&#187;2em&#187; header_font=&#187;||||||||&#187; header_3_font=&#187;Roboto Condensed|700|||||||&#187; header_3_font_size=&#187;36px&#187; header_3_line_height=&#187;1.6em&#187; text_orientation=&#187;center&#187; max_width=&#187;600px&#187; module_alignment=&#187;center&#187; custom_padding=&#187;4px|||||&#187; header_3_font_size_tablet=&#187;&#187; header_3_font_size_phone=&#187;20px&#187; header_3_font_size_last_edited=&#187;on|phone&#187; locked=&#187;off&#187; global_colors_info=&#187;{}&#187; text_font_size=&#187;17px&#187;]<\/p>\n<h3>\u0427\u0442\u043e \u043c\u044b \u0434\u0435\u043b\u0430\u0435\u043c?<\/h3>\n<p>\u041c\u044b \u043f\u0440\u043e\u0438\u0437\u0432\u043e\u0434\u0438\u043c \u043c\u0435\u0442\u0430\u043b\u043b\u0438\u0447\u0435\u0441\u043a\u0443\u044e \u043c\u0435\u0431\u0435\u043b\u044c \/ \u0434\u0438\u0437\u0430\u0439\u043d\u0435\u0440\u0441\u043a\u0443\u044e \u043c\u0435\u0431\u0435\u043b\u044c, \u043f\u043e\u043b\u043a\u0438, \u0441\u0442\u043e\u043b\u044b, \u043a\u0440\u043e\u0432\u0430\u0442\u0438, \u043f\u043e\u0434\u0441\u0442\u0430\u0432\u043a\u0438 \u0434\u043b\u044f \u043a\u0430\u043c\u0438\u043d\u0430 \u0438 \u0442.\u0434. \u0434\u0435\u0442\u0430\u043b\u0438 \u0434\u043b\u044f \u0434\u043e\u043c\u0430\u0448\u043d\u0435\u0433\u043e \u0438\u043d\u0442\u0435\u0440\u044c\u0435\u0440\u0430. <span>\u041a\u0440\u043e\u043c\u0435 \u0442\u043e\u0433\u043e, \u043b\u0435\u0441\u0442\u043d\u0438\u0446\u044b, \u0432\u043e\u0440\u043e\u0442\u0430, \u0441\u043d\u0435\u0433\u043e\u043e\u0447\u0438\u0441\u0442\u0438\u0442\u0435\u043b\u0438 \u0434\u043b\u044f \u043a\u0432\u0430\u0434\u0440\u043e\u0446\u0438\u043a\u043b\u043e\u0432. <\/span><\/p>\n<p>[\/et_pb_text][\/et_pb_column][\/et_pb_row][et_pb_row column_structure=&#187;1_3,1_3,1_3&#8243; _builder_version=&#187;3.25&#8243; custom_margin=&#187;13px|auto||auto||&#187; locked=&#187;off&#187; global_colors_info=&#187;{}&#187;][et_pb_column type=&#187;1_3&#8243; _builder_version=&#187;3.25&#8243; custom_padding=&#187;|||&#187; global_colors_info=&#187;{}&#187; custom_padding__hover=&#187;|||&#187;][et_pb_blurb title=&#187;\u041c\u0435\u0442\u0430\u043b\u043b\u043e\u043a\u043e\u043d\u0441\u0442\u0440\u0443\u043a\u0446\u0438\u0438&#187; image=&#187;http:\/\/avolux.ee\/wp-content\/uploads\/2021\/02\/keevitamine.png&#187; image_icon_width=&#187;80px&#187; image_icon_width_tablet=&#187;60px&#187; image_icon_width_phone=&#187;60px&#187; image_icon_width_last_edited=&#187;on|tablet&#187; _builder_version=&#187;4.14.7&#8243; header_font=&#187;Roboto Condensed|700|||||||&#187; header_line_height=&#187;1.8em&#187; body_line_height=&#187;2em&#187; background_color=&#187;#ffffff&#187; text_orientation=&#187;center&#187; custom_padding=&#187;30px|30px|30px|30px|true|true&#187; animation_style=&#187;zoom&#187; animation_intensity_zoom=&#187;10%&#187; border_radii=&#187;on|10px|10px|10px|10px&#187; border_radii_image=&#187;on|100px|100px|100px|100px&#187; box_shadow_style=&#187;preset1&#8243; box_shadow_vertical=&#187;10px&#187; box_shadow_blur=&#187;60px&#187; box_shadow_color=&#187;rgba(1,33,92,0.1)&#187; box_shadow_style_image=&#187;preset1&#8243; box_shadow_vertical_image=&#187;10px&#187; box_shadow_blur_image=&#187;40px&#187; box_shadow_spread_image=&#187;-10px&#187; box_shadow_color_image=&#187;#15c39a&#187; image_max_width=&#187;80px&#187; image_max_width_tablet=&#187;60px&#187; image_max_width_phone=&#187;&#187; image_max_width_last_edited=&#187;on|tablet&#187; global_colors_info=&#187;{}&#187; body_font=&#187;Roboto Condensed||||||||&#187; body_font_size=&#187;15px&#187; header_font_size=&#187;20px&#187;]<\/p>\n<p>\u041c\u0435\u0442\u0430\u043b\u043b\u0438\u0447\u0435\u0441\u043a\u0430\u044f \u043c\u0435\u0431\u0435\u043b\u044c, \u043b\u0435\u0441\u0442\u043d\u0438\u0446\u044b, \u043f\u0435\u0440\u0438\u043b\u0430, \u0432\u043e\u0440\u043e\u0442\u0430, \u0430\u043a\u0441\u0435\u0441\u0441\u0443\u0430\u0440\u044b \u0434\u043b\u044f \u043a\u0432\u0430\u0434\u0440\u043e\u0446\u0438\u043a\u043b\u043e\u0432 (\u0441\u043d\u0435\u0433\u043e\u043e\u0447\u0438\u0441\u0442\u0438\u0442\u0435\u043b\u0438) \u043f\u043e \u0441\u043f\u0435\u0446\u0438\u0430\u043b\u044c\u043d\u043e\u043c\u0443 \u0437\u0430\u043a\u0430\u0437\u0443.<br \/>\u0421\u0432\u0430\u0440\u043a\u0430 \u0438 \u043e\u0431\u0440\u0430\u0431\u043e\u0442\u043a\u0430 \u0430\u043b\u044e\u043c\u0438\u043d\u0438\u044f \u0438 \u043d\u0435\u0440\u0436\u0430\u0432\u0435\u044e\u0449\u0435\u0433\u043e \u043c\u0435\u0442\u0430\u043b\u043b\u0430.<\/p>\n<p>[\/et_pb_blurb][\/et_pb_column][et_pb_column type=&#187;1_3&#8243; _builder_version=&#187;3.25&#8243; custom_padding=&#187;40px|||&#187; custom_padding_tablet=&#187;0px|||&#187; custom_padding_last_edited=&#187;off|desktop&#187; global_colors_info=&#187;{}&#187; custom_padding__hover=&#187;|||&#187;][et_pb_blurb title=&#187;\u041f\u043e\u0440\u043e\u0448\u043a\u043e\u0432\u043e\u0435 \u043f\u043e\u043a\u0440\u044b\u0442\u0438\u0435&#187; image=&#187;http:\/\/avolux.ee\/wp-content\/uploads\/2021\/02\/va\u0308rvimine-1.png&#187; image_icon_width=&#187;80px&#187; image_icon_width_tablet=&#187;60px&#187; image_icon_width_phone=&#187;60px&#187; image_icon_width_last_edited=&#187;on|tablet&#187; _builder_version=&#187;4.14.7&#8243; header_font=&#187;Roboto Condensed|700|||||||&#187; header_line_height=&#187;1.8em&#187; body_line_height=&#187;2em&#187; background_color=&#187;#ffffff&#187; text_orientation=&#187;center&#187; custom_padding=&#187;30px|30px|30px|30px|true|true&#187; animation_style=&#187;zoom&#187; animation_intensity_zoom=&#187;10%&#187; border_radii=&#187;on|10px|10px|10px|10px&#187; border_radii_image=&#187;on|100px|100px|100px|100px&#187; box_shadow_style=&#187;preset1&#8243; box_shadow_vertical=&#187;10px&#187; box_shadow_blur=&#187;60px&#187; box_shadow_color=&#187;rgba(1,33,92,0.1)&#187; box_shadow_style_image=&#187;preset1&#8243; box_shadow_vertical_image=&#187;10px&#187; box_shadow_blur_image=&#187;40px&#187; box_shadow_spread_image=&#187;-10px&#187; box_shadow_color_image=&#187;#437a88&#8243; image_max_width=&#187;80px&#187; image_max_width_tablet=&#187;60px&#187; image_max_width_phone=&#187;&#187; image_max_width_last_edited=&#187;on|tablet&#187; global_colors_info=&#187;{}&#187; header_font_size=&#187;20px&#187; body_font=&#187;Roboto Condensed||||||||&#187; body_font_size=&#187;15px&#187;]<\/p>\n<p><span>\u041c\u0435\u0442\u0430\u043b\u043b \u043e\u043a\u0440\u0430\u0448\u0435\u043d \u043f\u043e\u0440\u043e\u0448\u043a\u043e\u0432\u043e\u0439 \u043a\u0440\u0430\u0441\u043a\u043e\u0439, \u0433\u0430\u043b\u044c\u0432\u0430\u043d\u0438\u0447\u0435\u0441\u043a\u0438\u043c \u043f\u043e\u043a\u0440\u044b\u0442\u0438\u0435\u043c \u0438\u043b\u0438 \u043f\u043e \u0436\u0435\u043b\u0430\u043d\u0438\u044e \u0437\u0430\u043a\u0430\u0437\u0447\u0438\u043a\u0430.<\/span><\/p>\n<p>[\/et_pb_blurb][\/et_pb_column][et_pb_column type=&#187;1_3&#8243; _builder_version=&#187;3.25&#8243; custom_padding=&#187;|||&#187; global_colors_info=&#187;{}&#187; custom_padding__hover=&#187;|||&#187;][et_pb_blurb title=&#187;\u0414\u0438\u0437\u0430\u0439\u043d\u0435\u0440\u0441\u043a\u0430\u044f \u043c\u0435\u0431\u0435\u043b\u044c&#187; image=&#187;http:\/\/avolux.ee\/wp-content\/uploads\/2021\/02\/disainmo\u0308o\u0308bel-1.png&#187; image_icon_width=&#187;80px&#187; image_icon_width_tablet=&#187;60px&#187; image_icon_width_phone=&#187;60px&#187; image_icon_width_last_edited=&#187;on|tablet&#187; _builder_version=&#187;4.14.7&#8243; header_font=&#187;Roboto Condensed|700|||||||&#187; header_line_height=&#187;1.8em&#187; body_line_height=&#187;2em&#187; background_color=&#187;#ffffff&#187; text_orientation=&#187;center&#187; custom_padding=&#187;30px|30px|30px|30px|true|true&#187; animation_style=&#187;zoom&#187; animation_intensity_zoom=&#187;10%&#187; hover_enabled=&#187;0&#8243; border_radii=&#187;on|10px|10px|10px|10px&#187; border_radii_image=&#187;on|100px|100px|100px|100px&#187; box_shadow_style=&#187;preset1&#8243; box_shadow_vertical=&#187;10px&#187; box_shadow_blur=&#187;60px&#187; box_shadow_color=&#187;rgba(1,33,92,0.1)&#187; box_shadow_style_image=&#187;preset1&#8243; box_shadow_vertical_image=&#187;10px&#187; box_shadow_blur_image=&#187;40px&#187; box_shadow_spread_image=&#187;-10px&#187; box_shadow_color_image=&#187;#ffc47c&#187; image_max_width=&#187;80px&#187; image_max_width_tablet=&#187;60px&#187; image_max_width_phone=&#187;&#187; image_max_width_last_edited=&#187;on|tablet&#187; global_colors_info=&#187;{}&#187; header_font_size=&#187;20px&#187; body_font=&#187;Roboto Condensed||||||||&#187; body_font_size=&#187;15px&#187; sticky_enabled=&#187;0&#8243;]<\/p>\n<p>\u041c\u044b \u0438\u0437\u0433\u043e\u0442\u0430\u0432\u043b\u0438\u0432\u0430\u0435\u043c \u0438\u0437\u0434\u0435\u043b\u0438\u044f \u0438\u0437 \u043c\u0435\u0442\u0430\u043b\u043b\u0430 \u0438 \u043f\u0440\u043e\u0435\u043a\u0442\u0438\u0440\u0443\u0435\u043c \u043c\u0435\u0431\u0435\u043b\u044c \u043d\u0430 \u0437\u0430\u043a\u0430\u0437: \u043f\u043e\u043b\u043a\u0438, \u0441\u0442\u043e\u043b\u044b, \u0448\u043a\u0430\u0444\u044b, \u043a\u0440\u043e\u0432\u0430\u0442\u0438, \u043f\u043e\u0434\u0441\u0442\u0430\u0432\u043a\u0438 \u0434\u043b\u044f \u043a\u0430\u043c\u0438\u043d\u0430 \u0438 \u0434\u0440\u0443\u0433\u0438\u0435 \u0434\u0435\u0442\u0430\u043b\u0438 \u0434\u043b\u044f \u043e\u0431\u0443\u0441\u0442\u0440\u043e\u0439\u0441\u0442\u0432\u0430 \u0434\u043e\u043c\u0430.<\/p>\n<p>[\/et_pb_blurb][\/et_pb_column][\/et_pb_row][\/et_pb_section]<\/p>\n","protected":false},"excerpt":{"rendered":"<p>\u0427\u0442\u043e \u043c\u044b \u0434\u0435\u043b\u0430\u0435\u043c? \u041c\u044b \u043f\u0440\u043e\u0438\u0437\u0432\u043e\u0434\u0438\u043c \u043c\u0435\u0442\u0430\u043b\u043b\u0438\u0447\u0435\u0441\u043a\u0443\u044e \u043c\u0435\u0431\u0435\u043b\u044c \/ \u0434\u0438\u0437\u0430\u0439\u043d\u0435\u0440\u0441\u043a\u0443\u044e \u043c\u0435\u0431\u0435\u043b\u044c, \u043f\u043e\u043b\u043a\u0438, \u0441\u0442\u043e\u043b\u044b, \u043a\u0440\u043e\u0432\u0430\u0442\u0438, \u043f\u043e\u0434\u0441\u0442\u0430\u0432\u043a\u0438 \u0434\u043b\u044f \u043a\u0430\u043c\u0438\u043d\u0430 \u0438 \u0442.\u0434. \u0434\u0435\u0442\u0430\u043b\u0438 \u0434\u043b\u044f \u0434\u043e\u043c\u0430\u0448\u043d\u0435\u0433\u043e \u0438\u043d\u0442\u0435\u0440\u044c\u0435\u0440\u0430. \u041a\u0440\u043e\u043c\u0435 \u0442\u043e\u0433\u043e, \u043b\u0435\u0441\u0442\u043d\u0438\u0446\u044b, \u0432\u043e\u0440\u043e\u0442\u0430, \u0441\u043d\u0435\u0433\u043e\u043e\u0447\u0438\u0441\u0442\u0438\u0442\u0435\u043b\u0438 \u0434\u043b\u044f \u043a\u0432\u0430\u0434\u0440\u043e\u0446\u0438\u043a\u043b\u043e\u0432. \u041c\u0435\u0442\u0430\u043b\u043b\u0438\u0447\u0435\u0441\u043a\u0430\u044f \u043c\u0435\u0431\u0435\u043b\u044c, \u043b\u0435\u0441\u0442\u043d\u0438\u0446\u044b, \u043f\u0435\u0440\u0438\u043b\u0430, \u0432\u043e\u0440\u043e\u0442\u0430, \u0430\u043a\u0441\u0435\u0441\u0441\u0443\u0430\u0440\u044b \u0434\u043b\u044f \u043a\u0432\u0430\u0434\u0440\u043e\u0446\u0438\u043a\u043b\u043e\u0432 (\u0441\u043d\u0435\u0433\u043e\u043e\u0447\u0438\u0441\u0442\u0438\u0442\u0435\u043b\u0438) \u043f\u043e \u0441\u043f\u0435\u0446\u0438\u0430\u043b\u044c\u043d\u043e\u043c\u0443 \u0437\u0430\u043a\u0430\u0437\u0443.\u0421\u0432\u0430\u0440\u043a\u0430 \u0438 \u043e\u0431\u0440\u0430\u0431\u043e\u0442\u043a\u0430 \u0430\u043b\u044e\u043c\u0438\u043d\u0438\u044f \u0438 \u043d\u0435\u0440\u0436\u0430\u0432\u0435\u044e\u0449\u0435\u0433\u043e \u043c\u0435\u0442\u0430\u043b\u043b\u0430.\u041c\u0435\u0442\u0430\u043b\u043b \u043e\u043a\u0440\u0430\u0448\u0435\u043d \u043f\u043e\u0440\u043e\u0448\u043a\u043e\u0432\u043e\u0439 \u043a\u0440\u0430\u0441\u043a\u043e\u0439, \u0433\u0430\u043b\u044c\u0432\u0430\u043d\u0438\u0447\u0435\u0441\u043a\u0438\u043c \u043f\u043e\u043a\u0440\u044b\u0442\u0438\u0435\u043c \u0438\u043b\u0438 \u043f\u043e \u0436\u0435\u043b\u0430\u043d\u0438\u044e [&hellip;]<\/p>\n","protected":false},"author":1,"featured_media":0,"parent":0,"menu_order":0,"comment_status":"closed","ping_status":"closed","template":"","meta":{"_et_pb_use_builder":"on","_et_pb_old_content":"","_et_gb_content_width":"","footnotes":""},"class_list":["post-26249","page","type-page","status-publish","hentry"],"yoast_head":"<!-- This site is optimized with the Yoast SEO plugin v24.1 - https:\/\/yoast.com\/wordpress\/plugins\/seo\/ -->\n<title>Avolux -<\/title>\n<meta name=\"description\" content=\"\u041b\u0435\u0441\u0442\u043d\u0438\u0446\u044b: \u043c\u0435\u0442\u0430\u043b\u043b\u0438\u0447\u0435\u0441\u043a\u0438\u0435 \u043b\u0435\u0441\u0442\u043d\u0438\u0446\u044b, \u0434\u0435\u0440\u0435\u0432\u043e\u043c\u0435\u0442\u0430\u043b\u043b\u0438\u0447\u0435\u0441\u043a\u0438\u0435 \u043b\u0435\u0441\u0442\u043d\u0438\u0446\u044b, \u043b\u0435\u0441\u0442\u043d\u0438\u0447\u043d\u044b\u0435 \u043f\u043b\u043e\u0449\u0430\u0434\u043a\u0438, \u043f\u043e\u0440\u0443\u0447\u043d\u0438 \u0438 \u043f\u0435\u0440\u0438\u043b\u0430. \u0412\u044b\u043f\u043e\u043b\u043d\u044f\u0435\u043c \u0437\u0430\u043c\u0435\u0440\u044b \u0438 \u0443\u0441\u0442\u0430\u043d\u0430\u0432\u043b\u0438\u0432\u0430\u0435\u043c \u0441\u0431\u043e\u0440\u043d\u044b\u0435 \u043a\u043e\u043d\u0441\u0442\u0440\u0443\u043a\u0446\u0438\u0438. \u0412\u0441\u0435 \u043b\u0435\u0441\u0442\u043d\u0438\u0446\u044b \u0438\u0437\u0433\u043e\u0442\u0430\u0432\u043b\u0438\u0432\u0430\u044e\u0442\u0441\u044f \u043d\u0430 \u0437\u0430\u043a\u0430\u0437!\" \/>\n<meta name=\"robots\" content=\"index, follow, max-snippet:-1, max-image-preview:large, max-video-preview:-1\" \/>\n<link rel=\"canonical\" href=\"https:\/\/avolux.ee\/ru\/uslugi\/\" \/>\n<meta property=\"og:locale\" content=\"ru_RU\" \/>\n<meta property=\"og:type\" content=\"article\" \/>\n<meta property=\"og:title\" content=\"Avolux -\" \/>\n<meta property=\"og:description\" content=\"\u041b\u0435\u0441\u0442\u043d\u0438\u0446\u044b: \u043c\u0435\u0442\u0430\u043b\u043b\u0438\u0447\u0435\u0441\u043a\u0438\u0435 \u043b\u0435\u0441\u0442\u043d\u0438\u0446\u044b, \u0434\u0435\u0440\u0435\u0432\u043e\u043c\u0435\u0442\u0430\u043b\u043b\u0438\u0447\u0435\u0441\u043a\u0438\u0435 \u043b\u0435\u0441\u0442\u043d\u0438\u0446\u044b, \u043b\u0435\u0441\u0442\u043d\u0438\u0447\u043d\u044b\u0435 \u043f\u043b\u043e\u0449\u0430\u0434\u043a\u0438, \u043f\u043e\u0440\u0443\u0447\u043d\u0438 \u0438 \u043f\u0435\u0440\u0438\u043b\u0430. \u0412\u044b\u043f\u043e\u043b\u043d\u044f\u0435\u043c \u0437\u0430\u043c\u0435\u0440\u044b \u0438 \u0443\u0441\u0442\u0430\u043d\u0430\u0432\u043b\u0438\u0432\u0430\u0435\u043c \u0441\u0431\u043e\u0440\u043d\u044b\u0435 \u043a\u043e\u043d\u0441\u0442\u0440\u0443\u043a\u0446\u0438\u0438. \u0412\u0441\u0435 \u043b\u0435\u0441\u0442\u043d\u0438\u0446\u044b \u0438\u0437\u0433\u043e\u0442\u0430\u0432\u043b\u0438\u0432\u0430\u044e\u0442\u0441\u044f \u043d\u0430 \u0437\u0430\u043a\u0430\u0437!\" \/>\n<meta property=\"og:url\" content=\"https:\/\/avolux.ee\/ru\/uslugi\/\" \/>\n<meta property=\"og:site_name\" content=\"Avolux\" \/>\n<meta property=\"article:modified_time\" content=\"2023-09-14T09:42:05+00:00\" \/>\n<meta name=\"twitter:card\" content=\"summary_large_image\" \/>\n<meta name=\"twitter:label1\" content=\"\u041f\u0440\u0438\u043c\u0435\u0440\u043d\u043e\u0435 \u0432\u0440\u0435\u043c\u044f \u0434\u043b\u044f \u0447\u0442\u0435\u043d\u0438\u044f\" \/>\n\t<meta name=\"twitter:data1\" content=\"4 \u043c\u0438\u043d\u0443\u0442\u044b\" \/>\n<script type=\"application\/ld+json\" class=\"yoast-schema-graph\">{\"@context\":\"https:\/\/schema.org\",\"@graph\":[{\"@type\":\"WebPage\",\"@id\":\"https:\/\/avolux.ee\/ru\/uslugi\/\",\"url\":\"https:\/\/avolux.ee\/ru\/uslugi\/\",\"name\":\"Avolux -\",\"isPartOf\":{\"@id\":\"https:\/\/avolux.ee\/ru\/#website\"},\"datePublished\":\"2022-06-07T08:13:58+00:00\",\"dateModified\":\"2023-09-14T09:42:05+00:00\",\"description\":\"\u041b\u0435\u0441\u0442\u043d\u0438\u0446\u044b: \u043c\u0435\u0442\u0430\u043b\u043b\u0438\u0447\u0435\u0441\u043a\u0438\u0435 \u043b\u0435\u0441\u0442\u043d\u0438\u0446\u044b, \u0434\u0435\u0440\u0435\u0432\u043e\u043c\u0435\u0442\u0430\u043b\u043b\u0438\u0447\u0435\u0441\u043a\u0438\u0435 \u043b\u0435\u0441\u0442\u043d\u0438\u0446\u044b, \u043b\u0435\u0441\u0442\u043d\u0438\u0447\u043d\u044b\u0435 \u043f\u043b\u043e\u0449\u0430\u0434\u043a\u0438, \u043f\u043e\u0440\u0443\u0447\u043d\u0438 \u0438 \u043f\u0435\u0440\u0438\u043b\u0430. \u0412\u044b\u043f\u043e\u043b\u043d\u044f\u0435\u043c \u0437\u0430\u043c\u0435\u0440\u044b \u0438 \u0443\u0441\u0442\u0430\u043d\u0430\u0432\u043b\u0438\u0432\u0430\u0435\u043c \u0441\u0431\u043e\u0440\u043d\u044b\u0435 \u043a\u043e\u043d\u0441\u0442\u0440\u0443\u043a\u0446\u0438\u0438. \u0412\u0441\u0435 \u043b\u0435\u0441\u0442\u043d\u0438\u0446\u044b \u0438\u0437\u0433\u043e\u0442\u0430\u0432\u043b\u0438\u0432\u0430\u044e\u0442\u0441\u044f \u043d\u0430 \u0437\u0430\u043a\u0430\u0437!\",\"breadcrumb\":{\"@id\":\"https:\/\/avolux.ee\/ru\/uslugi\/#breadcrumb\"},\"inLanguage\":\"ru-RU\",\"potentialAction\":[{\"@type\":\"ReadAction\",\"target\":[\"https:\/\/avolux.ee\/ru\/uslugi\/\"]}]},{\"@type\":\"BreadcrumbList\",\"@id\":\"https:\/\/avolux.ee\/ru\/uslugi\/#breadcrumb\",\"itemListElement\":[{\"@type\":\"ListItem\",\"position\":1,\"name\":\"Home\",\"item\":\"https:\/\/avolux.ee\/ru\/\"},{\"@type\":\"ListItem\",\"position\":2,\"name\":\"\u0423\u0441\u043b\u0443\u0433\u0438\"}]},{\"@type\":\"WebSite\",\"@id\":\"https:\/\/avolux.ee\/ru\/#website\",\"url\":\"https:\/\/avolux.ee\/ru\/\",\"name\":\"Avolux\",\"description\":\"Metallm\u00f6\u00f6bel, disainm\u00f6\u00f6bel,  metallkapid\",\"publisher\":{\"@id\":\"https:\/\/avolux.ee\/ru\/#organization\"},\"potentialAction\":[{\"@type\":\"SearchAction\",\"target\":{\"@type\":\"EntryPoint\",\"urlTemplate\":\"https:\/\/avolux.ee\/ru\/?s={search_term_string}\"},\"query-input\":{\"@type\":\"PropertyValueSpecification\",\"valueRequired\":true,\"valueName\":\"search_term_string\"}}],\"inLanguage\":\"ru-RU\"},{\"@type\":\"Organization\",\"@id\":\"https:\/\/avolux.ee\/ru\/#organization\",\"name\":\"Avolux O\u00dc\",\"url\":\"https:\/\/avolux.ee\/ru\/\",\"logo\":{\"@type\":\"ImageObject\",\"inLanguage\":\"ru-RU\",\"@id\":\"https:\/\/avolux.ee\/ru\/#\/schema\/logo\/image\/\",\"url\":\"http:\/\/avolux.ee\/wp-content\/uploads\/2021\/02\/logo.png\",\"contentUrl\":\"http:\/\/avolux.ee\/wp-content\/uploads\/2021\/02\/logo.png\",\"width\":188,\"height\":76,\"caption\":\"Avolux O\u00dc\"},\"image\":{\"@id\":\"https:\/\/avolux.ee\/ru\/#\/schema\/logo\/image\/\"}}]}<\/script>\n<!-- \/ Yoast SEO plugin. -->","yoast_head_json":{"title":"Avolux -","description":"\u041b\u0435\u0441\u0442\u043d\u0438\u0446\u044b: \u043c\u0435\u0442\u0430\u043b\u043b\u0438\u0447\u0435\u0441\u043a\u0438\u0435 \u043b\u0435\u0441\u0442\u043d\u0438\u0446\u044b, \u0434\u0435\u0440\u0435\u0432\u043e\u043c\u0435\u0442\u0430\u043b\u043b\u0438\u0447\u0435\u0441\u043a\u0438\u0435 \u043b\u0435\u0441\u0442\u043d\u0438\u0446\u044b, \u043b\u0435\u0441\u0442\u043d\u0438\u0447\u043d\u044b\u0435 \u043f\u043b\u043e\u0449\u0430\u0434\u043a\u0438, \u043f\u043e\u0440\u0443\u0447\u043d\u0438 \u0438 \u043f\u0435\u0440\u0438\u043b\u0430. \u0412\u044b\u043f\u043e\u043b\u043d\u044f\u0435\u043c \u0437\u0430\u043c\u0435\u0440\u044b \u0438 \u0443\u0441\u0442\u0430\u043d\u0430\u0432\u043b\u0438\u0432\u0430\u0435\u043c \u0441\u0431\u043e\u0440\u043d\u044b\u0435 \u043a\u043e\u043d\u0441\u0442\u0440\u0443\u043a\u0446\u0438\u0438. \u0412\u0441\u0435 \u043b\u0435\u0441\u0442\u043d\u0438\u0446\u044b \u0438\u0437\u0433\u043e\u0442\u0430\u0432\u043b\u0438\u0432\u0430\u044e\u0442\u0441\u044f \u043d\u0430 \u0437\u0430\u043a\u0430\u0437!","robots":{"index":"index","follow":"follow","max-snippet":"max-snippet:-1","max-image-preview":"max-image-preview:large","max-video-preview":"max-video-preview:-1"},"canonical":"https:\/\/avolux.ee\/ru\/uslugi\/","og_locale":"ru_RU","og_type":"article","og_title":"Avolux -","og_description":"\u041b\u0435\u0441\u0442\u043d\u0438\u0446\u044b: \u043c\u0435\u0442\u0430\u043b\u043b\u0438\u0447\u0435\u0441\u043a\u0438\u0435 \u043b\u0435\u0441\u0442\u043d\u0438\u0446\u044b, \u0434\u0435\u0440\u0435\u0432\u043e\u043c\u0435\u0442\u0430\u043b\u043b\u0438\u0447\u0435\u0441\u043a\u0438\u0435 \u043b\u0435\u0441\u0442\u043d\u0438\u0446\u044b, \u043b\u0435\u0441\u0442\u043d\u0438\u0447\u043d\u044b\u0435 \u043f\u043b\u043e\u0449\u0430\u0434\u043a\u0438, \u043f\u043e\u0440\u0443\u0447\u043d\u0438 \u0438 \u043f\u0435\u0440\u0438\u043b\u0430. \u0412\u044b\u043f\u043e\u043b\u043d\u044f\u0435\u043c \u0437\u0430\u043c\u0435\u0440\u044b \u0438 \u0443\u0441\u0442\u0430\u043d\u0430\u0432\u043b\u0438\u0432\u0430\u0435\u043c \u0441\u0431\u043e\u0440\u043d\u044b\u0435 \u043a\u043e\u043d\u0441\u0442\u0440\u0443\u043a\u0446\u0438\u0438. \u0412\u0441\u0435 \u043b\u0435\u0441\u0442\u043d\u0438\u0446\u044b \u0438\u0437\u0433\u043e\u0442\u0430\u0432\u043b\u0438\u0432\u0430\u044e\u0442\u0441\u044f \u043d\u0430 \u0437\u0430\u043a\u0430\u0437!","og_url":"https:\/\/avolux.ee\/ru\/uslugi\/","og_site_name":"Avolux","article_modified_time":"2023-09-14T09:42:05+00:00","twitter_card":"summary_large_image","twitter_misc":{"\u041f\u0440\u0438\u043c\u0435\u0440\u043d\u043e\u0435 \u0432\u0440\u0435\u043c\u044f \u0434\u043b\u044f \u0447\u0442\u0435\u043d\u0438\u044f":"4 \u043c\u0438\u043d\u0443\u0442\u044b"},"schema":{"@context":"https:\/\/schema.org","@graph":[{"@type":"WebPage","@id":"https:\/\/avolux.ee\/ru\/uslugi\/","url":"https:\/\/avolux.ee\/ru\/uslugi\/","name":"Avolux -","isPartOf":{"@id":"https:\/\/avolux.ee\/ru\/#website"},"datePublished":"2022-06-07T08:13:58+00:00","dateModified":"2023-09-14T09:42:05+00:00","description":"\u041b\u0435\u0441\u0442\u043d\u0438\u0446\u044b: \u043c\u0435\u0442\u0430\u043b\u043b\u0438\u0447\u0435\u0441\u043a\u0438\u0435 \u043b\u0435\u0441\u0442\u043d\u0438\u0446\u044b, \u0434\u0435\u0440\u0435\u0432\u043e\u043c\u0435\u0442\u0430\u043b\u043b\u0438\u0447\u0435\u0441\u043a\u0438\u0435 \u043b\u0435\u0441\u0442\u043d\u0438\u0446\u044b, \u043b\u0435\u0441\u0442\u043d\u0438\u0447\u043d\u044b\u0435 \u043f\u043b\u043e\u0449\u0430\u0434\u043a\u0438, \u043f\u043e\u0440\u0443\u0447\u043d\u0438 \u0438 \u043f\u0435\u0440\u0438\u043b\u0430. \u0412\u044b\u043f\u043e\u043b\u043d\u044f\u0435\u043c \u0437\u0430\u043c\u0435\u0440\u044b \u0438 \u0443\u0441\u0442\u0430\u043d\u0430\u0432\u043b\u0438\u0432\u0430\u0435\u043c \u0441\u0431\u043e\u0440\u043d\u044b\u0435 \u043a\u043e\u043d\u0441\u0442\u0440\u0443\u043a\u0446\u0438\u0438. \u0412\u0441\u0435 \u043b\u0435\u0441\u0442\u043d\u0438\u0446\u044b \u0438\u0437\u0433\u043e\u0442\u0430\u0432\u043b\u0438\u0432\u0430\u044e\u0442\u0441\u044f \u043d\u0430 \u0437\u0430\u043a\u0430\u0437!","breadcrumb":{"@id":"https:\/\/avolux.ee\/ru\/uslugi\/#breadcrumb"},"inLanguage":"ru-RU","potentialAction":[{"@type":"ReadAction","target":["https:\/\/avolux.ee\/ru\/uslugi\/"]}]},{"@type":"BreadcrumbList","@id":"https:\/\/avolux.ee\/ru\/uslugi\/#breadcrumb","itemListElement":[{"@type":"ListItem","position":1,"name":"Home","item":"https:\/\/avolux.ee\/ru\/"},{"@type":"ListItem","position":2,"name":"\u0423\u0441\u043b\u0443\u0433\u0438"}]},{"@type":"WebSite","@id":"https:\/\/avolux.ee\/ru\/#website","url":"https:\/\/avolux.ee\/ru\/","name":"Avolux","description":"Metallm\u00f6\u00f6bel, disainm\u00f6\u00f6bel,  metallkapid","publisher":{"@id":"https:\/\/avolux.ee\/ru\/#organization"},"potentialAction":[{"@type":"SearchAction","target":{"@type":"EntryPoint","urlTemplate":"https:\/\/avolux.ee\/ru\/?s={search_term_string}"},"query-input":{"@type":"PropertyValueSpecification","valueRequired":true,"valueName":"search_term_string"}}],"inLanguage":"ru-RU"},{"@type":"Organization","@id":"https:\/\/avolux.ee\/ru\/#organization","name":"Avolux O\u00dc","url":"https:\/\/avolux.ee\/ru\/","logo":{"@type":"ImageObject","inLanguage":"ru-RU","@id":"https:\/\/avolux.ee\/ru\/#\/schema\/logo\/image\/","url":"http:\/\/avolux.ee\/wp-content\/uploads\/2021\/02\/logo.png","contentUrl":"http:\/\/avolux.ee\/wp-content\/uploads\/2021\/02\/logo.png","width":188,"height":76,"caption":"Avolux O\u00dc"},"image":{"@id":"https:\/\/avolux.ee\/ru\/#\/schema\/logo\/image\/"}}]}},"_links":{"self":[{"href":"https:\/\/avolux.ee\/ru\/wp-json\/wp\/v2\/pages\/26249","targetHints":{"allow":["GET"]}}],"collection":[{"href":"https:\/\/avolux.ee\/ru\/wp-json\/wp\/v2\/pages"}],"about":[{"href":"https:\/\/avolux.ee\/ru\/wp-json\/wp\/v2\/types\/page"}],"author":[{"embeddable":true,"href":"https:\/\/avolux.ee\/ru\/wp-json\/wp\/v2\/users\/1"}],"replies":[{"embeddable":true,"href":"https:\/\/avolux.ee\/ru\/wp-json\/wp\/v2\/comments?post=26249"}],"version-history":[{"count":2,"href":"https:\/\/avolux.ee\/ru\/wp-json\/wp\/v2\/pages\/26249\/revisions"}],"predecessor-version":[{"id":26256,"href":"https:\/\/avolux.ee\/ru\/wp-json\/wp\/v2\/pages\/26249\/revisions\/26256"}],"wp:attachment":[{"href":"https:\/\/avolux.ee\/ru\/wp-json\/wp\/v2\/media?parent=26249"}],"curies":[{"name":"wp","href":"https:\/\/api.w.org\/{rel}","templated":true}]}}