{"id":26247,"date":"2022-06-07T08:13:58","date_gmt":"2022-06-07T08:13:58","guid":{"rendered":"http:\/\/avolux.ee\/%d0%bc%d0%b0%d1%88%d0%b8%d0%bd%d0%bd%d1%8b%d0%b9-%d0%bf%d0%b0%d1%80%d0%ba\/"},"modified":"2025-12-15T10:14:42","modified_gmt":"2025-12-15T10:14:42","slug":"mashinnyj-park","status":"publish","type":"page","link":"https:\/\/avolux.ee\/ru\/mashinnyj-park\/","title":{"rendered":"\u041c\u0430\u0448\u0438\u043d\u043d\u044b\u0439 \u043f\u0430\u0440\u043a"},"content":{"rendered":"<p>[et_pb_section fb_built=&#187;1&#8243; admin_label=&#187;Hero&#187; _builder_version=&#187;4.16&#8243; background_image=&#187;https:\/\/avolux.ee\/wp-content\/uploads\/2021\/02\/circle-background-pattern.png&#187; custom_margin=&#187;-57px|||||&#187; custom_padding=&#187;55px||0px|||&#187; animation_style=&#187;zoom&#187; animation_intensity_zoom=&#187;4%&#187; global_colors_info=&#187;{}&#187;][et_pb_row _builder_version=&#187;4.16&#8243; background_size=&#187;initial&#187; background_position=&#187;top_left&#187; background_repeat=&#187;repeat&#187; custom_padding=&#187;|||&#187; animation_style=&#187;slide&#187; animation_direction=&#187;top&#187; animation_intensity_slide=&#187;3%&#187; global_colors_info=&#187;{}&#187;][et_pb_column type=&#187;4_4&#8243; _builder_version=&#187;4.16&#8243; custom_padding=&#187;|||&#187; global_colors_info=&#187;{}&#187; custom_padding__hover=&#187;|||&#187;][et_pb_text _builder_version=&#187;4.16&#8243; text_font=&#187;||||||||&#187; header_font=&#187;Montserrat|700||on|||||dotted&#187; header_text_color=&#187;#353740&#8243; header_font_size=&#187;60px&#187; header_line_height=&#187;1.3em&#187; background_size=&#187;initial&#187; background_position=&#187;top_left&#187; background_repeat=&#187;repeat&#187; custom_margin=&#187;|||&#187; animation_style=&#187;fade&#187; header_font_size_last_edited=&#187;off|desktop&#187; locked=&#187;off&#187; global_colors_info=&#187;{}&#187;]<\/p>\n<h1>\u041c\u0430\u0448\u0438\u043d\u043d\u044b\u0439 \u043f\u0430\u0440\u043a<\/h1>\n<p>[\/et_pb_text][\/et_pb_column][\/et_pb_row][\/et_pb_section][et_pb_section fb_built=&#187;1&#8243; _builder_version=&#187;4.16&#8243; _module_preset=&#187;default&#187; custom_padding=&#187;30px||138px|||&#187; global_colors_info=&#187;{}&#187;][et_pb_row use_custom_gutter=&#187;on&#187; gutter_width=&#187;2&#8243; make_equal=&#187;on&#187; _builder_version=&#187;4.16&#8243; _module_preset=&#187;default&#187; min_height=&#187;787.5px&#187; custom_margin=&#187;-3px|auto||auto||&#187; custom_padding=&#187;||0px|||&#187; global_colors_info=&#187;{}&#187;][et_pb_column type=&#187;4_4&#8243; _builder_version=&#187;4.16&#8243; _module_preset=&#187;default&#187; global_colors_info=&#187;{}&#187;][et_pb_gallery gallery_ids=&#187;26698,26859,25987,25977,24968,24976,25032,25016,24963,26010,25713,25048,25967,25996,25943&#8243; posts_number=&#187;16&#8243; hover_overlay_color=&#187;rgba(0,0,0,0.3)&#187; _builder_version=&#187;4.25.2&#8243; _module_preset=&#187;default&#187; custom_margin=&#187;||||false|false&#187; hover_enabled=&#187;0&#8243; title_font_size_tablet=&#187;9px&#187; title_font_size_phone=&#187;&#187; title_font_size_last_edited=&#187;on|phone&#187; border_radii_image=&#187;on|16px|16px|16px|16px&#187; box_shadow_style_image=&#187;preset2&#8243; global_colors_info=&#187;{}&#187; sticky_enabled=&#187;0&#8243; locked=&#187;off&#187;][\/et_pb_gallery][\/et_pb_column][\/et_pb_row][\/et_pb_section]<\/p>\n","protected":false},"excerpt":{"rendered":"<p>\u041c\u0430\u0448\u0438\u043d\u043d\u044b\u0439 \u043f\u0430\u0440\u043a<\/p>\n","protected":false},"author":1,"featured_media":0,"parent":0,"menu_order":0,"comment_status":"closed","ping_status":"closed","template":"","meta":{"_et_pb_use_builder":"on","_et_pb_old_content":"","_et_gb_content_width":"","footnotes":""},"class_list":["post-26247","page","type-page","status-publish","hentry"],"yoast_head":"<!-- This site is optimized with the Yoast SEO plugin v24.1 - https:\/\/yoast.com\/wordpress\/plugins\/seo\/ -->\n<title>- Avolux<\/title>\n<meta name=\"description\" content=\"\u0422\u0435\u0445\u043d\u0438\u043a\u0430 Avolux O\u00dc \u0431\u043e\u043b\u044c\u0448\u0430\u044f \u0438 \u0448\u0438\u0440\u043e\u043a\u0430\u044f, \u0438 \u043c\u044b \u0432\u0441\u0435\u0433\u0434\u0430 \u043e\u0431\u043d\u043e\u0432\u043b\u044f\u0435\u043c \u043d\u0430\u0448\u0443 \u0442\u0435\u0445\u043d\u0438\u043a\u0443 \u043d\u043e\u0432\u044b\u043c \u043e\u0431\u043e\u0440\u0443\u0434\u043e\u0432\u0430\u043d\u0438\u0435\u043c. \u041c\u044b \u0432\u0441\u0435\u0433\u0434\u0430 \u043e\u0431\u0443\u0447\u0430\u0435\u043c \u043d\u0430\u0448\u0438\u0445 \u0440\u0430\u0431\u043e\u0442\u043d\u0438\u043a\u043e\u0432.\" \/>\n<meta name=\"robots\" content=\"index, follow, max-snippet:-1, max-image-preview:large, max-video-preview:-1\" \/>\n<link rel=\"canonical\" href=\"https:\/\/avolux.ee\/ru\/mashinnyj-park\/\" \/>\n<meta property=\"og:locale\" content=\"ru_RU\" \/>\n<meta property=\"og:type\" content=\"article\" \/>\n<meta property=\"og:title\" content=\"- Avolux\" \/>\n<meta property=\"og:description\" content=\"\u0422\u0435\u0445\u043d\u0438\u043a\u0430 Avolux O\u00dc \u0431\u043e\u043b\u044c\u0448\u0430\u044f \u0438 \u0448\u0438\u0440\u043e\u043a\u0430\u044f, \u0438 \u043c\u044b \u0432\u0441\u0435\u0433\u0434\u0430 \u043e\u0431\u043d\u043e\u0432\u043b\u044f\u0435\u043c \u043d\u0430\u0448\u0443 \u0442\u0435\u0445\u043d\u0438\u043a\u0443 \u043d\u043e\u0432\u044b\u043c \u043e\u0431\u043e\u0440\u0443\u0434\u043e\u0432\u0430\u043d\u0438\u0435\u043c. \u041c\u044b \u0432\u0441\u0435\u0433\u0434\u0430 \u043e\u0431\u0443\u0447\u0430\u0435\u043c \u043d\u0430\u0448\u0438\u0445 \u0440\u0430\u0431\u043e\u0442\u043d\u0438\u043a\u043e\u0432.\" \/>\n<meta property=\"og:url\" content=\"https:\/\/avolux.ee\/ru\/mashinnyj-park\/\" \/>\n<meta property=\"og:site_name\" content=\"Avolux\" \/>\n<meta property=\"article:modified_time\" content=\"2025-12-15T10:14:42+00:00\" \/>\n<meta name=\"twitter:card\" content=\"summary_large_image\" \/>\n<meta name=\"twitter:label1\" content=\"\u041f\u0440\u0438\u043c\u0435\u0440\u043d\u043e\u0435 \u0432\u0440\u0435\u043c\u044f \u0434\u043b\u044f \u0447\u0442\u0435\u043d\u0438\u044f\" \/>\n\t<meta name=\"twitter:data1\" content=\"1 \u043c\u0438\u043d\u0443\u0442\u0430\" \/>\n<script type=\"application\/ld+json\" class=\"yoast-schema-graph\">{\"@context\":\"https:\/\/schema.org\",\"@graph\":[{\"@type\":\"WebPage\",\"@id\":\"https:\/\/avolux.ee\/ru\/mashinnyj-park\/\",\"url\":\"https:\/\/avolux.ee\/ru\/mashinnyj-park\/\",\"name\":\"- Avolux\",\"isPartOf\":{\"@id\":\"https:\/\/avolux.ee\/ru\/#website\"},\"datePublished\":\"2022-06-07T08:13:58+00:00\",\"dateModified\":\"2025-12-15T10:14:42+00:00\",\"description\":\"\u0422\u0435\u0445\u043d\u0438\u043a\u0430 Avolux O\u00dc \u0431\u043e\u043b\u044c\u0448\u0430\u044f \u0438 \u0448\u0438\u0440\u043e\u043a\u0430\u044f, \u0438 \u043c\u044b \u0432\u0441\u0435\u0433\u0434\u0430 \u043e\u0431\u043d\u043e\u0432\u043b\u044f\u0435\u043c \u043d\u0430\u0448\u0443 \u0442\u0435\u0445\u043d\u0438\u043a\u0443 \u043d\u043e\u0432\u044b\u043c \u043e\u0431\u043e\u0440\u0443\u0434\u043e\u0432\u0430\u043d\u0438\u0435\u043c. \u041c\u044b \u0432\u0441\u0435\u0433\u0434\u0430 \u043e\u0431\u0443\u0447\u0430\u0435\u043c \u043d\u0430\u0448\u0438\u0445 \u0440\u0430\u0431\u043e\u0442\u043d\u0438\u043a\u043e\u0432.\",\"breadcrumb\":{\"@id\":\"https:\/\/avolux.ee\/ru\/mashinnyj-park\/#breadcrumb\"},\"inLanguage\":\"ru-RU\",\"potentialAction\":[{\"@type\":\"ReadAction\",\"target\":[\"https:\/\/avolux.ee\/ru\/mashinnyj-park\/\"]}]},{\"@type\":\"BreadcrumbList\",\"@id\":\"https:\/\/avolux.ee\/ru\/mashinnyj-park\/#breadcrumb\",\"itemListElement\":[{\"@type\":\"ListItem\",\"position\":1,\"name\":\"Home\",\"item\":\"https:\/\/avolux.ee\/ru\/\"},{\"@type\":\"ListItem\",\"position\":2,\"name\":\"\u041c\u0430\u0448\u0438\u043d\u043d\u044b\u0439 \u043f\u0430\u0440\u043a\"}]},{\"@type\":\"WebSite\",\"@id\":\"https:\/\/avolux.ee\/ru\/#website\",\"url\":\"https:\/\/avolux.ee\/ru\/\",\"name\":\"Avolux\",\"description\":\"Metallm\u00f6\u00f6bel, disainm\u00f6\u00f6bel,  metallkapid\",\"publisher\":{\"@id\":\"https:\/\/avolux.ee\/ru\/#organization\"},\"potentialAction\":[{\"@type\":\"SearchAction\",\"target\":{\"@type\":\"EntryPoint\",\"urlTemplate\":\"https:\/\/avolux.ee\/ru\/?s={search_term_string}\"},\"query-input\":{\"@type\":\"PropertyValueSpecification\",\"valueRequired\":true,\"valueName\":\"search_term_string\"}}],\"inLanguage\":\"ru-RU\"},{\"@type\":\"Organization\",\"@id\":\"https:\/\/avolux.ee\/ru\/#organization\",\"name\":\"Avolux O\u00dc\",\"url\":\"https:\/\/avolux.ee\/ru\/\",\"logo\":{\"@type\":\"ImageObject\",\"inLanguage\":\"ru-RU\",\"@id\":\"https:\/\/avolux.ee\/ru\/#\/schema\/logo\/image\/\",\"url\":\"http:\/\/avolux.ee\/wp-content\/uploads\/2021\/02\/logo.png\",\"contentUrl\":\"http:\/\/avolux.ee\/wp-content\/uploads\/2021\/02\/logo.png\",\"width\":188,\"height\":76,\"caption\":\"Avolux O\u00dc\"},\"image\":{\"@id\":\"https:\/\/avolux.ee\/ru\/#\/schema\/logo\/image\/\"}}]}<\/script>\n<!-- \/ Yoast SEO plugin. -->","yoast_head_json":{"title":"- Avolux","description":"\u0422\u0435\u0445\u043d\u0438\u043a\u0430 Avolux O\u00dc \u0431\u043e\u043b\u044c\u0448\u0430\u044f \u0438 \u0448\u0438\u0440\u043e\u043a\u0430\u044f, \u0438 \u043c\u044b \u0432\u0441\u0435\u0433\u0434\u0430 \u043e\u0431\u043d\u043e\u0432\u043b\u044f\u0435\u043c \u043d\u0430\u0448\u0443 \u0442\u0435\u0445\u043d\u0438\u043a\u0443 \u043d\u043e\u0432\u044b\u043c \u043e\u0431\u043e\u0440\u0443\u0434\u043e\u0432\u0430\u043d\u0438\u0435\u043c. \u041c\u044b \u0432\u0441\u0435\u0433\u0434\u0430 \u043e\u0431\u0443\u0447\u0430\u0435\u043c \u043d\u0430\u0448\u0438\u0445 \u0440\u0430\u0431\u043e\u0442\u043d\u0438\u043a\u043e\u0432.","robots":{"index":"index","follow":"follow","max-snippet":"max-snippet:-1","max-image-preview":"max-image-preview:large","max-video-preview":"max-video-preview:-1"},"canonical":"https:\/\/avolux.ee\/ru\/mashinnyj-park\/","og_locale":"ru_RU","og_type":"article","og_title":"- Avolux","og_description":"\u0422\u0435\u0445\u043d\u0438\u043a\u0430 Avolux O\u00dc \u0431\u043e\u043b\u044c\u0448\u0430\u044f \u0438 \u0448\u0438\u0440\u043e\u043a\u0430\u044f, \u0438 \u043c\u044b \u0432\u0441\u0435\u0433\u0434\u0430 \u043e\u0431\u043d\u043e\u0432\u043b\u044f\u0435\u043c \u043d\u0430\u0448\u0443 \u0442\u0435\u0445\u043d\u0438\u043a\u0443 \u043d\u043e\u0432\u044b\u043c \u043e\u0431\u043e\u0440\u0443\u0434\u043e\u0432\u0430\u043d\u0438\u0435\u043c. \u041c\u044b \u0432\u0441\u0435\u0433\u0434\u0430 \u043e\u0431\u0443\u0447\u0430\u0435\u043c \u043d\u0430\u0448\u0438\u0445 \u0440\u0430\u0431\u043e\u0442\u043d\u0438\u043a\u043e\u0432.","og_url":"https:\/\/avolux.ee\/ru\/mashinnyj-park\/","og_site_name":"Avolux","article_modified_time":"2025-12-15T10:14:42+00:00","twitter_card":"summary_large_image","twitter_misc":{"\u041f\u0440\u0438\u043c\u0435\u0440\u043d\u043e\u0435 \u0432\u0440\u0435\u043c\u044f \u0434\u043b\u044f \u0447\u0442\u0435\u043d\u0438\u044f":"1 \u043c\u0438\u043d\u0443\u0442\u0430"},"schema":{"@context":"https:\/\/schema.org","@graph":[{"@type":"WebPage","@id":"https:\/\/avolux.ee\/ru\/mashinnyj-park\/","url":"https:\/\/avolux.ee\/ru\/mashinnyj-park\/","name":"- Avolux","isPartOf":{"@id":"https:\/\/avolux.ee\/ru\/#website"},"datePublished":"2022-06-07T08:13:58+00:00","dateModified":"2025-12-15T10:14:42+00:00","description":"\u0422\u0435\u0445\u043d\u0438\u043a\u0430 Avolux O\u00dc \u0431\u043e\u043b\u044c\u0448\u0430\u044f \u0438 \u0448\u0438\u0440\u043e\u043a\u0430\u044f, \u0438 \u043c\u044b \u0432\u0441\u0435\u0433\u0434\u0430 \u043e\u0431\u043d\u043e\u0432\u043b\u044f\u0435\u043c \u043d\u0430\u0448\u0443 \u0442\u0435\u0445\u043d\u0438\u043a\u0443 \u043d\u043e\u0432\u044b\u043c \u043e\u0431\u043e\u0440\u0443\u0434\u043e\u0432\u0430\u043d\u0438\u0435\u043c. \u041c\u044b \u0432\u0441\u0435\u0433\u0434\u0430 \u043e\u0431\u0443\u0447\u0430\u0435\u043c \u043d\u0430\u0448\u0438\u0445 \u0440\u0430\u0431\u043e\u0442\u043d\u0438\u043a\u043e\u0432.","breadcrumb":{"@id":"https:\/\/avolux.ee\/ru\/mashinnyj-park\/#breadcrumb"},"inLanguage":"ru-RU","potentialAction":[{"@type":"ReadAction","target":["https:\/\/avolux.ee\/ru\/mashinnyj-park\/"]}]},{"@type":"BreadcrumbList","@id":"https:\/\/avolux.ee\/ru\/mashinnyj-park\/#breadcrumb","itemListElement":[{"@type":"ListItem","position":1,"name":"Home","item":"https:\/\/avolux.ee\/ru\/"},{"@type":"ListItem","position":2,"name":"\u041c\u0430\u0448\u0438\u043d\u043d\u044b\u0439 \u043f\u0430\u0440\u043a"}]},{"@type":"WebSite","@id":"https:\/\/avolux.ee\/ru\/#website","url":"https:\/\/avolux.ee\/ru\/","name":"Avolux","description":"Metallm\u00f6\u00f6bel, disainm\u00f6\u00f6bel,  metallkapid","publisher":{"@id":"https:\/\/avolux.ee\/ru\/#organization"},"potentialAction":[{"@type":"SearchAction","target":{"@type":"EntryPoint","urlTemplate":"https:\/\/avolux.ee\/ru\/?s={search_term_string}"},"query-input":{"@type":"PropertyValueSpecification","valueRequired":true,"valueName":"search_term_string"}}],"inLanguage":"ru-RU"},{"@type":"Organization","@id":"https:\/\/avolux.ee\/ru\/#organization","name":"Avolux O\u00dc","url":"https:\/\/avolux.ee\/ru\/","logo":{"@type":"ImageObject","inLanguage":"ru-RU","@id":"https:\/\/avolux.ee\/ru\/#\/schema\/logo\/image\/","url":"http:\/\/avolux.ee\/wp-content\/uploads\/2021\/02\/logo.png","contentUrl":"http:\/\/avolux.ee\/wp-content\/uploads\/2021\/02\/logo.png","width":188,"height":76,"caption":"Avolux O\u00dc"},"image":{"@id":"https:\/\/avolux.ee\/ru\/#\/schema\/logo\/image\/"}}]}},"_links":{"self":[{"href":"https:\/\/avolux.ee\/ru\/wp-json\/wp\/v2\/pages\/26247","targetHints":{"allow":["GET"]}}],"collection":[{"href":"https:\/\/avolux.ee\/ru\/wp-json\/wp\/v2\/pages"}],"about":[{"href":"https:\/\/avolux.ee\/ru\/wp-json\/wp\/v2\/types\/page"}],"author":[{"embeddable":true,"href":"https:\/\/avolux.ee\/ru\/wp-json\/wp\/v2\/users\/1"}],"replies":[{"embeddable":true,"href":"https:\/\/avolux.ee\/ru\/wp-json\/wp\/v2\/comments?post=26247"}],"version-history":[{"count":5,"href":"https:\/\/avolux.ee\/ru\/wp-json\/wp\/v2\/pages\/26247\/revisions"}],"predecessor-version":[{"id":26867,"href":"https:\/\/avolux.ee\/ru\/wp-json\/wp\/v2\/pages\/26247\/revisions\/26867"}],"wp:attachment":[{"href":"https:\/\/avolux.ee\/ru\/wp-json\/wp\/v2\/media?parent=26247"}],"curies":[{"name":"wp","href":"https:\/\/api.w.org\/{rel}","templated":true}]}}