{"id":26259,"date":"2022-06-07T08:13:59","date_gmt":"2022-06-07T08:13:59","guid":{"rendered":"http:\/\/avolux.ee\/palvelut\/"},"modified":"2022-06-07T08:14:00","modified_gmt":"2022-06-07T08:14:00","slug":"palvelut","status":"publish","type":"page","link":"https:\/\/avolux.ee\/fi\/palvelut\/","title":{"rendered":"Palvelut"},"content":{"rendered":"<p>[et_pb_section fb_built=&#8221;1&#8243; admin_label=&#8221;Coaching&#8221; _builder_version=&#8221;3.22&#8243; background_color=&#8221;#fafafa&#8221; custom_padding=&#8221;4px||116px|||&#8221; global_colors_info=&#8221;{}&#8221;][et_pb_row _builder_version=&#8221;3.25&#8243; custom_margin=&#8221;31px|auto||auto||&#8221; global_colors_info=&#8221;{}&#8221;][et_pb_column type=&#8221;4_4&#8243; _builder_version=&#8221;3.25&#8243; custom_padding=&#8221;|||&#8221; global_colors_info=&#8221;{}&#8221; custom_padding__hover=&#8221;|||&#8221;][et_pb_text _builder_version=&#8221;4.14.7&#8243; text_font=&#8221;Roboto Condensed||||||||&#8221; text_line_height=&#8221;2em&#8221; header_font=&#8221;||||||||&#8221; header_3_font=&#8221;Roboto Condensed|700|||||||&#8221; header_3_font_size=&#8221;36px&#8221; header_3_line_height=&#8221;1.6em&#8221; text_orientation=&#8221;center&#8221; max_width=&#8221;600px&#8221; module_alignment=&#8221;center&#8221; custom_padding=&#8221;4px|||||&#8221; header_3_font_size_tablet=&#8221;&#8221; header_3_font_size_phone=&#8221;20px&#8221; header_3_font_size_last_edited=&#8221;on|phone&#8221; locked=&#8221;off&#8221; global_colors_info=&#8221;{}&#8221; text_font_size=&#8221;17px&#8221;]<\/p>\n<h3>Mit\u00e4 olemme tekem\u00e4ss\u00e4?<\/h3>\n<p>Valmistamme metallihuonekaluja\/designhuonekaluja, hyllyj\u00e4, p\u00f6yti\u00e4, s\u00e4nkyj\u00e4, takkatelineit\u00e4 jne. yksityiskohdat kodin sisustamiseen. <span>Lis\u00e4ksi portaat, portit, lumiaurat m\u00f6nkij\u00f6ihin. <\/span><\/p>\n<p>[\/et_pb_text][\/et_pb_column][\/et_pb_row][et_pb_row column_structure=&#8221;1_3,1_3,1_3&#8243; _builder_version=&#8221;3.25&#8243; custom_margin=&#8221;13px|auto||auto||&#8221; locked=&#8221;off&#8221; global_colors_info=&#8221;{}&#8221;][et_pb_column type=&#8221;1_3&#8243; _builder_version=&#8221;3.25&#8243; custom_padding=&#8221;|||&#8221; global_colors_info=&#8221;{}&#8221; custom_padding__hover=&#8221;|||&#8221;][et_pb_blurb title=&#8221;Metallity\u00f6t&#8221; image=&#8221;http:\/\/avolux.ee\/wp-content\/uploads\/2021\/02\/keevitamine.png&#8221; image_icon_width=&#8221;80px&#8221; image_icon_width_tablet=&#8221;60px&#8221; image_icon_width_phone=&#8221;60px&#8221; image_icon_width_last_edited=&#8221;on|tablet&#8221; _builder_version=&#8221;4.14.7&#8243; header_font=&#8221;Roboto Condensed|700|||||||&#8221; header_line_height=&#8221;1.8em&#8221; body_line_height=&#8221;2em&#8221; background_color=&#8221;#ffffff&#8221; text_orientation=&#8221;center&#8221; custom_padding=&#8221;30px|30px|30px|30px|true|true&#8221; animation_style=&#8221;zoom&#8221; animation_intensity_zoom=&#8221;10%&#8221; border_radii=&#8221;on|10px|10px|10px|10px&#8221; border_radii_image=&#8221;on|100px|100px|100px|100px&#8221; box_shadow_style=&#8221;preset1&#8243; box_shadow_vertical=&#8221;10px&#8221; box_shadow_blur=&#8221;60px&#8221; box_shadow_color=&#8221;rgba(1,33,92,0.1)&#8221; box_shadow_style_image=&#8221;preset1&#8243; box_shadow_vertical_image=&#8221;10px&#8221; box_shadow_blur_image=&#8221;40px&#8221; box_shadow_spread_image=&#8221;-10px&#8221; box_shadow_color_image=&#8221;#15c39a&#8221; image_max_width=&#8221;80px&#8221; image_max_width_tablet=&#8221;60px&#8221; image_max_width_phone=&#8221;&#8221; image_max_width_last_edited=&#8221;on|tablet&#8221; global_colors_info=&#8221;{}&#8221; body_font=&#8221;Roboto Condensed||||||||&#8221; body_font_size=&#8221;15px&#8221; header_font_size=&#8221;20px&#8221;]<\/p>\n<p>Metallikalusteet, portaat, kaiteet, portit, ATV-tarvikkeet (lumiaurat) erikoistilauksesta.<br \/>Alumiinin ja ruostumattoman metallin hitsaus ja ty\u00f6st\u00f6.<\/p>\n<p>[\/et_pb_blurb][\/et_pb_column][et_pb_column type=&#8221;1_3&#8243; _builder_version=&#8221;3.25&#8243; custom_padding=&#8221;40px|||&#8221; custom_padding_tablet=&#8221;0px|||&#8221; custom_padding_last_edited=&#8221;off|desktop&#8221; global_colors_info=&#8221;{}&#8221; custom_padding__hover=&#8221;|||&#8221;][et_pb_blurb title=&#8221;Jauhemaalaus&#8221; image=&#8221;http:\/\/avolux.ee\/wp-content\/uploads\/2021\/02\/va\u0308rvimine-1.png&#8221; image_icon_width=&#8221;80px&#8221; image_icon_width_tablet=&#8221;60px&#8221; image_icon_width_phone=&#8221;60px&#8221; image_icon_width_last_edited=&#8221;on|tablet&#8221; _builder_version=&#8221;4.14.7&#8243; header_font=&#8221;Roboto Condensed|700|||||||&#8221; header_line_height=&#8221;1.8em&#8221; body_line_height=&#8221;2em&#8221; background_color=&#8221;#ffffff&#8221; text_orientation=&#8221;center&#8221; custom_padding=&#8221;30px|30px|30px|30px|true|true&#8221; animation_style=&#8221;zoom&#8221; animation_intensity_zoom=&#8221;10%&#8221; border_radii=&#8221;on|10px|10px|10px|10px&#8221; border_radii_image=&#8221;on|100px|100px|100px|100px&#8221; box_shadow_style=&#8221;preset1&#8243; box_shadow_vertical=&#8221;10px&#8221; box_shadow_blur=&#8221;60px&#8221; box_shadow_color=&#8221;rgba(1,33,92,0.1)&#8221; box_shadow_style_image=&#8221;preset1&#8243; box_shadow_vertical_image=&#8221;10px&#8221; box_shadow_blur_image=&#8221;40px&#8221; box_shadow_spread_image=&#8221;-10px&#8221; box_shadow_color_image=&#8221;#437a88&#8243; image_max_width=&#8221;80px&#8221; image_max_width_tablet=&#8221;60px&#8221; image_max_width_phone=&#8221;&#8221; image_max_width_last_edited=&#8221;on|tablet&#8221; global_colors_info=&#8221;{}&#8221; header_font_size=&#8221;20px&#8221; body_font=&#8221;Roboto Condensed||||||||&#8221; body_font_size=&#8221;15px&#8221;]<\/p>\n<p><span>Metalli viimeistelty pulverimaalilla, galvaanisella pinnoitteella tai asiakkaan pyynn\u00f6st\u00e4.<\/span><\/p>\n<p>[\/et_pb_blurb][\/et_pb_column][et_pb_column type=&#8221;1_3&#8243; _builder_version=&#8221;3.25&#8243; custom_padding=&#8221;|||&#8221; global_colors_info=&#8221;{}&#8221; custom_padding__hover=&#8221;|||&#8221;][et_pb_blurb title=&#8221;Design-huonekalut&#8221; image=&#8221;http:\/\/avolux.ee\/wp-content\/uploads\/2021\/02\/disainmo\u0308o\u0308bel-1.png&#8221; image_icon_width=&#8221;80px&#8221; image_icon_width_tablet=&#8221;60px&#8221; image_icon_width_phone=&#8221;60px&#8221; image_icon_width_last_edited=&#8221;on|tablet&#8221; _builder_version=&#8221;4.14.7&#8243; header_font=&#8221;Roboto Condensed|700|||||||&#8221; header_line_height=&#8221;1.8em&#8221; body_line_height=&#8221;2em&#8221; background_color=&#8221;#ffffff&#8221; text_orientation=&#8221;center&#8221; custom_padding=&#8221;30px|30px|30px|30px|true|true&#8221; animation_style=&#8221;zoom&#8221; animation_intensity_zoom=&#8221;10%&#8221; hover_enabled=&#8221;0&#8243; border_radii=&#8221;on|10px|10px|10px|10px&#8221; border_radii_image=&#8221;on|100px|100px|100px|100px&#8221; box_shadow_style=&#8221;preset1&#8243; box_shadow_vertical=&#8221;10px&#8221; box_shadow_blur=&#8221;60px&#8221; box_shadow_color=&#8221;rgba(1,33,92,0.1)&#8221; box_shadow_style_image=&#8221;preset1&#8243; box_shadow_vertical_image=&#8221;10px&#8221; box_shadow_blur_image=&#8221;40px&#8221; box_shadow_spread_image=&#8221;-10px&#8221; box_shadow_color_image=&#8221;#ffc47c&#8221; image_max_width=&#8221;80px&#8221; image_max_width_tablet=&#8221;60px&#8221; image_max_width_phone=&#8221;&#8221; image_max_width_last_edited=&#8221;on|tablet&#8221; global_colors_info=&#8221;{}&#8221; header_font_size=&#8221;20px&#8221; body_font=&#8221;Roboto Condensed||||||||&#8221; body_font_size=&#8221;15px&#8221; sticky_enabled=&#8221;0&#8243;]<\/p>\n<p>Valmistamme tilauksesta metallituotteita ja designhuonekaluja: hyllyt, p\u00f6yd\u00e4t, kaapit, s\u00e4ngyt, takkatelineet ja muut kodin sisustuksen yksityiskohdat.<\/p>\n<p>[\/et_pb_blurb][\/et_pb_column][\/et_pb_row][\/et_pb_section]<\/p>\n","protected":false},"excerpt":{"rendered":"<p>Mit\u00e4 olemme tekem\u00e4ss\u00e4? Valmistamme metallihuonekaluja\/designhuonekaluja, hyllyj\u00e4, p\u00f6yti\u00e4, s\u00e4nkyj\u00e4, takkatelineit\u00e4 jne. yksityiskohdat kodin sisustamiseen. Lis\u00e4ksi portaat, portit, lumiaurat m\u00f6nkij\u00f6ihin. Metallikalusteet, portaat, kaiteet, portit, ATV-tarvikkeet (lumiaurat) erikoistilauksesta.Alumiinin ja ruostumattoman metallin hitsaus ja ty\u00f6st\u00f6.Metalli viimeistelty pulverimaalilla, galvaanisella pinnoitteella tai asiakkaan pyynn\u00f6st\u00e4.Valmistamme tilauksesta metallituotteita ja designhuonekaluja: hyllyt, p\u00f6yd\u00e4t, kaapit, s\u00e4ngyt, takkatelineet ja muut kodin sisustuksen yksityiskohdat.<\/p>\n","protected":false},"author":1,"featured_media":0,"parent":0,"menu_order":0,"comment_status":"closed","ping_status":"closed","template":"","meta":{"_et_pb_use_builder":"on","_et_pb_old_content":"","_et_gb_content_width":"","footnotes":""},"class_list":["post-26259","page","type-page","status-publish","hentry"],"yoast_head":"<!-- This site is optimized with the Yoast SEO plugin v24.1 - https:\/\/yoast.com\/wordpress\/plugins\/seo\/ -->\n<title>Avolux -<\/title>\n<meta name=\"description\" content=\"Portaat: metalliportaat, puu-metalliportaat, portaat, kaiteet ja kaiteet. Suoritamme mittauksia ja asennamme esivalmistettuja rakenteita. Kaikki portaat valmistetaan tilauksesta!\" \/>\n<meta name=\"robots\" content=\"index, follow, max-snippet:-1, max-image-preview:large, max-video-preview:-1\" \/>\n<link rel=\"canonical\" href=\"https:\/\/avolux.ee\/fi\/palvelut\/\" \/>\n<meta property=\"og:locale\" content=\"fi_FI\" \/>\n<meta property=\"og:type\" content=\"article\" \/>\n<meta property=\"og:title\" content=\"Avolux -\" \/>\n<meta property=\"og:description\" content=\"Portaat: metalliportaat, puu-metalliportaat, portaat, kaiteet ja kaiteet. Suoritamme mittauksia ja asennamme esivalmistettuja rakenteita. Kaikki portaat valmistetaan tilauksesta!\" \/>\n<meta property=\"og:url\" content=\"https:\/\/avolux.ee\/fi\/palvelut\/\" \/>\n<meta property=\"og:site_name\" content=\"Avolux\" \/>\n<meta property=\"article:modified_time\" content=\"2022-06-07T08:14:00+00:00\" \/>\n<meta name=\"twitter:card\" content=\"summary_large_image\" \/>\n<meta name=\"twitter:label1\" content=\"Arvioitu lukuaika\" \/>\n\t<meta name=\"twitter:data1\" content=\"4 minuuttia\" \/>\n<script type=\"application\/ld+json\" class=\"yoast-schema-graph\">{\"@context\":\"https:\/\/schema.org\",\"@graph\":[{\"@type\":\"WebPage\",\"@id\":\"https:\/\/avolux.ee\/fi\/palvelut\/\",\"url\":\"https:\/\/avolux.ee\/fi\/palvelut\/\",\"name\":\"Avolux -\",\"isPartOf\":{\"@id\":\"https:\/\/avolux.ee\/fi\/#website\"},\"datePublished\":\"2022-06-07T08:13:59+00:00\",\"dateModified\":\"2022-06-07T08:14:00+00:00\",\"description\":\"Portaat: metalliportaat, puu-metalliportaat, portaat, kaiteet ja kaiteet. Suoritamme mittauksia ja asennamme esivalmistettuja rakenteita. Kaikki portaat valmistetaan tilauksesta!\",\"breadcrumb\":{\"@id\":\"https:\/\/avolux.ee\/fi\/palvelut\/#breadcrumb\"},\"inLanguage\":\"fi\",\"potentialAction\":[{\"@type\":\"ReadAction\",\"target\":[\"https:\/\/avolux.ee\/fi\/palvelut\/\"]}]},{\"@type\":\"BreadcrumbList\",\"@id\":\"https:\/\/avolux.ee\/fi\/palvelut\/#breadcrumb\",\"itemListElement\":[{\"@type\":\"ListItem\",\"position\":1,\"name\":\"Home\",\"item\":\"https:\/\/avolux.ee\/fi\/\"},{\"@type\":\"ListItem\",\"position\":2,\"name\":\"Palvelut\"}]},{\"@type\":\"WebSite\",\"@id\":\"https:\/\/avolux.ee\/fi\/#website\",\"url\":\"https:\/\/avolux.ee\/fi\/\",\"name\":\"Avolux\",\"description\":\"Metallm\u00f6\u00f6bel, disainm\u00f6\u00f6bel,  metallkapid\",\"publisher\":{\"@id\":\"https:\/\/avolux.ee\/fi\/#organization\"},\"potentialAction\":[{\"@type\":\"SearchAction\",\"target\":{\"@type\":\"EntryPoint\",\"urlTemplate\":\"https:\/\/avolux.ee\/fi\/?s={search_term_string}\"},\"query-input\":{\"@type\":\"PropertyValueSpecification\",\"valueRequired\":true,\"valueName\":\"search_term_string\"}}],\"inLanguage\":\"fi\"},{\"@type\":\"Organization\",\"@id\":\"https:\/\/avolux.ee\/fi\/#organization\",\"name\":\"Avolux O\u00dc\",\"url\":\"https:\/\/avolux.ee\/fi\/\",\"logo\":{\"@type\":\"ImageObject\",\"inLanguage\":\"fi\",\"@id\":\"https:\/\/avolux.ee\/fi\/#\/schema\/logo\/image\/\",\"url\":\"http:\/\/avolux.ee\/wp-content\/uploads\/2021\/02\/logo.png\",\"contentUrl\":\"http:\/\/avolux.ee\/wp-content\/uploads\/2021\/02\/logo.png\",\"width\":188,\"height\":76,\"caption\":\"Avolux O\u00dc\"},\"image\":{\"@id\":\"https:\/\/avolux.ee\/fi\/#\/schema\/logo\/image\/\"}}]}<\/script>\n<!-- \/ Yoast SEO plugin. -->","yoast_head_json":{"title":"Avolux -","description":"Portaat: metalliportaat, puu-metalliportaat, portaat, kaiteet ja kaiteet. Suoritamme mittauksia ja asennamme esivalmistettuja rakenteita. Kaikki portaat valmistetaan tilauksesta!","robots":{"index":"index","follow":"follow","max-snippet":"max-snippet:-1","max-image-preview":"max-image-preview:large","max-video-preview":"max-video-preview:-1"},"canonical":"https:\/\/avolux.ee\/fi\/palvelut\/","og_locale":"fi_FI","og_type":"article","og_title":"Avolux -","og_description":"Portaat: metalliportaat, puu-metalliportaat, portaat, kaiteet ja kaiteet. Suoritamme mittauksia ja asennamme esivalmistettuja rakenteita. Kaikki portaat valmistetaan tilauksesta!","og_url":"https:\/\/avolux.ee\/fi\/palvelut\/","og_site_name":"Avolux","article_modified_time":"2022-06-07T08:14:00+00:00","twitter_card":"summary_large_image","twitter_misc":{"Arvioitu lukuaika":"4 minuuttia"},"schema":{"@context":"https:\/\/schema.org","@graph":[{"@type":"WebPage","@id":"https:\/\/avolux.ee\/fi\/palvelut\/","url":"https:\/\/avolux.ee\/fi\/palvelut\/","name":"Avolux -","isPartOf":{"@id":"https:\/\/avolux.ee\/fi\/#website"},"datePublished":"2022-06-07T08:13:59+00:00","dateModified":"2022-06-07T08:14:00+00:00","description":"Portaat: metalliportaat, puu-metalliportaat, portaat, kaiteet ja kaiteet. Suoritamme mittauksia ja asennamme esivalmistettuja rakenteita. Kaikki portaat valmistetaan tilauksesta!","breadcrumb":{"@id":"https:\/\/avolux.ee\/fi\/palvelut\/#breadcrumb"},"inLanguage":"fi","potentialAction":[{"@type":"ReadAction","target":["https:\/\/avolux.ee\/fi\/palvelut\/"]}]},{"@type":"BreadcrumbList","@id":"https:\/\/avolux.ee\/fi\/palvelut\/#breadcrumb","itemListElement":[{"@type":"ListItem","position":1,"name":"Home","item":"https:\/\/avolux.ee\/fi\/"},{"@type":"ListItem","position":2,"name":"Palvelut"}]},{"@type":"WebSite","@id":"https:\/\/avolux.ee\/fi\/#website","url":"https:\/\/avolux.ee\/fi\/","name":"Avolux","description":"Metallm\u00f6\u00f6bel, disainm\u00f6\u00f6bel,  metallkapid","publisher":{"@id":"https:\/\/avolux.ee\/fi\/#organization"},"potentialAction":[{"@type":"SearchAction","target":{"@type":"EntryPoint","urlTemplate":"https:\/\/avolux.ee\/fi\/?s={search_term_string}"},"query-input":{"@type":"PropertyValueSpecification","valueRequired":true,"valueName":"search_term_string"}}],"inLanguage":"fi"},{"@type":"Organization","@id":"https:\/\/avolux.ee\/fi\/#organization","name":"Avolux O\u00dc","url":"https:\/\/avolux.ee\/fi\/","logo":{"@type":"ImageObject","inLanguage":"fi","@id":"https:\/\/avolux.ee\/fi\/#\/schema\/logo\/image\/","url":"http:\/\/avolux.ee\/wp-content\/uploads\/2021\/02\/logo.png","contentUrl":"http:\/\/avolux.ee\/wp-content\/uploads\/2021\/02\/logo.png","width":188,"height":76,"caption":"Avolux O\u00dc"},"image":{"@id":"https:\/\/avolux.ee\/fi\/#\/schema\/logo\/image\/"}}]}},"_links":{"self":[{"href":"https:\/\/avolux.ee\/fi\/wp-json\/wp\/v2\/pages\/26259","targetHints":{"allow":["GET"]}}],"collection":[{"href":"https:\/\/avolux.ee\/fi\/wp-json\/wp\/v2\/pages"}],"about":[{"href":"https:\/\/avolux.ee\/fi\/wp-json\/wp\/v2\/types\/page"}],"author":[{"embeddable":true,"href":"https:\/\/avolux.ee\/fi\/wp-json\/wp\/v2\/users\/1"}],"replies":[{"embeddable":true,"href":"https:\/\/avolux.ee\/fi\/wp-json\/wp\/v2\/comments?post=26259"}],"version-history":[{"count":2,"href":"https:\/\/avolux.ee\/fi\/wp-json\/wp\/v2\/pages\/26259\/revisions"}],"predecessor-version":[{"id":26265,"href":"https:\/\/avolux.ee\/fi\/wp-json\/wp\/v2\/pages\/26259\/revisions\/26265"}],"wp:attachment":[{"href":"https:\/\/avolux.ee\/fi\/wp-json\/wp\/v2\/media?parent=26259"}],"curies":[{"name":"wp","href":"https:\/\/api.w.org\/{rel}","templated":true}]}}