{"id":26222,"date":"2022-06-07T08:13:56","date_gmt":"2022-06-07T08:13:56","guid":{"rendered":"http:\/\/avolux.ee\/galleria\/"},"modified":"2022-06-07T08:13:58","modified_gmt":"2022-06-07T08:13:58","slug":"galleria","status":"publish","type":"page","link":"https:\/\/avolux.ee\/fi\/galleria\/","title":{"rendered":"Galleria"},"content":{"rendered":"<p>[et_pb_section fb_built=&#8221;1&#8243; custom_padding_last_edited=&#8221;on|phone&#8221; admin_label=&#8221;Header&#8221; _builder_version=&#8221;4.9.0&#8243; use_background_color_gradient=&#8221;on&#8221; background_color_gradient_start=&#8221;rgba(0,0,0,0)&#8221; background_color_gradient_end=&#8221;rgba(22,29,67,0.3)&#8221; background_color_gradient_direction=&#8221;200deg&#8221; background_color_gradient_start_position=&#8221;62%&#8221; background_color_gradient_overlays_image=&#8221;on&#8221; background_image=&#8221;http:\/\/avolux.ee\/wp-content\/uploads\/2021\/02\/worker-welding-in-a-factory-7979HT6-scaled-e1613822833158.jpg&#8221; custom_margin=&#8221;0px||||false|false&#8221; custom_margin_tablet=&#8221;0px||||false|false&#8221; custom_margin_phone=&#8221;0px||||false|false&#8221; custom_margin_last_edited=&#8221;on|phone&#8221; custom_padding=&#8221;0vw|10vw|0px|0px|false|false&#8221; custom_padding_tablet=&#8221;0vw|10vw|0px|0px|false|false&#8221; custom_padding_phone=&#8221;|10vw||&#8221; animation_style=&#8221;fade&#8221; animation_starting_opacity=&#8221;5%&#8221; animation_speed_curve=&#8221;ease-out&#8221; border_radii=&#8221;||||16vw&#8221; global_colors_info=&#8221;{}&#8221;][et_pb_row column_structure=&#8221;3_4,1_4&#8243; use_custom_gutter=&#8221;on&#8221; gutter_width=&#8221;1&#8243; make_equal=&#8221;on&#8221; custom_padding_last_edited=&#8221;on|desktop&#8221; padding_top_bottom_link_1=&#8221;true&#8221; padding_top_bottom_link_2=&#8221;true&#8221; padding_left_right_link_1=&#8221;false&#8221; _builder_version=&#8221;4.9.0&#8243; use_background_color_gradient=&#8221;on&#8221; background_color_gradient_start=&#8221;rgba(255,255,255,0.4)&#8221; background_color_gradient_end=&#8221;rgba(255,255,255,0.88)&#8221; background_color_gradient_direction=&#8221;90deg&#8221; background_color_gradient_start_position=&#8221;70%&#8221; width=&#8221;100%&#8221; max_width=&#8221;100%&#8221; module_alignment=&#8221;left&#8221; custom_margin=&#8221;||||false|false&#8221; custom_margin_tablet=&#8221;0vw|||&#8221; custom_margin_last_edited=&#8221;off|desktop&#8221; custom_padding=&#8221;0px||0px||false|false&#8221; custom_padding_tablet=&#8221;||0px|0vw|false|false&#8221; custom_padding_phone=&#8221;&#8221; animation_style=&#8221;slide&#8221; animation_direction=&#8221;left&#8221; animation_intensity_slide=&#8221;5%&#8221; border_radii=&#8221;||10vw||&#8221; use_custom_width=&#8221;on&#8221; width_unit=&#8221;off&#8221; custom_width_percent=&#8221;100%&#8221; locked=&#8221;off&#8221; global_colors_info=&#8221;{}&#8221;][et_pb_column type=&#8221;3_4&#8243; _builder_version=&#8221;4.9.0&#8243; custom_padding=&#8221;0px|40px|0px|10vw|false|false&#8221; custom_padding_tablet=&#8221;40px||20px||false&#8221; custom_padding_phone=&#8221;|||&#8221; custom_padding_last_edited=&#8221;on|phone&#8221; global_colors_info=&#8221;{}&#8221; padding_phone=&#8221;|||&#8221; padding_tablet=&#8221;40px||20px||false&#8221; padding_last_edited=&#8221;on|phone&#8221; custom_padding__hover=&#8221;|||&#8221;][et_pb_text _builder_version=&#8221;4.9.0&#8243; text_font=&#8221;||||||||&#8221; header_font=&#8221;Oswald||||||||&#8221; header_font_size=&#8221;100px&#8221; header_line_height=&#8221;2em&#8221; header_6_font=&#8221;Open Sans|700||on|||||&#8221; header_6_letter_spacing=&#8221;5px&#8221; header_6_line_height=&#8221;1.6em&#8221; background_layout=&#8221;dark&#8221; max_width_tablet=&#8221;90%&#8221; max_width_phone=&#8221;&#8221; max_width_last_edited=&#8221;on|desktop&#8221; module_alignment=&#8221;right&#8221; animation_style=&#8221;zoom&#8221; animation_intensity_zoom=&#8221;5%&#8221; header_font_size_tablet=&#8221;50px&#8221; header_font_size_phone=&#8221;50px&#8221; header_font_size_last_edited=&#8221;on|phone&#8221; header_line_height_tablet=&#8221;1em&#8221; header_line_height_phone=&#8221;1em&#8221; header_line_height_last_edited=&#8221;on|desktop&#8221; header_6_font_size_tablet=&#8221;&#8221; header_6_font_size_phone=&#8221;&#8221; header_6_font_size_last_edited=&#8221;on|desktop&#8221; text_text_shadow_style=&#8221;preset3&#8243; text_text_shadow_blur_strength=&#8221;3em&#8221; text_text_shadow_color=&#8221;rgba(22,29,67,0.24)&#8221; locked=&#8221;off&#8221; global_colors_info=&#8221;{}&#8221; header_5_font_size__hover=&#8221;16px&#8221; header_5_font_size__hover_enabled=&#8221;16px&#8221; header_5_letter_spacing__hover=&#8221;0px&#8221; header_5_letter_spacing__hover_enabled=&#8221;0px&#8221; header_5_line_height__hover=&#8221;1em&#8221; header_5_line_height__hover_enabled=&#8221;1em&#8221; header_5_text_shadow_style__hover=&#8221;none&#8221; header_5_text_shadow_style__hover_enabled=&#8221;none&#8221; header_5_text_shadow_color__hover=&#8221;rgba(0,0,0,0.4)&#8221; header_5_text_shadow_color__hover_enabled=&#8221;rgba(0,0,0,0.4)&#8221;]<\/p>\n<h6><\/h6>\n<h1>Galleria<\/h1>\n<p>[\/et_pb_text][\/et_pb_column][et_pb_column type=&#8221;1_4&#8243; _builder_version=&#8221;3.25&#8243; custom_padding=&#8221;|||&#8221; custom_padding_tablet=&#8221;||||false&#8221; custom_padding_phone=&#8221;&#8221; custom_padding_last_edited=&#8221;on|desktop&#8221; global_colors_info=&#8221;{}&#8221; padding_tablet=&#8221;||||false&#8221; padding_last_edited=&#8221;on|desktop&#8221; custom_padding__hover=&#8221;|||&#8221; padding_phone=&#8221;||||false&#8221;][\/et_pb_column][\/et_pb_row][\/et_pb_section][et_pb_section fb_built=&#8221;1&#8243; module_class=&#8221;df-area&#8221; _builder_version=&#8221;4.9.0&#8243; _module_preset=&#8221;default&#8221; custom_padding=&#8221;||34px|||&#8221; global_colors_info=&#8221;{}&#8221;][et_pb_row use_custom_gutter=&#8221;on&#8221; gutter_width=&#8221;2&#8243; make_equal=&#8221;on&#8221; _builder_version=&#8221;4.9.0&#8243; _module_preset=&#8221;default&#8221; min_height=&#8221;787.5px&#8221; custom_margin=&#8221;-3px|auto||auto||&#8221; custom_padding=&#8221;||0px|||&#8221; global_colors_info=&#8221;{}&#8221;][et_pb_column type=&#8221;4_4&#8243; module_class=&#8221;df-pulber&#8221; _builder_version=&#8221;4.9.0&#8243; _module_preset=&#8221;default&#8221; global_colors_info=&#8221;{}&#8221;][et_pb_gallery gallery_ids=&#8221;24446,24449,24450,24451,24461,24462,24463,24464,24466,24468,24471,24472,24473,24482,24456,24457,24447,24448,24458,24478,24477,24476,24475,24474,24481,24480,24479,24470,24469,24467,24465,24460,24459,24452,24453,24454,24455,24445,24444,24443,24441,24442,24440,24439,24438,24437,24436,24435,24434,24433,24432,24431,24429,24430,24428,25736,25740,25772,25768,25764,25812,24814,24750,25804,24766,24762,24722,24934,24690,24714,24686,24746,24718,24898,24874,24758,24742,24674,24682,24846,24754,24702,24838,24822,24738,24694,24734,24870,24830,24918,24930,25712,25716,25720,25732,25744,25748,25752,25756,25760,25776,25780,25784,25788,25792,25808,25816&#8243; posts_number=&#8221;12&#8243; show_title_and_caption=&#8221;off&#8221; hover_overlay_color=&#8221;rgba(0,0,0,0.3)&#8221; module_class=&#8221;df-pulber&#8221; _builder_version=&#8221;4.14.7&#8243; _module_preset=&#8221;default&#8221; custom_margin=&#8221;||-2px|||&#8221; border_radii_image=&#8221;on|16px|16px|16px|16px&#8221; box_shadow_style_image=&#8221;preset2&#8243; global_colors_info=&#8221;{}&#8221;][\/et_pb_gallery][\/et_pb_column][\/et_pb_row][et_pb_row _builder_version=&#8221;4.9.0&#8243; _module_preset=&#8221;default&#8221; global_colors_info=&#8221;{}&#8221;][et_pb_column type=&#8221;4_4&#8243; _builder_version=&#8221;4.9.0&#8243; _module_preset=&#8221;default&#8221; global_colors_info=&#8221;{}&#8221;][et_pb_text _builder_version=&#8221;4.14.7&#8243; _module_preset=&#8221;default&#8221; header_3_font=&#8221;Roboto Condensed|700||on|||||&#8221; header_3_font_size=&#8221;30px&#8221; header_3_letter_spacing=&#8221;1px&#8221; header_3_font_size_tablet=&#8221;25px&#8221; header_3_font_size_phone=&#8221;20px&#8221; header_3_font_size_last_edited=&#8221;on|desktop&#8221; global_colors_info=&#8221;{}&#8221;]<\/p>\n<h3>Kaapit, laatikot, hyllyt<\/h3>\n<p>[\/et_pb_text][et_pb_gallery gallery_ids=&#8221;25563,25567,25571,25575,25579,25583,25587,25591,25595,25599,25607,25611,25615,25619,25623,25627,25631,25635,25639&#8243; posts_number=&#8221;12&#8243; show_title_and_caption=&#8221;off&#8221; hover_overlay_color=&#8221;rgba(0,0,0,0.3)&#8221; module_class=&#8221;df-pulber&#8221; _builder_version=&#8221;4.14.7&#8243; _module_preset=&#8221;default&#8221; custom_margin=&#8221;||-2px|||&#8221; hover_enabled=&#8221;0&#8243; border_radii_image=&#8221;on|16px|16px|16px|16px&#8221; box_shadow_style_image=&#8221;preset2&#8243; locked=&#8221;off&#8221; global_colors_info=&#8221;{}&#8221; sticky_enabled=&#8221;0&#8243;][\/et_pb_gallery][\/et_pb_column][\/et_pb_row][et_pb_row _builder_version=&#8221;4.14.7&#8243; _module_preset=&#8221;default&#8221; global_colors_info=&#8221;{}&#8221;][et_pb_column type=&#8221;4_4&#8243; _builder_version=&#8221;4.14.7&#8243; _module_preset=&#8221;default&#8221; global_colors_info=&#8221;{}&#8221;][et_pb_text _builder_version=&#8221;4.14.7&#8243; _module_preset=&#8221;default&#8221; header_3_font=&#8221;Roboto Condensed|700||on|||||&#8221; header_3_font_size=&#8221;30px&#8221; header_3_letter_spacing=&#8221;1px&#8221; header_3_font_size_tablet=&#8221;25px&#8221; header_3_font_size_phone=&#8221;20px&#8221; header_3_font_size_last_edited=&#8221;on|desktop&#8221; global_colors_info=&#8221;{}&#8221;]<\/p>\n<h3>S\u00e4hk\u00f6keskukset<\/h3>\n<p>[\/et_pb_text][et_pb_gallery gallery_ids=&#8221;25643,25647,25651,25655,25659&#8243; posts_number=&#8221;12&#8243; show_title_and_caption=&#8221;off&#8221; hover_overlay_color=&#8221;rgba(0,0,0,0.3)&#8221; module_class=&#8221;df-pulber&#8221; _builder_version=&#8221;4.9.0&#8243; _module_preset=&#8221;default&#8221; custom_margin=&#8221;||-2px|||&#8221; border_radii_image=&#8221;on|16px|16px|16px|16px&#8221; box_shadow_style_image=&#8221;preset2&#8243; locked=&#8221;off&#8221; global_colors_info=&#8221;{}&#8221;][\/et_pb_gallery][\/et_pb_column][\/et_pb_row][et_pb_row _builder_version=&#8221;4.14.7&#8243; _module_preset=&#8221;default&#8221; global_colors_info=&#8221;{}&#8221;][et_pb_column type=&#8221;4_4&#8243; _builder_version=&#8221;4.14.7&#8243; _module_preset=&#8221;default&#8221; global_colors_info=&#8221;{}&#8221;][et_pb_text _builder_version=&#8221;4.14.7&#8243; _module_preset=&#8221;default&#8221; header_3_font=&#8221;Roboto Condensed|700||on|||||&#8221; header_3_font_size=&#8221;30px&#8221; header_3_letter_spacing=&#8221;1px&#8221; header_3_font_size_tablet=&#8221;25px&#8221; header_3_font_size_phone=&#8221;20px&#8221; header_3_font_size_last_edited=&#8221;on|desktop&#8221; global_colors_info=&#8221;{}&#8221;]<\/p>\n<h3>P\u00f6yt\u00e4koneet<\/h3>\n<p>[\/et_pb_text][et_pb_gallery gallery_ids=&#8221;25663&#8243; posts_number=&#8221;12&#8243; show_title_and_caption=&#8221;off&#8221; hover_overlay_color=&#8221;rgba(0,0,0,0.3)&#8221; module_class=&#8221;df-pulber&#8221; _builder_version=&#8221;4.9.0&#8243; _module_preset=&#8221;default&#8221; custom_margin=&#8221;||-2px|||&#8221; border_radii_image=&#8221;on|16px|16px|16px|16px&#8221; box_shadow_style_image=&#8221;preset2&#8243; locked=&#8221;off&#8221; global_colors_info=&#8221;{}&#8221;][\/et_pb_gallery][\/et_pb_column][\/et_pb_row][et_pb_row _builder_version=&#8221;4.14.7&#8243; _module_preset=&#8221;default&#8221; global_colors_info=&#8221;{}&#8221;][et_pb_column type=&#8221;4_4&#8243; _builder_version=&#8221;4.14.7&#8243; _module_preset=&#8221;default&#8221; global_colors_info=&#8221;{}&#8221;][et_pb_text _builder_version=&#8221;4.14.7&#8243; _module_preset=&#8221;default&#8221; header_3_font=&#8221;Roboto Condensed|700||on|||||&#8221; header_3_font_size=&#8221;30px&#8221; header_3_letter_spacing=&#8221;1px&#8221; header_3_font_size_tablet=&#8221;25px&#8221; header_3_font_size_phone=&#8221;20px&#8221; header_3_font_size_last_edited=&#8221;on|desktop&#8221; global_colors_info=&#8221;{}&#8221;]<\/p>\n<h3>TUOLIT, PENKIT<\/h3>\n<p>[\/et_pb_text][et_pb_gallery gallery_ids=&#8221;25603,25788,25784,25780,25724,24958,25756,25740&#8243; posts_number=&#8221;12&#8243; show_title_and_caption=&#8221;off&#8221; hover_overlay_color=&#8221;rgba(0,0,0,0.3)&#8221; module_class=&#8221;df-pulber&#8221; _builder_version=&#8221;4.14.7&#8243; _module_preset=&#8221;default&#8221; custom_margin=&#8221;||-2px|||&#8221; border_radii_image=&#8221;on|16px|16px|16px|16px&#8221; box_shadow_style_image=&#8221;preset2&#8243; locked=&#8221;off&#8221; global_colors_info=&#8221;{}&#8221;][\/et_pb_gallery][\/et_pb_column][\/et_pb_row][\/et_pb_section]<\/p>\n","protected":false},"excerpt":{"rendered":"<p>GalleriaKaapit, laatikot, hyllytS\u00e4hk\u00f6keskuksetP\u00f6yt\u00e4koneetTUOLIT, PENKIT<\/p>\n","protected":false},"author":1,"featured_media":0,"parent":0,"menu_order":0,"comment_status":"closed","ping_status":"closed","template":"","meta":{"_et_pb_use_builder":"on","_et_pb_old_content":"","_et_gb_content_width":"","footnotes":""},"class_list":["post-26222","page","type-page","status-publish","hentry"],"yoast_head":"<!-- This site is optimized with the Yoast SEO plugin v24.1 - https:\/\/yoast.com\/wordpress\/plugins\/seo\/ -->\n<title>Galleria - Avolux<\/title>\n<meta name=\"description\" content=\"Metallkapid, Metallm\u00f6\u00f6bel, Disainm\u00f6\u00f6bel, Relvakapid, S\u00f5idukite lisatarvikud, Metallit\u00f6\u00f6d, Erinevad metalldetailid ehitustele, Keevitust\u00f6\u00f6d, Relvahoidjad, Eritellimust\u00f6\u00f6d, Allhanked, Eraisikutele tellimust\u00f6\u00f6d.\" \/>\n<meta name=\"robots\" content=\"index, follow, max-snippet:-1, max-image-preview:large, max-video-preview:-1\" \/>\n<link rel=\"canonical\" href=\"https:\/\/avolux.ee\/fi\/galleria\/\" \/>\n<meta property=\"og:locale\" content=\"fi_FI\" \/>\n<meta property=\"og:type\" content=\"article\" \/>\n<meta property=\"og:title\" content=\"Galleria - Avolux\" \/>\n<meta property=\"og:description\" content=\"Metallkapid, Metallm\u00f6\u00f6bel, Disainm\u00f6\u00f6bel, Relvakapid, S\u00f5idukite lisatarvikud, Metallit\u00f6\u00f6d, Erinevad metalldetailid ehitustele, Keevitust\u00f6\u00f6d, Relvahoidjad, Eritellimust\u00f6\u00f6d, Allhanked, Eraisikutele tellimust\u00f6\u00f6d.\" \/>\n<meta property=\"og:url\" content=\"https:\/\/avolux.ee\/fi\/galleria\/\" \/>\n<meta property=\"og:site_name\" content=\"Avolux\" \/>\n<meta property=\"article:modified_time\" content=\"2022-06-07T08:13:58+00:00\" \/>\n<meta name=\"twitter:card\" content=\"summary_large_image\" \/>\n<meta name=\"twitter:label1\" content=\"Arvioitu lukuaika\" \/>\n\t<meta name=\"twitter:data1\" content=\"6 minuuttia\" \/>\n<script type=\"application\/ld+json\" class=\"yoast-schema-graph\">{\"@context\":\"https:\/\/schema.org\",\"@graph\":[{\"@type\":\"WebPage\",\"@id\":\"https:\/\/avolux.ee\/fi\/galleria\/\",\"url\":\"https:\/\/avolux.ee\/fi\/galleria\/\",\"name\":\"Galleria - Avolux\",\"isPartOf\":{\"@id\":\"https:\/\/avolux.ee\/fi\/#website\"},\"datePublished\":\"2022-06-07T08:13:56+00:00\",\"dateModified\":\"2022-06-07T08:13:58+00:00\",\"description\":\"Metallkapid, Metallm\u00f6\u00f6bel, Disainm\u00f6\u00f6bel, Relvakapid, S\u00f5idukite lisatarvikud, Metallit\u00f6\u00f6d, Erinevad metalldetailid ehitustele, Keevitust\u00f6\u00f6d, Relvahoidjad, Eritellimust\u00f6\u00f6d, Allhanked, Eraisikutele tellimust\u00f6\u00f6d.\",\"breadcrumb\":{\"@id\":\"https:\/\/avolux.ee\/fi\/galleria\/#breadcrumb\"},\"inLanguage\":\"fi\",\"potentialAction\":[{\"@type\":\"ReadAction\",\"target\":[\"https:\/\/avolux.ee\/fi\/galleria\/\"]}]},{\"@type\":\"BreadcrumbList\",\"@id\":\"https:\/\/avolux.ee\/fi\/galleria\/#breadcrumb\",\"itemListElement\":[{\"@type\":\"ListItem\",\"position\":1,\"name\":\"Home\",\"item\":\"https:\/\/avolux.ee\/fi\/\"},{\"@type\":\"ListItem\",\"position\":2,\"name\":\"Galleria\"}]},{\"@type\":\"WebSite\",\"@id\":\"https:\/\/avolux.ee\/fi\/#website\",\"url\":\"https:\/\/avolux.ee\/fi\/\",\"name\":\"Avolux\",\"description\":\"Metallm\u00f6\u00f6bel, disainm\u00f6\u00f6bel,  metallkapid\",\"publisher\":{\"@id\":\"https:\/\/avolux.ee\/fi\/#organization\"},\"potentialAction\":[{\"@type\":\"SearchAction\",\"target\":{\"@type\":\"EntryPoint\",\"urlTemplate\":\"https:\/\/avolux.ee\/fi\/?s={search_term_string}\"},\"query-input\":{\"@type\":\"PropertyValueSpecification\",\"valueRequired\":true,\"valueName\":\"search_term_string\"}}],\"inLanguage\":\"fi\"},{\"@type\":\"Organization\",\"@id\":\"https:\/\/avolux.ee\/fi\/#organization\",\"name\":\"Avolux O\u00dc\",\"url\":\"https:\/\/avolux.ee\/fi\/\",\"logo\":{\"@type\":\"ImageObject\",\"inLanguage\":\"fi\",\"@id\":\"https:\/\/avolux.ee\/fi\/#\/schema\/logo\/image\/\",\"url\":\"http:\/\/avolux.ee\/wp-content\/uploads\/2021\/02\/logo.png\",\"contentUrl\":\"http:\/\/avolux.ee\/wp-content\/uploads\/2021\/02\/logo.png\",\"width\":188,\"height\":76,\"caption\":\"Avolux O\u00dc\"},\"image\":{\"@id\":\"https:\/\/avolux.ee\/fi\/#\/schema\/logo\/image\/\"}}]}<\/script>\n<!-- \/ Yoast SEO plugin. -->","yoast_head_json":{"title":"Galleria - Avolux","description":"Metallkapid, Metallm\u00f6\u00f6bel, Disainm\u00f6\u00f6bel, Relvakapid, S\u00f5idukite lisatarvikud, Metallit\u00f6\u00f6d, Erinevad metalldetailid ehitustele, Keevitust\u00f6\u00f6d, Relvahoidjad, Eritellimust\u00f6\u00f6d, Allhanked, Eraisikutele tellimust\u00f6\u00f6d.","robots":{"index":"index","follow":"follow","max-snippet":"max-snippet:-1","max-image-preview":"max-image-preview:large","max-video-preview":"max-video-preview:-1"},"canonical":"https:\/\/avolux.ee\/fi\/galleria\/","og_locale":"fi_FI","og_type":"article","og_title":"Galleria - Avolux","og_description":"Metallkapid, Metallm\u00f6\u00f6bel, Disainm\u00f6\u00f6bel, Relvakapid, S\u00f5idukite lisatarvikud, Metallit\u00f6\u00f6d, Erinevad metalldetailid ehitustele, Keevitust\u00f6\u00f6d, Relvahoidjad, Eritellimust\u00f6\u00f6d, Allhanked, Eraisikutele tellimust\u00f6\u00f6d.","og_url":"https:\/\/avolux.ee\/fi\/galleria\/","og_site_name":"Avolux","article_modified_time":"2022-06-07T08:13:58+00:00","twitter_card":"summary_large_image","twitter_misc":{"Arvioitu lukuaika":"6 minuuttia"},"schema":{"@context":"https:\/\/schema.org","@graph":[{"@type":"WebPage","@id":"https:\/\/avolux.ee\/fi\/galleria\/","url":"https:\/\/avolux.ee\/fi\/galleria\/","name":"Galleria - Avolux","isPartOf":{"@id":"https:\/\/avolux.ee\/fi\/#website"},"datePublished":"2022-06-07T08:13:56+00:00","dateModified":"2022-06-07T08:13:58+00:00","description":"Metallkapid, Metallm\u00f6\u00f6bel, Disainm\u00f6\u00f6bel, Relvakapid, S\u00f5idukite lisatarvikud, Metallit\u00f6\u00f6d, Erinevad metalldetailid ehitustele, Keevitust\u00f6\u00f6d, Relvahoidjad, Eritellimust\u00f6\u00f6d, Allhanked, Eraisikutele tellimust\u00f6\u00f6d.","breadcrumb":{"@id":"https:\/\/avolux.ee\/fi\/galleria\/#breadcrumb"},"inLanguage":"fi","potentialAction":[{"@type":"ReadAction","target":["https:\/\/avolux.ee\/fi\/galleria\/"]}]},{"@type":"BreadcrumbList","@id":"https:\/\/avolux.ee\/fi\/galleria\/#breadcrumb","itemListElement":[{"@type":"ListItem","position":1,"name":"Home","item":"https:\/\/avolux.ee\/fi\/"},{"@type":"ListItem","position":2,"name":"Galleria"}]},{"@type":"WebSite","@id":"https:\/\/avolux.ee\/fi\/#website","url":"https:\/\/avolux.ee\/fi\/","name":"Avolux","description":"Metallm\u00f6\u00f6bel, disainm\u00f6\u00f6bel,  metallkapid","publisher":{"@id":"https:\/\/avolux.ee\/fi\/#organization"},"potentialAction":[{"@type":"SearchAction","target":{"@type":"EntryPoint","urlTemplate":"https:\/\/avolux.ee\/fi\/?s={search_term_string}"},"query-input":{"@type":"PropertyValueSpecification","valueRequired":true,"valueName":"search_term_string"}}],"inLanguage":"fi"},{"@type":"Organization","@id":"https:\/\/avolux.ee\/fi\/#organization","name":"Avolux O\u00dc","url":"https:\/\/avolux.ee\/fi\/","logo":{"@type":"ImageObject","inLanguage":"fi","@id":"https:\/\/avolux.ee\/fi\/#\/schema\/logo\/image\/","url":"http:\/\/avolux.ee\/wp-content\/uploads\/2021\/02\/logo.png","contentUrl":"http:\/\/avolux.ee\/wp-content\/uploads\/2021\/02\/logo.png","width":188,"height":76,"caption":"Avolux O\u00dc"},"image":{"@id":"https:\/\/avolux.ee\/fi\/#\/schema\/logo\/image\/"}}]}},"_links":{"self":[{"href":"https:\/\/avolux.ee\/fi\/wp-json\/wp\/v2\/pages\/26222","targetHints":{"allow":["GET"]}}],"collection":[{"href":"https:\/\/avolux.ee\/fi\/wp-json\/wp\/v2\/pages"}],"about":[{"href":"https:\/\/avolux.ee\/fi\/wp-json\/wp\/v2\/types\/page"}],"author":[{"embeddable":true,"href":"https:\/\/avolux.ee\/fi\/wp-json\/wp\/v2\/users\/1"}],"replies":[{"embeddable":true,"href":"https:\/\/avolux.ee\/fi\/wp-json\/wp\/v2\/comments?post=26222"}],"version-history":[{"count":3,"href":"https:\/\/avolux.ee\/fi\/wp-json\/wp\/v2\/pages\/26222\/revisions"}],"predecessor-version":[{"id":26236,"href":"https:\/\/avolux.ee\/fi\/wp-json\/wp\/v2\/pages\/26222\/revisions\/26236"}],"wp:attachment":[{"href":"https:\/\/avolux.ee\/fi\/wp-json\/wp\/v2\/media?parent=26222"}],"curies":[{"name":"wp","href":"https:\/\/api.w.org\/{rel}","templated":true}]}}