{"id":26657,"date":"2024-03-13T09:04:06","date_gmt":"2024-03-13T09:04:06","guid":{"rendered":"http:\/\/avolux.ee\/?page_id=26657"},"modified":"2024-03-13T09:14:14","modified_gmt":"2024-03-13T09:14:14","slug":"toopakkumised","status":"publish","type":"page","link":"https:\/\/avolux.ee\/et\/toopakkumised\/","title":{"rendered":"T\u00f6\u00f6pakkumised"},"content":{"rendered":"<p>[et_pb_section fb_built=&#8221;1&#8243; admin_label=&#8221;Coaching&#8221; _builder_version=&#8221;4.16&#8243; background_color=&#8221;#fafafa&#8221; custom_padding=&#8221;4px||116px|||&#8221; global_colors_info=&#8221;{}&#8221;][et_pb_row _builder_version=&#8221;4.16&#8243; custom_margin=&#8221;31px|auto||auto||&#8221; global_colors_info=&#8221;{}&#8221;][et_pb_column type=&#8221;4_4&#8243; _builder_version=&#8221;4.16&#8243; custom_padding=&#8221;|||&#8221; global_colors_info=&#8221;{}&#8221; custom_padding__hover=&#8221;|||&#8221;][et_pb_text _builder_version=&#8221;4.17.4&#8243; text_font=&#8221;Roboto Condensed||||||||&#8221; text_font_size=&#8221;17px&#8221; text_line_height=&#8221;2em&#8221; header_font=&#8221;||||||||&#8221; header_3_font=&#8221;Roboto Condensed|700|||||||&#8221; header_3_font_size=&#8221;36px&#8221; header_3_line_height=&#8221;1.6em&#8221; text_orientation=&#8221;center&#8221; max_width=&#8221;600px&#8221; module_alignment=&#8221;center&#8221; custom_padding=&#8221;4px|||||&#8221; hover_enabled=&#8221;0&#8243; header_3_font_size_tablet=&#8221;&#8221; header_3_font_size_phone=&#8221;20px&#8221; header_3_font_size_last_edited=&#8221;on|phone&#8221; locked=&#8221;off&#8221; global_colors_info=&#8221;{}&#8221; sticky_enabled=&#8221;0&#8243;]<\/p>\n<h3>T\u00f6\u00f6pakkumised<\/h3>\n<p>Oleme otsimas oma laienevasse meeskonda kogemustega, motiveeritud t\u00f6\u00f6tajaid<\/span>[\/et_pb_text][\/et_pb_column][\/et_pb_row][et_pb_row column_structure=&#8221;1_4,1_4,1_4,1_4&#8243; _builder_version=&#8221;4.16&#8243; custom_margin=&#8221;13px|auto||auto||&#8221; locked=&#8221;off&#8221; global_colors_info=&#8221;{}&#8221;][et_pb_column type=&#8221;1_4&#8243; _builder_version=&#8221;4.16&#8243; custom_padding=&#8221;|||&#8221; global_colors_info=&#8221;{}&#8221; custom_padding__hover=&#8221;|||&#8221;][et_pb_blurb title=&#8221;Ostujuht&#8221; image=&#8221;http:\/\/avolux.ee\/wp-content\/uploads\/2024\/03\/user-pin.png&#8221; image_icon_width=&#8221;80px&#8221; image_icon_width_tablet=&#8221;60px&#8221; image_icon_width_phone=&#8221;60px&#8221; image_icon_width_last_edited=&#8221;on|tablet&#8221; _builder_version=&#8221;4.17.4&#8243; header_font=&#8221;Roboto Condensed|700|||||||&#8221; header_font_size=&#8221;20px&#8221; header_line_height=&#8221;1.8em&#8221; body_font=&#8221;Roboto Condensed||||||||&#8221; body_font_size=&#8221;15px&#8221; body_line_height=&#8221;2em&#8221; background_color=&#8221;#ffffff&#8221; text_orientation=&#8221;center&#8221; custom_padding=&#8221;30px|30px|30px|30px|true|true&#8221; animation_style=&#8221;zoom&#8221; animation_intensity_zoom=&#8221;10%&#8221; hover_enabled=&#8221;0&#8243; border_radii=&#8221;on|10px|10px|10px|10px&#8221; border_radii_image=&#8221;on|100px|100px|100px|100px&#8221; box_shadow_vertical=&#8221;10px&#8221; box_shadow_blur=&#8221;60px&#8221; box_shadow_color=&#8221;rgba(1,33,92,0.1)&#8221; image_max_width=&#8221;80px&#8221; image_max_width_tablet=&#8221;60px&#8221; image_max_width_phone=&#8221;&#8221; image_max_width_last_edited=&#8221;on|tablet&#8221; global_colors_info=&#8221;{}&#8221; sticky_enabled=&#8221;0&#8243; title_text=&#8221;user-pin&#8221; image_icon_background_color=&#8221;RGBA(255,255,255,0)&#8221; border_color_all_image=&#8221;RGBA(255,255,255,0)&#8221;][\/et_pb_blurb][\/et_pb_column][et_pb_column type=&#8221;1_4&#8243; _builder_version=&#8221;4.16&#8243; custom_padding=&#8221;40px|||&#8221; custom_padding_tablet=&#8221;0px|||&#8221; custom_padding_last_edited=&#8221;off|desktop&#8221; global_colors_info=&#8221;{}&#8221; custom_padding__hover=&#8221;|||&#8221;][et_pb_blurb title=&#8221;Joonestaja \/ Projekteerija&#8221; image=&#8221;http:\/\/avolux.ee\/wp-content\/uploads\/2024\/03\/user-pin.png&#8221; image_icon_width=&#8221;80px&#8221; image_icon_width_tablet=&#8221;60px&#8221; image_icon_width_phone=&#8221;60px&#8221; image_icon_width_last_edited=&#8221;on|tablet&#8221; _builder_version=&#8221;4.17.4&#8243; header_font=&#8221;Roboto Condensed|700|||||||&#8221; header_font_size=&#8221;20px&#8221; header_line_height=&#8221;1.8em&#8221; body_font=&#8221;Roboto Condensed||||||||&#8221; body_font_size=&#8221;15px&#8221; body_line_height=&#8221;2em&#8221; background_color=&#8221;#ffffff&#8221; text_orientation=&#8221;center&#8221; custom_padding=&#8221;30px|30px|30px|30px|true|true&#8221; animation_style=&#8221;zoom&#8221; animation_intensity_zoom=&#8221;10%&#8221; hover_enabled=&#8221;0&#8243; border_radii=&#8221;on|10px|10px|10px|10px&#8221; border_radii_image=&#8221;on|100px|100px|100px|100px&#8221; box_shadow_vertical=&#8221;10px&#8221; box_shadow_blur=&#8221;60px&#8221; box_shadow_color=&#8221;rgba(1,33,92,0.1)&#8221; image_max_width=&#8221;80px&#8221; image_max_width_tablet=&#8221;60px&#8221; image_max_width_phone=&#8221;&#8221; image_max_width_last_edited=&#8221;on|tablet&#8221; global_colors_info=&#8221;{}&#8221; sticky_enabled=&#8221;0&#8243; title_text=&#8221;user-pin&#8221; image_icon_background_color=&#8221;RGBA(255,255,255,0)&#8221; border_color_all_image=&#8221;RGBA(255,255,255,0)&#8221;][\/et_pb_blurb][\/et_pb_column][et_pb_column type=&#8221;1_4&#8243; _builder_version=&#8221;4.16&#8243; custom_padding=&#8221;|||&#8221; global_colors_info=&#8221;{}&#8221; custom_padding__hover=&#8221;|||&#8221;][et_pb_blurb title=&#8221;Keevitaja (TIG)&#8221; image=&#8221;http:\/\/avolux.ee\/wp-content\/uploads\/2024\/03\/user-pin.png&#8221; image_icon_width=&#8221;80px&#8221; image_icon_width_tablet=&#8221;60px&#8221; image_icon_width_phone=&#8221;60px&#8221; image_icon_width_last_edited=&#8221;on|tablet&#8221; _builder_version=&#8221;4.17.4&#8243; header_font=&#8221;Roboto Condensed|700|||||||&#8221; header_font_size=&#8221;20px&#8221; header_line_height=&#8221;1.8em&#8221; body_font=&#8221;Roboto Condensed||||||||&#8221; body_font_size=&#8221;15px&#8221; body_line_height=&#8221;2em&#8221; background_color=&#8221;#ffffff&#8221; text_orientation=&#8221;center&#8221; custom_padding=&#8221;30px|30px|30px|30px|true|true&#8221; animation_style=&#8221;zoom&#8221; animation_intensity_zoom=&#8221;10%&#8221; hover_enabled=&#8221;0&#8243; border_radii=&#8221;on|10px|10px|10px|10px&#8221; border_radii_image=&#8221;on|100px|100px|100px|100px&#8221; box_shadow_vertical=&#8221;10px&#8221; box_shadow_blur=&#8221;60px&#8221; box_shadow_color=&#8221;rgba(1,33,92,0.1)&#8221; image_max_width=&#8221;80px&#8221; image_max_width_tablet=&#8221;60px&#8221; image_max_width_phone=&#8221;&#8221; image_max_width_last_edited=&#8221;on|tablet&#8221; global_colors_info=&#8221;{}&#8221; sticky_enabled=&#8221;0&#8243; title_text=&#8221;user-pin&#8221; image_icon_background_color=&#8221;RGBA(255,255,255,0)&#8221; border_color_all_image=&#8221;RGBA(255,255,255,0)&#8221;][\/et_pb_blurb][\/et_pb_column][et_pb_column type=&#8221;1_4&#8243; _builder_version=&#8221;4.16&#8243; custom_padding=&#8221;|||&#8221; global_colors_info=&#8221;{}&#8221; custom_padding__hover=&#8221;|||&#8221;][et_pb_blurb title=&#8221;Koostelukksepp&#8221; image=&#8221;http:\/\/avolux.ee\/wp-content\/uploads\/2024\/03\/user-pin.png&#8221; image_icon_width=&#8221;80px&#8221; image_icon_width_tablet=&#8221;60px&#8221; image_icon_width_phone=&#8221;60px&#8221; image_icon_width_last_edited=&#8221;on|tablet&#8221; _builder_version=&#8221;4.17.4&#8243; header_font=&#8221;Roboto Condensed|700|||||||&#8221; header_font_size=&#8221;20px&#8221; header_line_height=&#8221;1.8em&#8221; body_font=&#8221;Roboto Condensed||||||||&#8221; body_font_size=&#8221;15px&#8221; body_line_height=&#8221;2em&#8221; background_color=&#8221;#ffffff&#8221; text_orientation=&#8221;center&#8221; custom_padding=&#8221;30px|30px|30px|30px|true|true&#8221; animation_style=&#8221;zoom&#8221; animation_intensity_zoom=&#8221;10%&#8221; hover_enabled=&#8221;0&#8243; border_radii=&#8221;on|10px|10px|10px|10px&#8221; border_radii_image=&#8221;on|100px|100px|100px|100px&#8221; box_shadow_vertical=&#8221;10px&#8221; box_shadow_blur=&#8221;60px&#8221; box_shadow_color=&#8221;rgba(1,33,92,0.1)&#8221; image_max_width=&#8221;80px&#8221; image_max_width_tablet=&#8221;60px&#8221; image_max_width_phone=&#8221;&#8221; image_max_width_last_edited=&#8221;on|tablet&#8221; global_colors_info=&#8221;{}&#8221; sticky_enabled=&#8221;0&#8243; title_text=&#8221;user-pin&#8221; image_icon_background_color=&#8221;RGBA(255,255,255,0)&#8221; border_color_all_image=&#8221;RGBA(255,255,255,0)&#8221; custom_margin=&#8221;30px||||false|false&#8221;][\/et_pb_blurb][\/et_pb_column][\/et_pb_row][\/et_pb_section]<\/p>\n","protected":false},"excerpt":{"rendered":"<p>T\u00f6\u00f6pakkumised Oleme otsimas oma laienevasse meeskonda kogemustega, motiveeritud t\u00f6\u00f6tajaid<\/p>\n","protected":false},"author":3,"featured_media":0,"parent":0,"menu_order":0,"comment_status":"closed","ping_status":"closed","template":"","meta":{"_et_pb_use_builder":"on","_et_pb_old_content":"","_et_gb_content_width":"","footnotes":""},"class_list":["post-26657","page","type-page","status-publish","hentry"],"yoast_head":"<!-- This site is optimized with the Yoast SEO plugin v24.1 - https:\/\/yoast.com\/wordpress\/plugins\/seo\/ -->\n<title>Teenused - Avolux<\/title>\n<meta name=\"description\" content=\"Trepid : metalltrepid, puit-metalltrepid, trepiplatvormid,k\u00e4sipuud ning piirded. Teostame m\u00f5\u00f5tmised ja paigaldame valmiskonstruktsioonid. K\u00f5ik trepid valmivad tellimust\u00f6\u00f6na!\" \/>\n<meta name=\"robots\" content=\"index, follow, max-snippet:-1, max-image-preview:large, max-video-preview:-1\" \/>\n<link rel=\"canonical\" href=\"https:\/\/avolux.ee\/et\/toopakkumised\/\" \/>\n<meta property=\"og:locale\" content=\"et_EE\" \/>\n<meta property=\"og:type\" content=\"article\" \/>\n<meta property=\"og:title\" content=\"Teenused - Avolux\" \/>\n<meta property=\"og:description\" content=\"Trepid : metalltrepid, puit-metalltrepid, trepiplatvormid,k\u00e4sipuud ning piirded. Teostame m\u00f5\u00f5tmised ja paigaldame valmiskonstruktsioonid. K\u00f5ik trepid valmivad tellimust\u00f6\u00f6na!\" \/>\n<meta property=\"og:url\" content=\"https:\/\/avolux.ee\/et\/toopakkumised\/\" \/>\n<meta property=\"og:site_name\" content=\"Avolux\" \/>\n<meta property=\"article:modified_time\" content=\"2024-03-13T09:14:14+00:00\" \/>\n<meta name=\"twitter:card\" content=\"summary_large_image\" \/>\n<meta name=\"twitter:label1\" content=\"Est. reading time\" \/>\n\t<meta name=\"twitter:data1\" content=\"4 minutit\" \/>\n<script type=\"application\/ld+json\" class=\"yoast-schema-graph\">{\"@context\":\"https:\/\/schema.org\",\"@graph\":[{\"@type\":\"WebPage\",\"@id\":\"https:\/\/avolux.ee\/et\/toopakkumised\/\",\"url\":\"https:\/\/avolux.ee\/et\/toopakkumised\/\",\"name\":\"Teenused - Avolux\",\"isPartOf\":{\"@id\":\"https:\/\/avolux.ee\/et\/#website\"},\"datePublished\":\"2024-03-13T09:04:06+00:00\",\"dateModified\":\"2024-03-13T09:14:14+00:00\",\"description\":\"Trepid : metalltrepid, puit-metalltrepid, trepiplatvormid,k\u00e4sipuud ning piirded. Teostame m\u00f5\u00f5tmised ja paigaldame valmiskonstruktsioonid. K\u00f5ik trepid valmivad tellimust\u00f6\u00f6na!\",\"breadcrumb\":{\"@id\":\"https:\/\/avolux.ee\/et\/toopakkumised\/#breadcrumb\"},\"inLanguage\":\"et\",\"potentialAction\":[{\"@type\":\"ReadAction\",\"target\":[\"https:\/\/avolux.ee\/et\/toopakkumised\/\"]}]},{\"@type\":\"BreadcrumbList\",\"@id\":\"https:\/\/avolux.ee\/et\/toopakkumised\/#breadcrumb\",\"itemListElement\":[{\"@type\":\"ListItem\",\"position\":1,\"name\":\"Home\",\"item\":\"https:\/\/avolux.ee\/et\/\"},{\"@type\":\"ListItem\",\"position\":2,\"name\":\"T\u00f6\u00f6pakkumised\"}]},{\"@type\":\"WebSite\",\"@id\":\"https:\/\/avolux.ee\/et\/#website\",\"url\":\"https:\/\/avolux.ee\/et\/\",\"name\":\"Avolux\",\"description\":\"Metallm\u00f6\u00f6bel, disainm\u00f6\u00f6bel,  metallkapid\",\"publisher\":{\"@id\":\"https:\/\/avolux.ee\/et\/#organization\"},\"potentialAction\":[{\"@type\":\"SearchAction\",\"target\":{\"@type\":\"EntryPoint\",\"urlTemplate\":\"https:\/\/avolux.ee\/et\/?s={search_term_string}\"},\"query-input\":{\"@type\":\"PropertyValueSpecification\",\"valueRequired\":true,\"valueName\":\"search_term_string\"}}],\"inLanguage\":\"et\"},{\"@type\":\"Organization\",\"@id\":\"https:\/\/avolux.ee\/et\/#organization\",\"name\":\"Avolux O\u00dc\",\"url\":\"https:\/\/avolux.ee\/et\/\",\"logo\":{\"@type\":\"ImageObject\",\"inLanguage\":\"et\",\"@id\":\"https:\/\/avolux.ee\/et\/#\/schema\/logo\/image\/\",\"url\":\"http:\/\/avolux.ee\/wp-content\/uploads\/2021\/02\/logo.png\",\"contentUrl\":\"http:\/\/avolux.ee\/wp-content\/uploads\/2021\/02\/logo.png\",\"width\":188,\"height\":76,\"caption\":\"Avolux O\u00dc\"},\"image\":{\"@id\":\"https:\/\/avolux.ee\/et\/#\/schema\/logo\/image\/\"}}]}<\/script>\n<!-- \/ Yoast SEO plugin. -->","yoast_head_json":{"title":"Teenused - Avolux","description":"Trepid : metalltrepid, puit-metalltrepid, trepiplatvormid,k\u00e4sipuud ning piirded. Teostame m\u00f5\u00f5tmised ja paigaldame valmiskonstruktsioonid. K\u00f5ik trepid valmivad tellimust\u00f6\u00f6na!","robots":{"index":"index","follow":"follow","max-snippet":"max-snippet:-1","max-image-preview":"max-image-preview:large","max-video-preview":"max-video-preview:-1"},"canonical":"https:\/\/avolux.ee\/et\/toopakkumised\/","og_locale":"et_EE","og_type":"article","og_title":"Teenused - Avolux","og_description":"Trepid : metalltrepid, puit-metalltrepid, trepiplatvormid,k\u00e4sipuud ning piirded. Teostame m\u00f5\u00f5tmised ja paigaldame valmiskonstruktsioonid. K\u00f5ik trepid valmivad tellimust\u00f6\u00f6na!","og_url":"https:\/\/avolux.ee\/et\/toopakkumised\/","og_site_name":"Avolux","article_modified_time":"2024-03-13T09:14:14+00:00","twitter_card":"summary_large_image","twitter_misc":{"Est. reading time":"4 minutit"},"schema":{"@context":"https:\/\/schema.org","@graph":[{"@type":"WebPage","@id":"https:\/\/avolux.ee\/et\/toopakkumised\/","url":"https:\/\/avolux.ee\/et\/toopakkumised\/","name":"Teenused - Avolux","isPartOf":{"@id":"https:\/\/avolux.ee\/et\/#website"},"datePublished":"2024-03-13T09:04:06+00:00","dateModified":"2024-03-13T09:14:14+00:00","description":"Trepid : metalltrepid, puit-metalltrepid, trepiplatvormid,k\u00e4sipuud ning piirded. Teostame m\u00f5\u00f5tmised ja paigaldame valmiskonstruktsioonid. K\u00f5ik trepid valmivad tellimust\u00f6\u00f6na!","breadcrumb":{"@id":"https:\/\/avolux.ee\/et\/toopakkumised\/#breadcrumb"},"inLanguage":"et","potentialAction":[{"@type":"ReadAction","target":["https:\/\/avolux.ee\/et\/toopakkumised\/"]}]},{"@type":"BreadcrumbList","@id":"https:\/\/avolux.ee\/et\/toopakkumised\/#breadcrumb","itemListElement":[{"@type":"ListItem","position":1,"name":"Home","item":"https:\/\/avolux.ee\/et\/"},{"@type":"ListItem","position":2,"name":"T\u00f6\u00f6pakkumised"}]},{"@type":"WebSite","@id":"https:\/\/avolux.ee\/et\/#website","url":"https:\/\/avolux.ee\/et\/","name":"Avolux","description":"Metallm\u00f6\u00f6bel, disainm\u00f6\u00f6bel,  metallkapid","publisher":{"@id":"https:\/\/avolux.ee\/et\/#organization"},"potentialAction":[{"@type":"SearchAction","target":{"@type":"EntryPoint","urlTemplate":"https:\/\/avolux.ee\/et\/?s={search_term_string}"},"query-input":{"@type":"PropertyValueSpecification","valueRequired":true,"valueName":"search_term_string"}}],"inLanguage":"et"},{"@type":"Organization","@id":"https:\/\/avolux.ee\/et\/#organization","name":"Avolux O\u00dc","url":"https:\/\/avolux.ee\/et\/","logo":{"@type":"ImageObject","inLanguage":"et","@id":"https:\/\/avolux.ee\/et\/#\/schema\/logo\/image\/","url":"http:\/\/avolux.ee\/wp-content\/uploads\/2021\/02\/logo.png","contentUrl":"http:\/\/avolux.ee\/wp-content\/uploads\/2021\/02\/logo.png","width":188,"height":76,"caption":"Avolux O\u00dc"},"image":{"@id":"https:\/\/avolux.ee\/et\/#\/schema\/logo\/image\/"}}]}},"_links":{"self":[{"href":"https:\/\/avolux.ee\/et\/wp-json\/wp\/v2\/pages\/26657","targetHints":{"allow":["GET"]}}],"collection":[{"href":"https:\/\/avolux.ee\/et\/wp-json\/wp\/v2\/pages"}],"about":[{"href":"https:\/\/avolux.ee\/et\/wp-json\/wp\/v2\/types\/page"}],"author":[{"embeddable":true,"href":"https:\/\/avolux.ee\/et\/wp-json\/wp\/v2\/users\/3"}],"replies":[{"embeddable":true,"href":"https:\/\/avolux.ee\/et\/wp-json\/wp\/v2\/comments?post=26657"}],"version-history":[{"count":5,"href":"https:\/\/avolux.ee\/et\/wp-json\/wp\/v2\/pages\/26657\/revisions"}],"predecessor-version":[{"id":26682,"href":"https:\/\/avolux.ee\/et\/wp-json\/wp\/v2\/pages\/26657\/revisions\/26682"}],"wp:attachment":[{"href":"https:\/\/avolux.ee\/et\/wp-json\/wp\/v2\/media?parent=26657"}],"curies":[{"name":"wp","href":"https:\/\/api.w.org\/{rel}","templated":true}]}}