{"id":26594,"date":"2024-01-09T08:03:56","date_gmt":"2024-01-09T08:03:56","guid":{"rendered":"http:\/\/avolux.ee\/?page_id=26594"},"modified":"2024-01-09T08:54:25","modified_gmt":"2024-01-09T08:54:25","slug":"garantiitingimused","status":"publish","type":"page","link":"https:\/\/avolux.ee\/et\/garantiitingimused\/","title":{"rendered":"Garantiitingimused"},"content":{"rendered":"<p>[et_pb_section fb_built=&#8221;1&#8243; admin_label=&#8221;Hero&#8221; _builder_version=&#8221;4.16&#8243; background_image=&#8221;http:\/\/avolux.ee\/wp-content\/uploads\/2021\/02\/circle-background-pattern.png&#8221; custom_margin=&#8221;-57px|||||&#8221; custom_padding=&#8221;55px||0px|||&#8221; animation_style=&#8221;zoom&#8221; animation_intensity_zoom=&#8221;4%&#8221; global_colors_info=&#8221;{}&#8221;][et_pb_row _builder_version=&#8221;4.16&#8243; background_size=&#8221;initial&#8221; background_position=&#8221;top_left&#8221; background_repeat=&#8221;repeat&#8221; custom_padding=&#8221;|||&#8221; animation_style=&#8221;slide&#8221; animation_direction=&#8221;top&#8221; animation_intensity_slide=&#8221;3%&#8221; global_colors_info=&#8221;{}&#8221;][et_pb_column type=&#8221;4_4&#8243; _builder_version=&#8221;4.16&#8243; custom_padding=&#8221;|||&#8221; global_colors_info=&#8221;{}&#8221; custom_padding__hover=&#8221;|||&#8221;][et_pb_text _builder_version=&#8221;4.17.4&#8243; text_font=&#8221;||||||||&#8221; header_font=&#8221;Montserrat|700||on|||||dotted&#8221; header_text_color=&#8221;#353740&#8243; header_font_size=&#8221;60px&#8221; header_line_height=&#8221;1.3em&#8221; background_size=&#8221;initial&#8221; background_position=&#8221;top_left&#8221; background_repeat=&#8221;repeat&#8221; custom_margin=&#8221;|||&#8221; animation_style=&#8221;fade&#8221; header_font_size_last_edited=&#8221;off|desktop&#8221; locked=&#8221;off&#8221; global_colors_info=&#8221;{}&#8221;]<\/p>\n<h1>Garantiitingimused<\/h1>\n<p>[\/et_pb_text][\/et_pb_column][\/et_pb_row][\/et_pb_section][et_pb_section fb_built=&#8221;1&#8243; _builder_version=&#8221;4.16&#8243; _module_preset=&#8221;default&#8221; custom_padding=&#8221;30px||138px|||&#8221; global_colors_info=&#8221;{}&#8221;][et_pb_row _builder_version=&#8221;4.17.4&#8243; _module_preset=&#8221;default&#8221; custom_padding=&#8221;31px|||||&#8221;][et_pb_column _builder_version=&#8221;4.17.4&#8243; _module_preset=&#8221;default&#8221; type=&#8221;4_4&#8243;][et_pb_text _builder_version=&#8221;4.17.4&#8243; _module_preset=&#8221;default&#8221; hover_enabled=&#8221;0&#8243; sticky_enabled=&#8221;0&#8243; custom_css_main_element=&#8221;ol {||        list-style-type: none;||        counter-reset: item;||        margin: 0;||        padding: 0;||      }||      li {||        display: table;||        counter-increment: item;||        margin-bottom: 0.6em;||      }||      li:before {||        content: counters(item, %22.%22) %22. %22;||        display: table-cell;||        padding-right: 0.6em;||      }||      li li {||        margin: 0;||      }||      li li:before {||        content: counters(item, %22.%22) %22 %22;||      }&#8221;]<\/p>\n<p><strong>AVOLUX O\u00dc GARANTIITINGIMUSED (KEHTIVAD ALATES 01.11.2023)<\/strong><\/p>\n<p><strong><\/strong><\/p>\n<ol>\n<li>\n<h3>GARANTII SISU JA KEHTIVUSAEG<\/h3>\n<ol>\n<li>AVOLUX O\u00dc (edaspidi Avolux) annab pinnakatteta valmistatud toodetele t\u00f6\u00f6v\u00f5tugarantii 24 (kaksk\u00fcmmend neli) kalendrikuud\u00a0 alates detailide, seadmete v\u00f5i t\u00f6\u00f6de kohta arve v\u00e4ljastamise kuup\u00e4evast kliendile.<\/li>\n<li>Avolux annab pinnakattega valmistatud\u00a0 toodetele pinnakatte t\u00f6\u00f6v\u00f5tugarantii alates detailide,seadmete v\u00f5i t\u00f6\u00f6de kohta arve v\u00e4ljastamisest kliendile :<br \/>24 kalendrikuud \u2013 kuumtsingitud ja kuumtsingitud + pulberv\u00e4rvitud toodetele<br \/>12 kalendrikuud \u2013 tsinkkrunditud + pulberv\u00e4rvitud toodetele <br \/>12 kalendrikuud \u2013 otse toormetallile pulberv\u00e4rvitud toodetele, mida on kasutatud sisetingimustes\n<p>GARANTIID EI OLE \u2013 otse toormetallile pulberv\u00e4rvitud toodetele, mida on kasutatud v\u00e4listingimustes<\/p>\n<p style=\"color: red;\">Garantii ei laiene Avolux\u00a0 poolt mitte toodetud, pulberv\u00e4rvimisse toodud ja hiljem t\u00f6\u00f6deldavatele toodetele.<\/p>\n<p><strong><em>Pulberv\u00e4rvitud toodetele saame anda garantii, kui tooted on eelnevalt:<\/em><\/strong><\/p>\n<p><em>Anodeerimata ja v\u00e4rvimata;<br \/><\/em>Roostest, tsingir\u00e4bust, -tahmast ja muust m\u00e4\u00e4rdumisest puhtad. Detailide t\u00e4iendaval puhastamisel lisandub kokkuleppeline puhastustasu;<br \/>Kaetud keermetega. Keermed, mis ei tohi v\u00e4rvi saada, peavad olema kliendi poolt eelnevalt kaetud (v\u00f5imalused:\u00a0 kasutada spetsiaalseid katteteipe v\u00f5i silikoonkatteid, mitte maalriteipi). Keermete katmise saab vajadusel meilt tellida;<br \/>Puhastatud silikoonist (v.a. kuumakindel silikoon), markerikirjadest, kummitihenditest, teipide ja liimipindadest (siltide ja teipide j\u00e4\u00e4nuk);<br \/>Varustatud riputusavade v\u00f5i \u2013kohtadega. Toodet peab olema v\u00f5imalik riputada. Riputusavade tegemise saab vajadusel meilt tellida.<\/p>\n<p><em><strong>Valmistoodete pakkimine ei kuulu teenuse juurde. Pakkimise asjaolud lepitakse eraldi kokku.<\/strong><\/em><\/p>\n<p><em><strong> <\/strong><\/em><\/p>\n<p><em><strong><\/strong><\/em><\/p>\n<p><em><strong><\/strong><\/em><\/p>\n<\/li>\n<li>AVOLUX annab paigaldatud lisatarvikutele ja seadmetele m\u00fc\u00fcgigarantii vastavalt lisatarviku v\u00f5i seadme tootjapoolsetele juhistele ja garantiitingimustele, alates s\u00f5iduki, detailide, seadmete v\u00f5i t\u00f6\u00f6de \u00fcleandmisep\u00e4evast kliendile.<\/li>\n<li>M\u00fc\u00fcgigarantiiga on h\u00f5lmatud AVOLUX\u00a0 poolt kliendile m\u00fc\u00fcdud uued lisatarvikud ja seadmed (edaspidi: detailid). M\u00fc\u00fcgigarantii alla ei kuulu kliendi poolt paigaldamiseks toodud uued v\u00f5i kasutatud seadmed (detailid).<\/li>\n<li>Juhul, kui garantii kehtivuse ajal ilmnevad puudused, millised on h\u00f5lmatud m\u00fc\u00fcgigarantiiga v\u00f5i t\u00f6\u00f6v\u00f5tugarantiiga ning puudus likvideeritakse (remonditakse) garantiikorras, siis tulenevalt V\u00f5la\u00f5igusseadusest \u00a7231 lg 4 p-st 3 pikeneb konkreetselt vealise osa v\u00f5i puuduse garantiiaeg, remondisoleku aja (puuduse likvideerimiseks kulunud aja) v\u00f5rra.<\/li>\n<li>Garantii katkeb, kui tooteid muudetakse v\u00f5i remonditakse (sealhulgas demonteeritakse ajutiselt) ilma garantii andja (Avolux) kirjaliku loata.<\/li>\n<li>Avoluxil on \u00f5igus erijuhtudel garantii kehtivusaega \u00fchepoolselt pikendada.<\/li>\n<\/ol>\n<\/li>\n<li>\n<h3>GARANTIITINGIMUSED<\/h3>\n<ol>\n<li>Garantii kehtib, kui on t\u00e4idetud allj\u00e4rgnevad tingimused:<\/li>\n<ol>\n<li>Kliendil on esitatud v\u00f5i esitada t\u00e4idetud ja allkirjastatud AVOLUX v\u00f5i detaili tootja garantiit\u00f5end v\u00f5i ostudokument.<\/li>\n<li>Tooteid ei ole j\u00e4etud hooletusse, kasutatud valesti, ei ole teostatud \u00fcmberehitusi ja remonti (sealhulgas demontaa\u017ei) selleks Avolux O\u00dc poolt kirjalikku volitust mitteomavate juriidiliste v\u00f5i f\u00fc\u00fcsiliste isikute poolt.<\/li>\n<li>Seadmeid on kasutatud ja hooldatud vastavalt tootjapoolsetele kasutusjuhenditele ja AVOLUX O\u00dc juhistele.<\/li>\n<li>Klient ei oma materiaalseid ega rahalisi v\u00f5lgnevusi AVOLUXi ees.<\/li>\n<li>Riigihangete raames valmistatud toodetele v\u00f5ivad kehtida k\u00e4esolevatest tingimustest erinevad garantiitingimused.<\/li>\n<\/ol>\n<\/ol>\n<\/li>\n<li>\n<h3>GARANTII ALLA KUULUB<\/h3>\n<ol>\n<li>M\u00fc\u00fcgigarantii alla kuuluvad j\u00e4rgmised puudused:<\/li>\n<ol>\n<li>uute detailide tootjapoolsed valmistusvead, vastavalt toote valmistaja tingimustele<\/li>\n<li>puudused materjalis, millest uus detail on valmistatud,<\/li>\n<li>puudused, millised on tekkinud seoses uue detaili eba\u00f5ige ja mitten\u00f5uetekohase paigaldamisega garantii andja poolt.<\/li>\n<\/ol>\n<li>T\u00f6\u00f6v\u00f5tugarantii alla kuuluvad j\u00e4rgmised puudused:<\/li>\n<ol>\n<li>puudused garantii andja poolt kliendile osutatud teenuses, mis on tekkinud seoses garantii andja t\u00f6\u00f6taja ebakvaliteetsest t\u00f6\u00f6st v\u00f5i garantii andja t\u00f6\u00f6taja poolsest teenuse tehnoloogia n\u00f5uete rikkumisest.<\/li>\n<\/ol>\n<\/ol>\n<\/li>\n<li>\n<h3>GARANTII ALLA EI KUULU<\/h3>\n<ol>\n<li>Normaalsest kulumisest tingitud puudused.<\/li>\n<li>AVOLUXi poolt heakskiitmata osade paigaldamisest tingitud puudused.<\/li>\n<li>Puudused, millised on tekkinud Avoluxi poolt mittevolitatud juriidiliste v\u00f5i f\u00fc\u00fcsiliste isikute poolt \u00fcmberehitust\u00f6\u00f6de, remondit\u00f6\u00f6de (sealhulgas demontaa\u017e) v\u00f5i tarvikute-varuosade paigalduse tulemusena.<\/li>\n<li>Puudused, millised on tingitud kliendi poolt detailide v\u00f5i toodete monteerimisega v\u00f5i demonteerimisega.<\/li>\n<li>Puudused, millised on tingitud juhuvigastustest, avariidest ja muudest mehaanilisest tegevustest.<\/li>\n<li>Valmistusvead ja materjali kvaliteedist tingitud puudused ning nendest puudustest tingitud teised puudused, millistest on teavitatud klienti ja palutud kliendil ilmuda puuduste k\u00f5rvaldamiseks Avoluxi teatud ajavahemiku jooksul, kuid klient ei ole ilmunud puuduste k\u00f5rvaldamisse etteantud ajavahemiku jooksul ega ei ole teavitanud ilmumise v\u00f5imatusest ja leppinud kokku Avoluxiga uut puuduste k\u00f5rvaldamise kohta ja aega.<\/li>\n<li>Mittesihip\u00e4rasest kasutamisest tingitud puudused.<\/li>\n<li>Puudulikust hooldamisest ja kasutusjuhendi mittej\u00e4rgimisest tingitud puudused.<\/li>\n<li>Puudused, millised seotud detailidega v\u00f5i toodetega, millised on juba enne kliendile m\u00fc\u00fcmist eelnevalt olnud kasutuses.<\/li>\n<li>T\u00f6\u00f6v\u00f5tugarantii ei laiene teenustele, millised on seotud asjaoluga, et klient tellib tervikliku teenuse asemel osa teenusest.<\/li>\n<li>Garantii alla ei kuulu garantiijuhtumite korral kliendi reisikulude, s\u00f5idukulude, pukseerimiskulude, majutuskulude, toote seismisest ja remondis viibimisest tekkivate kulude ja saamata j\u00e4\u00e4nud tulude ning muude garantiijuhtumitest tekkinud kulude h\u00fcvitamine.<\/li>\n<\/ol>\n<\/li>\n<li>\n<h3>GARANTII KATE<\/h3>\n<ol>\n<li>Juhul, kui ilmnevad puudused garantiiaja jooksul kas valmistamise v\u00f5i materjali defektsuse t\u00f5ttu, sooritatakse vastavad vajaminevad parandust\u00f6\u00f6d Avoluxis.<\/li>\n<li>Kui m\u00f5nel osal ilmneb defekt puuduste t\u00f5ttu, kas tootmise v\u00f5i materjali madala kvaliteedi t\u00f5ttu garantiiaja jooksul, siis osa kas parandatakse v\u00f5i vahetatakse (valiku osas kuulub otsustus\u00f5igus t\u00e4ielikult Avoluxile) Avoluxis.<\/li>\n<li>Erandkorras (kui toodet ei saa transportida v\u00f5i ta ei asu Tallinnas) v\u00f5ib teostada ka puuduse parandamist Avoluxi poolt volitatud ettev\u00f5ttes, iga juhtumi korral eelnevalt kokku leppides ja vastavale ettev\u00f5ttele AVOLUXi poolt kirjaliku tellimuse esitamisel enne teostatavaid t\u00f6id.<\/li>\n<\/ol>\n<\/li>\n<li>\n<h3>GARANTII EDASIANDMINE<\/h3>\n<ol>\n<li>Toote m\u00fc\u00fcmisel kantakse garantii automaatselt tasuta \u00fcle uuele kliendile. Kindlustamaks garantii kehtimist uuele kliendile, tuleb uuel kliendil t\u00e4ita ja saata Avoluxile omandi\u00f5iguse \u00fclemineku dokument v\u00f5i teatis.<\/li>\n<\/ol>\n<\/li>\n<li>\n<h3>TEGUTSEMINE PUUDUSTE ILMNEMISE KORRAL<\/h3>\n<ol>\n<li>Klient peab teavitama v\u00f5imalikust puudusest Avoluxi alltoodud kontaktidel: AVOLUX O\u00dc GAASI 6A TALLINN EESTI\u00a0\u00a0 \u00a0TEL: +372 53403714 E-mail: <a href=\"mailto:avolux@avolux.ee\">avolux@avolux.ee<\/a><\/li>\n<li>Klient on puudusest teatanud, kui Avoluxile on esitatud kirjalik pretensioon, millele on lisatud j\u00e4rgmised andmed:<\/li>\n<ol>\n<li>kirjalik selgitus asjaolude kohta, millal puudus avastati ja milles puudus seisneb ning millest v\u00f5ib puudus olla tingitud,<\/li>\n<li>lisainfot anda v\u00f5iva isiku nimi ja kontaktandmed,<\/li>\n<li>ostudokumendi koopia v\u00f5i muu usaldusv\u00e4\u00e4rse info, milline kinnitab garantii kehtivust.<\/li>\n<li>Vajaduse korral on Avoluxil \u00f5igus n\u00f5uda kliendilt t\u00e4iendavate andmete esitamist.<\/li>\n<\/ol>\n<li>Pretensioon peab olema tehtud m\u00f5istliku, kuid v\u00f5imalikult kiire aja jooksul peale puuduse avastamist v\u00f5i ilmnemist v\u00f5i kui oleks pidanud puuduse avastama. Pretensiooni v\u00f5ib esitada maksimaalselt 10 (k\u00fcmme) p\u00e4eva jooksul alates puuduse ilmnemisest v\u00f5i avastamisest v\u00f5i kui oleks pidanud puuduse avastama.<\/li>\n<li>Klient peab puuduse korral alati tegutsema nii, et puudus ei tekitaks mingisuguseid lisakahjusid.<\/li>\n<li>Puuduse korral on kliendil \u00f5igus n\u00f5uda, et garantiiandja k\u00f5rvaldab puuduse m\u00f5istliku aja jooksul alates pretensiooni esitamisest O\u00dc-le Avolux.<\/li>\n<li>Puuduse k\u00f5rvaldamine teostatakse Avolux punktis 7.1. toodud aadressil v\u00f5i Avoluxi poolt m\u00e4\u00e4ratud kohas, kuhu klient on kohustatud s\u00f5iduki v\u00f5i toote toimetama oma kuludega 10 (k\u00fcmne) p\u00e4eva jooksul.<\/li>\n<li>AVOLUX O\u00dc ei h\u00fcvita teiste ettev\u00f5tete kaudu laekuvaid, v\u00e4idetavate AVOLUX O\u00dc garantiijuhtumite lahendamise eest esitatavaid, arveid.<\/li>\n<\/ol>\n<\/li>\n<\/ol>\n<p>[\/et_pb_text][\/et_pb_column][\/et_pb_row][\/et_pb_section]<\/p>\n","protected":false},"excerpt":{"rendered":"<p>GarantiitingimusedAVOLUX O\u00dc GARANTIITINGIMUSED (KEHTIVAD ALATES 01.11.2023) GARANTII SISU JA KEHTIVUSAEG AVOLUX O\u00dc (edaspidi Avolux) annab pinnakatteta valmistatud toodetele t\u00f6\u00f6v\u00f5tugarantii 24 (kaksk\u00fcmmend neli) kalendrikuud\u00a0 alates detailide, seadmete v\u00f5i t\u00f6\u00f6de kohta arve v\u00e4ljastamise kuup\u00e4evast kliendile. Avolux annab pinnakattega valmistatud\u00a0 toodetele pinnakatte t\u00f6\u00f6v\u00f5tugarantii alates detailide,seadmete v\u00f5i t\u00f6\u00f6de kohta arve v\u00e4ljastamisest kliendile :24 kalendrikuud \u2013 kuumtsingitud ja kuumtsingitud + [&hellip;]<\/p>\n","protected":false},"author":3,"featured_media":0,"parent":0,"menu_order":0,"comment_status":"closed","ping_status":"closed","template":"","meta":{"_et_pb_use_builder":"on","_et_pb_old_content":"","_et_gb_content_width":"","footnotes":""},"class_list":["post-26594","page","type-page","status-publish","hentry"],"yoast_head":"<!-- This site is optimized with the Yoast SEO plugin v24.1 - https:\/\/yoast.com\/wordpress\/plugins\/seo\/ -->\n<title>Garantiitingimused - Avolux<\/title>\n<meta name=\"description\" content=\"Avolux O\u00dc masinapark on suur ja lai ning uuendame alati oma masinaparki uute seadmetega. Koolitame alati oma t\u00f6\u00f6lisi.\" \/>\n<meta name=\"robots\" content=\"index, follow, max-snippet:-1, max-image-preview:large, max-video-preview:-1\" \/>\n<link rel=\"canonical\" href=\"https:\/\/avolux.ee\/et\/garantiitingimused\/\" \/>\n<meta property=\"og:locale\" content=\"et_EE\" \/>\n<meta property=\"og:type\" content=\"article\" \/>\n<meta property=\"og:title\" content=\"Garantiitingimused - Avolux\" \/>\n<meta property=\"og:description\" content=\"Avolux O\u00dc masinapark on suur ja lai ning uuendame alati oma masinaparki uute seadmetega. Koolitame alati oma t\u00f6\u00f6lisi.\" \/>\n<meta property=\"og:url\" content=\"https:\/\/avolux.ee\/et\/garantiitingimused\/\" \/>\n<meta property=\"og:site_name\" content=\"Avolux\" \/>\n<meta property=\"article:modified_time\" content=\"2024-01-09T08:54:25+00:00\" \/>\n<meta name=\"twitter:card\" content=\"summary_large_image\" \/>\n<meta name=\"twitter:label1\" content=\"Est. reading time\" \/>\n\t<meta name=\"twitter:data1\" content=\"7 minutit\" \/>\n<script type=\"application\/ld+json\" class=\"yoast-schema-graph\">{\"@context\":\"https:\/\/schema.org\",\"@graph\":[{\"@type\":\"WebPage\",\"@id\":\"https:\/\/avolux.ee\/et\/garantiitingimused\/\",\"url\":\"https:\/\/avolux.ee\/et\/garantiitingimused\/\",\"name\":\"Garantiitingimused - Avolux\",\"isPartOf\":{\"@id\":\"https:\/\/avolux.ee\/et\/#website\"},\"datePublished\":\"2024-01-09T08:03:56+00:00\",\"dateModified\":\"2024-01-09T08:54:25+00:00\",\"description\":\"Avolux O\u00dc masinapark on suur ja lai ning uuendame alati oma masinaparki uute seadmetega. Koolitame alati oma t\u00f6\u00f6lisi.\",\"breadcrumb\":{\"@id\":\"https:\/\/avolux.ee\/et\/garantiitingimused\/#breadcrumb\"},\"inLanguage\":\"et\",\"potentialAction\":[{\"@type\":\"ReadAction\",\"target\":[\"https:\/\/avolux.ee\/et\/garantiitingimused\/\"]}]},{\"@type\":\"BreadcrumbList\",\"@id\":\"https:\/\/avolux.ee\/et\/garantiitingimused\/#breadcrumb\",\"itemListElement\":[{\"@type\":\"ListItem\",\"position\":1,\"name\":\"Home\",\"item\":\"https:\/\/avolux.ee\/et\/\"},{\"@type\":\"ListItem\",\"position\":2,\"name\":\"Garantiitingimused\"}]},{\"@type\":\"WebSite\",\"@id\":\"https:\/\/avolux.ee\/et\/#website\",\"url\":\"https:\/\/avolux.ee\/et\/\",\"name\":\"Avolux\",\"description\":\"Metallm\u00f6\u00f6bel, disainm\u00f6\u00f6bel,  metallkapid\",\"publisher\":{\"@id\":\"https:\/\/avolux.ee\/et\/#organization\"},\"potentialAction\":[{\"@type\":\"SearchAction\",\"target\":{\"@type\":\"EntryPoint\",\"urlTemplate\":\"https:\/\/avolux.ee\/et\/?s={search_term_string}\"},\"query-input\":{\"@type\":\"PropertyValueSpecification\",\"valueRequired\":true,\"valueName\":\"search_term_string\"}}],\"inLanguage\":\"et\"},{\"@type\":\"Organization\",\"@id\":\"https:\/\/avolux.ee\/et\/#organization\",\"name\":\"Avolux O\u00dc\",\"url\":\"https:\/\/avolux.ee\/et\/\",\"logo\":{\"@type\":\"ImageObject\",\"inLanguage\":\"et\",\"@id\":\"https:\/\/avolux.ee\/et\/#\/schema\/logo\/image\/\",\"url\":\"http:\/\/avolux.ee\/wp-content\/uploads\/2021\/02\/logo.png\",\"contentUrl\":\"http:\/\/avolux.ee\/wp-content\/uploads\/2021\/02\/logo.png\",\"width\":188,\"height\":76,\"caption\":\"Avolux O\u00dc\"},\"image\":{\"@id\":\"https:\/\/avolux.ee\/et\/#\/schema\/logo\/image\/\"}}]}<\/script>\n<!-- \/ Yoast SEO plugin. -->","yoast_head_json":{"title":"Garantiitingimused - Avolux","description":"Avolux O\u00dc masinapark on suur ja lai ning uuendame alati oma masinaparki uute seadmetega. Koolitame alati oma t\u00f6\u00f6lisi.","robots":{"index":"index","follow":"follow","max-snippet":"max-snippet:-1","max-image-preview":"max-image-preview:large","max-video-preview":"max-video-preview:-1"},"canonical":"https:\/\/avolux.ee\/et\/garantiitingimused\/","og_locale":"et_EE","og_type":"article","og_title":"Garantiitingimused - Avolux","og_description":"Avolux O\u00dc masinapark on suur ja lai ning uuendame alati oma masinaparki uute seadmetega. Koolitame alati oma t\u00f6\u00f6lisi.","og_url":"https:\/\/avolux.ee\/et\/garantiitingimused\/","og_site_name":"Avolux","article_modified_time":"2024-01-09T08:54:25+00:00","twitter_card":"summary_large_image","twitter_misc":{"Est. reading time":"7 minutit"},"schema":{"@context":"https:\/\/schema.org","@graph":[{"@type":"WebPage","@id":"https:\/\/avolux.ee\/et\/garantiitingimused\/","url":"https:\/\/avolux.ee\/et\/garantiitingimused\/","name":"Garantiitingimused - Avolux","isPartOf":{"@id":"https:\/\/avolux.ee\/et\/#website"},"datePublished":"2024-01-09T08:03:56+00:00","dateModified":"2024-01-09T08:54:25+00:00","description":"Avolux O\u00dc masinapark on suur ja lai ning uuendame alati oma masinaparki uute seadmetega. Koolitame alati oma t\u00f6\u00f6lisi.","breadcrumb":{"@id":"https:\/\/avolux.ee\/et\/garantiitingimused\/#breadcrumb"},"inLanguage":"et","potentialAction":[{"@type":"ReadAction","target":["https:\/\/avolux.ee\/et\/garantiitingimused\/"]}]},{"@type":"BreadcrumbList","@id":"https:\/\/avolux.ee\/et\/garantiitingimused\/#breadcrumb","itemListElement":[{"@type":"ListItem","position":1,"name":"Home","item":"https:\/\/avolux.ee\/et\/"},{"@type":"ListItem","position":2,"name":"Garantiitingimused"}]},{"@type":"WebSite","@id":"https:\/\/avolux.ee\/et\/#website","url":"https:\/\/avolux.ee\/et\/","name":"Avolux","description":"Metallm\u00f6\u00f6bel, disainm\u00f6\u00f6bel,  metallkapid","publisher":{"@id":"https:\/\/avolux.ee\/et\/#organization"},"potentialAction":[{"@type":"SearchAction","target":{"@type":"EntryPoint","urlTemplate":"https:\/\/avolux.ee\/et\/?s={search_term_string}"},"query-input":{"@type":"PropertyValueSpecification","valueRequired":true,"valueName":"search_term_string"}}],"inLanguage":"et"},{"@type":"Organization","@id":"https:\/\/avolux.ee\/et\/#organization","name":"Avolux O\u00dc","url":"https:\/\/avolux.ee\/et\/","logo":{"@type":"ImageObject","inLanguage":"et","@id":"https:\/\/avolux.ee\/et\/#\/schema\/logo\/image\/","url":"http:\/\/avolux.ee\/wp-content\/uploads\/2021\/02\/logo.png","contentUrl":"http:\/\/avolux.ee\/wp-content\/uploads\/2021\/02\/logo.png","width":188,"height":76,"caption":"Avolux O\u00dc"},"image":{"@id":"https:\/\/avolux.ee\/et\/#\/schema\/logo\/image\/"}}]}},"_links":{"self":[{"href":"https:\/\/avolux.ee\/et\/wp-json\/wp\/v2\/pages\/26594","targetHints":{"allow":["GET"]}}],"collection":[{"href":"https:\/\/avolux.ee\/et\/wp-json\/wp\/v2\/pages"}],"about":[{"href":"https:\/\/avolux.ee\/et\/wp-json\/wp\/v2\/types\/page"}],"author":[{"embeddable":true,"href":"https:\/\/avolux.ee\/et\/wp-json\/wp\/v2\/users\/3"}],"replies":[{"embeddable":true,"href":"https:\/\/avolux.ee\/et\/wp-json\/wp\/v2\/comments?post=26594"}],"version-history":[{"count":5,"href":"https:\/\/avolux.ee\/et\/wp-json\/wp\/v2\/pages\/26594\/revisions"}],"predecessor-version":[{"id":26612,"href":"https:\/\/avolux.ee\/et\/wp-json\/wp\/v2\/pages\/26594\/revisions\/26612"}],"wp:attachment":[{"href":"https:\/\/avolux.ee\/et\/wp-json\/wp\/v2\/media?parent=26594"}],"curies":[{"name":"wp","href":"https:\/\/api.w.org\/{rel}","templated":true}]}}