{"id":24616,"date":"2021-02-20T19:53:17","date_gmt":"2021-02-20T19:53:17","guid":{"rendered":"http:\/\/avolux.ee\/?page_id=24616"},"modified":"2022-03-09T19:15:02","modified_gmt":"2022-03-09T19:15:02","slug":"relvahoidjad-relvakapid-relvalukud","status":"publish","type":"page","link":"https:\/\/avolux.ee\/et\/relvahoidjad-relvakapid-relvalukud\/","title":{"rendered":"Relvakapid"},"content":{"rendered":"<p>[et_pb_section fb_built=&#8221;1&#8243; custom_padding_last_edited=&#8221;on|phone&#8221; admin_label=&#8221;Header&#8221; _builder_version=&#8221;4.9.0&#8243; use_background_color_gradient=&#8221;on&#8221; background_color_gradient_start=&#8221;rgba(0,0,0,0)&#8221; background_color_gradient_end=&#8221;rgba(22,29,67,0.3)&#8221; background_color_gradient_direction=&#8221;200deg&#8221; background_color_gradient_start_position=&#8221;62%&#8221; background_color_gradient_overlays_image=&#8221;on&#8221; background_image=&#8221;http:\/\/avolux.ee\/wp-content\/uploads\/2021\/02\/worker-welding-in-a-factory-7979HT6-scaled-e1613822833158.jpg&#8221; custom_margin=&#8221;||||false|false&#8221; custom_margin_tablet=&#8221;||||false|false&#8221; custom_margin_phone=&#8221;||||false|false&#8221; custom_margin_last_edited=&#8221;on|phone&#8221; custom_padding=&#8221;0vw|10vw|0px|0px|false|false&#8221; custom_padding_tablet=&#8221;0vw|10vw|0px|0px|false|false&#8221; custom_padding_phone=&#8221;|10vw||&#8221; animation_style=&#8221;fade&#8221; animation_starting_opacity=&#8221;5%&#8221; animation_speed_curve=&#8221;ease-out&#8221; border_radii=&#8221;||||16vw&#8221; locked=&#8221;off&#8221; global_colors_info=&#8221;{}&#8221;][et_pb_row column_structure=&#8221;3_4,1_4&#8243; use_custom_gutter=&#8221;on&#8221; gutter_width=&#8221;1&#8243; make_equal=&#8221;on&#8221; custom_padding_last_edited=&#8221;on|desktop&#8221; padding_top_bottom_link_1=&#8221;true&#8221; padding_top_bottom_link_2=&#8221;true&#8221; padding_left_right_link_1=&#8221;false&#8221; _builder_version=&#8221;4.9.0&#8243; use_background_color_gradient=&#8221;on&#8221; background_color_gradient_start=&#8221;rgba(255,255,255,0.4)&#8221; background_color_gradient_end=&#8221;rgba(255,255,255,0.88)&#8221; background_color_gradient_direction=&#8221;90deg&#8221; background_color_gradient_start_position=&#8221;70%&#8221; width=&#8221;100%&#8221; max_width=&#8221;100%&#8221; module_alignment=&#8221;left&#8221; custom_margin=&#8221;||||false|false&#8221; custom_margin_tablet=&#8221;0vw|||&#8221; custom_margin_last_edited=&#8221;off|desktop&#8221; custom_padding=&#8221;0px||0px||false|false&#8221; custom_padding_tablet=&#8221;||0px|0vw|false|false&#8221; custom_padding_phone=&#8221;&#8221; animation_style=&#8221;slide&#8221; animation_direction=&#8221;left&#8221; animation_intensity_slide=&#8221;5%&#8221; border_radii=&#8221;||10vw||&#8221; use_custom_width=&#8221;on&#8221; width_unit=&#8221;off&#8221; custom_width_percent=&#8221;100%&#8221; locked=&#8221;off&#8221; global_colors_info=&#8221;{}&#8221;][et_pb_column type=&#8221;3_4&#8243; _builder_version=&#8221;4.9.0&#8243; custom_padding=&#8221;0px|40px|0px|10vw|false|false&#8221; custom_padding_tablet=&#8221;40px||20px||false&#8221; custom_padding_phone=&#8221;|||&#8221; custom_padding_last_edited=&#8221;on|phone&#8221; global_colors_info=&#8221;{}&#8221; padding_phone=&#8221;|||&#8221; padding_tablet=&#8221;40px||20px||false&#8221; padding_last_edited=&#8221;on|phone&#8221; custom_padding__hover=&#8221;|||&#8221;][et_pb_text _builder_version=&#8221;4.9.0&#8243; text_font=&#8221;||||||||&#8221; header_font=&#8221;Oswald||||||||&#8221; header_font_size=&#8221;65px&#8221; header_line_height=&#8221;1.3em&#8221; header_6_font=&#8221;Open Sans|700||on|||||&#8221; header_6_letter_spacing=&#8221;5px&#8221; header_6_line_height=&#8221;1.6em&#8221; background_layout=&#8221;dark&#8221; max_width_tablet=&#8221;90%&#8221; max_width_phone=&#8221;&#8221; max_width_last_edited=&#8221;on|desktop&#8221; module_alignment=&#8221;right&#8221; animation_style=&#8221;zoom&#8221; animation_intensity_zoom=&#8221;5%&#8221; header_font_tablet=&#8221;&#8221; header_font_phone=&#8221;&#8221; header_font_last_edited=&#8221;on|tablet&#8221; header_font_size_tablet=&#8221;30px&#8221; header_font_size_phone=&#8221;26px&#8221; header_font_size_last_edited=&#8221;on|phone&#8221; header_6_font_size_tablet=&#8221;&#8221; header_6_font_size_phone=&#8221;&#8221; header_6_font_size_last_edited=&#8221;on|desktop&#8221; text_text_shadow_style=&#8221;preset3&#8243; text_text_shadow_blur_strength=&#8221;3em&#8221; text_text_shadow_color=&#8221;rgba(22,29,67,0.24)&#8221; header_text_shadow_style=&#8221;preset2&#8243; header_text_shadow_horizontal_length=&#8221;-0.01em&#8221; header_text_shadow_vertical_length=&#8221;0em&#8221; locked=&#8221;off&#8221; global_colors_info=&#8221;{}&#8221; header_5_font_size__hover=&#8221;16px&#8221; header_5_font_size__hover_enabled=&#8221;16px&#8221; header_5_letter_spacing__hover=&#8221;0px&#8221; header_5_letter_spacing__hover_enabled=&#8221;0px&#8221; header_5_line_height__hover=&#8221;1em&#8221; header_5_line_height__hover_enabled=&#8221;1em&#8221; header_5_text_shadow_style__hover=&#8221;none&#8221; header_5_text_shadow_style__hover_enabled=&#8221;none&#8221; header_5_text_shadow_color__hover=&#8221;rgba(0,0,0,0.4)&#8221; header_5_text_shadow_color__hover_enabled=&#8221;rgba(0,0,0,0.4)&#8221;]<\/p>\n<h1 class=\"entry-title\">Relvahoidjad,<br \/> relvakapid, relvalukud<\/h1>\n<p>[\/et_pb_text][\/et_pb_column][et_pb_column type=&#8221;1_4&#8243; _builder_version=&#8221;3.25&#8243; custom_padding=&#8221;|||&#8221; custom_padding_tablet=&#8221;||||false&#8221; custom_padding_phone=&#8221;&#8221; custom_padding_last_edited=&#8221;on|desktop&#8221; global_colors_info=&#8221;{}&#8221; padding_tablet=&#8221;||||false&#8221; padding_last_edited=&#8221;on|desktop&#8221; custom_padding__hover=&#8221;|||&#8221; padding_phone=&#8221;||||false&#8221;][\/et_pb_column][\/et_pb_row][\/et_pb_section][et_pb_section fb_built=&#8221;1&#8243; _builder_version=&#8221;4.9.0&#8243; _module_preset=&#8221;default&#8221; custom_margin=&#8221;0px|||||&#8221; custom_padding=&#8221;0px||0px|||&#8221; global_colors_info=&#8221;{}&#8221;][et_pb_row _builder_version=&#8221;4.9.0&#8243; _module_preset=&#8221;default&#8221; global_colors_info=&#8221;{}&#8221;][et_pb_column type=&#8221;4_4&#8243; _builder_version=&#8221;4.9.0&#8243; _module_preset=&#8221;default&#8221; global_colors_info=&#8221;{}&#8221;][et_pb_text _builder_version=&#8221;4.9.0&#8243; _module_preset=&#8221;default&#8221; text_font=&#8221;Oswald|300|||||||&#8221; text_font_size=&#8221;26px&#8221; text_line_height=&#8221;1.8em&#8221; global_colors_info=&#8221;{}&#8221;]<\/p>\n<p>Oleme tootnud suurtes koguses relvakappe, relvahoidjaid ja varustuse kappe, kaasa arvatud Eesti Kaitsev\u00e4ele.<\/p>\n<p>[\/et_pb_text][\/et_pb_column][\/et_pb_row][\/et_pb_section][et_pb_section fb_built=&#8221;1&#8243; module_class=&#8221;df-area&#8221; _builder_version=&#8221;4.9.0&#8243; _module_preset=&#8221;default&#8221; custom_margin=&#8221;-75px|||||&#8221; custom_padding=&#8221;44px||108px|||&#8221; global_colors_info=&#8221;{}&#8221;][et_pb_row _builder_version=&#8221;4.9.0&#8243; _module_preset=&#8221;default&#8221; global_colors_info=&#8221;{}&#8221;][et_pb_column type=&#8221;4_4&#8243; _builder_version=&#8221;4.9.0&#8243; _module_preset=&#8221;default&#8221; global_colors_info=&#8221;{}&#8221;][et_pb_slider _builder_version=&#8221;4.14.7&#8243; _module_preset=&#8221;default&#8221; background_color=&#8221;#FFFFFF&#8221; background_size=&#8221;contain&#8221; min_height=&#8221;450px&#8221; hover_enabled=&#8221;0&#8243; box_shadow_style=&#8221;preset6&#8243; global_colors_info=&#8221;{}&#8221; arrows_custom_color=&#8221;#000000&#8243; sticky_enabled=&#8221;0&#8243; box_shadow_blur=&#8221;0px&#8221;][et_pb_slide _builder_version=&#8221;4.14.7&#8243; _module_preset=&#8221;default&#8221; background_enable_color=&#8221;off&#8221; background_image=&#8221;http:\/\/avolux.ee\/wp-content\/uploads\/2022\/03\/varustusekapp3.jpg&#8221; background_enable_image=&#8221;on&#8221; global_colors_info=&#8221;{}&#8221; sticky_transition=&#8221;on&#8221;][\/et_pb_slide][et_pb_slide _builder_version=&#8221;4.14.7&#8243; _module_preset=&#8221;default&#8221; background_enable_color=&#8221;off&#8221; background_image=&#8221;http:\/\/avolux.ee\/wp-content\/uploads\/2021\/02\/metall-kapi-tellimus.jpg&#8221; background_enable_image=&#8221;on&#8221; hover_enabled=&#8221;0&#8243; global_colors_info=&#8221;{}&#8221; sticky_transition=&#8221;on&#8221; sticky_enabled=&#8221;0&#8243;][\/et_pb_slide][et_pb_slide _builder_version=&#8221;4.14.7&#8243; _module_preset=&#8221;default&#8221; background_enable_color=&#8221;off&#8221; background_image=&#8221;http:\/\/avolux.ee\/wp-content\/uploads\/2022\/03\/relvakapp-1.jpeg&#8221; background_enable_image=&#8221;on&#8221; hover_enabled=&#8221;0&#8243; global_colors_info=&#8221;{}&#8221; sticky_transition=&#8221;on&#8221; sticky_enabled=&#8221;0&#8243; title_text=&#8221;relvakapp-1&#8243;][\/et_pb_slide][et_pb_slide _builder_version=&#8221;4.14.7&#8243; _module_preset=&#8221;default&#8221; background_enable_color=&#8221;off&#8221; background_image=&#8221;http:\/\/avolux.ee\/wp-content\/uploads\/2022\/03\/Relvapuramiid-1.jpeg&#8221; background_enable_image=&#8221;on&#8221; hover_enabled=&#8221;0&#8243; global_colors_info=&#8221;{}&#8221; sticky_transition=&#8221;on&#8221; sticky_enabled=&#8221;0&#8243; title_text=&#8221;Relvapuramiid&#8221;][\/et_pb_slide][\/et_pb_slider][\/et_pb_column][\/et_pb_row][\/et_pb_section]<\/p>\n","protected":false},"excerpt":{"rendered":"<p>Relvahoidjad, relvakapid, relvalukudOleme tootnud suurtes koguses relvakappe, relvahoidjaid ja varustuse kappe, kaasa arvatud Eesti Kaitsev\u00e4ele.<\/p>\n","protected":false},"author":1,"featured_media":0,"parent":0,"menu_order":0,"comment_status":"closed","ping_status":"closed","template":"","meta":{"_et_pb_use_builder":"on","_et_pb_old_content":"","_et_gb_content_width":"","footnotes":""},"class_list":["post-24616","page","type-page","status-publish","hentry"],"yoast_head":"<!-- This site is optimized with the Yoast SEO plugin v24.1 - https:\/\/yoast.com\/wordpress\/plugins\/seo\/ -->\n<title>Metallkapid, relvakapid, relvalukud, relvahoidjad - Avolux<\/title>\n<meta name=\"description\" content=\"Metallkapid, relvakapid, relvalukud, relvahoidjad toodame vastavalt tellija soovile. Kasutatavate materjalide valik on lai.\" \/>\n<meta name=\"robots\" content=\"index, follow, max-snippet:-1, max-image-preview:large, max-video-preview:-1\" \/>\n<link rel=\"canonical\" href=\"https:\/\/avolux.ee\/et\/relvahoidjad-relvakapid-relvalukud\/\" \/>\n<meta property=\"og:locale\" content=\"et_EE\" \/>\n<meta property=\"og:type\" content=\"article\" \/>\n<meta property=\"og:title\" content=\"Metallkapid, relvakapid, relvalukud, relvahoidjad - Avolux\" \/>\n<meta property=\"og:description\" content=\"Metallkapid, relvakapid, relvalukud, relvahoidjad toodame vastavalt tellija soovile. Kasutatavate materjalide valik on lai.\" \/>\n<meta property=\"og:url\" content=\"https:\/\/avolux.ee\/et\/relvahoidjad-relvakapid-relvalukud\/\" \/>\n<meta property=\"og:site_name\" content=\"Avolux\" \/>\n<meta property=\"article:modified_time\" content=\"2022-03-09T19:15:02+00:00\" \/>\n<meta name=\"twitter:card\" content=\"summary_large_image\" \/>\n<script type=\"application\/ld+json\" class=\"yoast-schema-graph\">{\"@context\":\"https:\/\/schema.org\",\"@graph\":[{\"@type\":\"WebPage\",\"@id\":\"https:\/\/avolux.ee\/et\/relvahoidjad-relvakapid-relvalukud\/\",\"url\":\"https:\/\/avolux.ee\/et\/relvahoidjad-relvakapid-relvalukud\/\",\"name\":\"Metallkapid, relvakapid, relvalukud, relvahoidjad - Avolux\",\"isPartOf\":{\"@id\":\"https:\/\/avolux.ee\/et\/#website\"},\"datePublished\":\"2021-02-20T19:53:17+00:00\",\"dateModified\":\"2022-03-09T19:15:02+00:00\",\"description\":\"Metallkapid, relvakapid, relvalukud, relvahoidjad toodame vastavalt tellija soovile. Kasutatavate materjalide valik on lai.\",\"breadcrumb\":{\"@id\":\"https:\/\/avolux.ee\/et\/relvahoidjad-relvakapid-relvalukud\/#breadcrumb\"},\"inLanguage\":\"et\",\"potentialAction\":[{\"@type\":\"ReadAction\",\"target\":[\"https:\/\/avolux.ee\/et\/relvahoidjad-relvakapid-relvalukud\/\"]}]},{\"@type\":\"BreadcrumbList\",\"@id\":\"https:\/\/avolux.ee\/et\/relvahoidjad-relvakapid-relvalukud\/#breadcrumb\",\"itemListElement\":[{\"@type\":\"ListItem\",\"position\":1,\"name\":\"Home\",\"item\":\"https:\/\/avolux.ee\/et\/\"},{\"@type\":\"ListItem\",\"position\":2,\"name\":\"Relvakapid\"}]},{\"@type\":\"WebSite\",\"@id\":\"https:\/\/avolux.ee\/et\/#website\",\"url\":\"https:\/\/avolux.ee\/et\/\",\"name\":\"Avolux\",\"description\":\"Metallm\u00f6\u00f6bel, disainm\u00f6\u00f6bel,  metallkapid\",\"publisher\":{\"@id\":\"https:\/\/avolux.ee\/et\/#organization\"},\"potentialAction\":[{\"@type\":\"SearchAction\",\"target\":{\"@type\":\"EntryPoint\",\"urlTemplate\":\"https:\/\/avolux.ee\/et\/?s={search_term_string}\"},\"query-input\":{\"@type\":\"PropertyValueSpecification\",\"valueRequired\":true,\"valueName\":\"search_term_string\"}}],\"inLanguage\":\"et\"},{\"@type\":\"Organization\",\"@id\":\"https:\/\/avolux.ee\/et\/#organization\",\"name\":\"Avolux O\u00dc\",\"url\":\"https:\/\/avolux.ee\/et\/\",\"logo\":{\"@type\":\"ImageObject\",\"inLanguage\":\"et\",\"@id\":\"https:\/\/avolux.ee\/et\/#\/schema\/logo\/image\/\",\"url\":\"http:\/\/avolux.ee\/wp-content\/uploads\/2021\/02\/logo.png\",\"contentUrl\":\"http:\/\/avolux.ee\/wp-content\/uploads\/2021\/02\/logo.png\",\"width\":188,\"height\":76,\"caption\":\"Avolux O\u00dc\"},\"image\":{\"@id\":\"https:\/\/avolux.ee\/et\/#\/schema\/logo\/image\/\"}}]}<\/script>\n<!-- \/ Yoast SEO plugin. -->","yoast_head_json":{"title":"Metallkapid, relvakapid, relvalukud, relvahoidjad - Avolux","description":"Metallkapid, relvakapid, relvalukud, relvahoidjad toodame vastavalt tellija soovile. Kasutatavate materjalide valik on lai.","robots":{"index":"index","follow":"follow","max-snippet":"max-snippet:-1","max-image-preview":"max-image-preview:large","max-video-preview":"max-video-preview:-1"},"canonical":"https:\/\/avolux.ee\/et\/relvahoidjad-relvakapid-relvalukud\/","og_locale":"et_EE","og_type":"article","og_title":"Metallkapid, relvakapid, relvalukud, relvahoidjad - Avolux","og_description":"Metallkapid, relvakapid, relvalukud, relvahoidjad toodame vastavalt tellija soovile. Kasutatavate materjalide valik on lai.","og_url":"https:\/\/avolux.ee\/et\/relvahoidjad-relvakapid-relvalukud\/","og_site_name":"Avolux","article_modified_time":"2022-03-09T19:15:02+00:00","twitter_card":"summary_large_image","schema":{"@context":"https:\/\/schema.org","@graph":[{"@type":"WebPage","@id":"https:\/\/avolux.ee\/et\/relvahoidjad-relvakapid-relvalukud\/","url":"https:\/\/avolux.ee\/et\/relvahoidjad-relvakapid-relvalukud\/","name":"Metallkapid, relvakapid, relvalukud, relvahoidjad - Avolux","isPartOf":{"@id":"https:\/\/avolux.ee\/et\/#website"},"datePublished":"2021-02-20T19:53:17+00:00","dateModified":"2022-03-09T19:15:02+00:00","description":"Metallkapid, relvakapid, relvalukud, relvahoidjad toodame vastavalt tellija soovile. Kasutatavate materjalide valik on lai.","breadcrumb":{"@id":"https:\/\/avolux.ee\/et\/relvahoidjad-relvakapid-relvalukud\/#breadcrumb"},"inLanguage":"et","potentialAction":[{"@type":"ReadAction","target":["https:\/\/avolux.ee\/et\/relvahoidjad-relvakapid-relvalukud\/"]}]},{"@type":"BreadcrumbList","@id":"https:\/\/avolux.ee\/et\/relvahoidjad-relvakapid-relvalukud\/#breadcrumb","itemListElement":[{"@type":"ListItem","position":1,"name":"Home","item":"https:\/\/avolux.ee\/et\/"},{"@type":"ListItem","position":2,"name":"Relvakapid"}]},{"@type":"WebSite","@id":"https:\/\/avolux.ee\/et\/#website","url":"https:\/\/avolux.ee\/et\/","name":"Avolux","description":"Metallm\u00f6\u00f6bel, disainm\u00f6\u00f6bel,  metallkapid","publisher":{"@id":"https:\/\/avolux.ee\/et\/#organization"},"potentialAction":[{"@type":"SearchAction","target":{"@type":"EntryPoint","urlTemplate":"https:\/\/avolux.ee\/et\/?s={search_term_string}"},"query-input":{"@type":"PropertyValueSpecification","valueRequired":true,"valueName":"search_term_string"}}],"inLanguage":"et"},{"@type":"Organization","@id":"https:\/\/avolux.ee\/et\/#organization","name":"Avolux O\u00dc","url":"https:\/\/avolux.ee\/et\/","logo":{"@type":"ImageObject","inLanguage":"et","@id":"https:\/\/avolux.ee\/et\/#\/schema\/logo\/image\/","url":"http:\/\/avolux.ee\/wp-content\/uploads\/2021\/02\/logo.png","contentUrl":"http:\/\/avolux.ee\/wp-content\/uploads\/2021\/02\/logo.png","width":188,"height":76,"caption":"Avolux O\u00dc"},"image":{"@id":"https:\/\/avolux.ee\/et\/#\/schema\/logo\/image\/"}}]}},"_links":{"self":[{"href":"https:\/\/avolux.ee\/et\/wp-json\/wp\/v2\/pages\/24616","targetHints":{"allow":["GET"]}}],"collection":[{"href":"https:\/\/avolux.ee\/et\/wp-json\/wp\/v2\/pages"}],"about":[{"href":"https:\/\/avolux.ee\/et\/wp-json\/wp\/v2\/types\/page"}],"author":[{"embeddable":true,"href":"https:\/\/avolux.ee\/et\/wp-json\/wp\/v2\/users\/1"}],"replies":[{"embeddable":true,"href":"https:\/\/avolux.ee\/et\/wp-json\/wp\/v2\/comments?post=24616"}],"version-history":[{"count":4,"href":"https:\/\/avolux.ee\/et\/wp-json\/wp\/v2\/pages\/24616\/revisions"}],"predecessor-version":[{"id":25937,"href":"https:\/\/avolux.ee\/et\/wp-json\/wp\/v2\/pages\/24616\/revisions\/25937"}],"wp:attachment":[{"href":"https:\/\/avolux.ee\/et\/wp-json\/wp\/v2\/media?parent=24616"}],"curies":[{"name":"wp","href":"https:\/\/api.w.org\/{rel}","templated":true}]}}