{"id":24333,"date":"2021-02-18T21:44:20","date_gmt":"2021-02-18T21:44:20","guid":{"rendered":"http:\/\/avolux.ee\/?page_id=24333"},"modified":"2025-12-15T10:13:12","modified_gmt":"2025-12-15T10:13:12","slug":"masinapark","status":"publish","type":"page","link":"https:\/\/avolux.ee\/et\/masinapark\/","title":{"rendered":"Masinapark"},"content":{"rendered":"<p>[et_pb_section fb_built=&#8221;1&#8243; admin_label=&#8221;Hero&#8221; _builder_version=&#8221;4.16&#8243; background_image=&#8221;https:\/\/avolux.ee\/wp-content\/uploads\/2021\/02\/circle-background-pattern.png&#8221; custom_margin=&#8221;-57px|||||&#8221; custom_padding=&#8221;55px||0px|||&#8221; animation_style=&#8221;zoom&#8221; animation_intensity_zoom=&#8221;4%&#8221; global_colors_info=&#8221;{}&#8221;][et_pb_row _builder_version=&#8221;4.16&#8243; background_size=&#8221;initial&#8221; background_position=&#8221;top_left&#8221; background_repeat=&#8221;repeat&#8221; custom_padding=&#8221;|||&#8221; animation_style=&#8221;slide&#8221; animation_direction=&#8221;top&#8221; animation_intensity_slide=&#8221;3%&#8221; global_colors_info=&#8221;{}&#8221;][et_pb_column type=&#8221;4_4&#8243; _builder_version=&#8221;4.16&#8243; custom_padding=&#8221;|||&#8221; global_colors_info=&#8221;{}&#8221; custom_padding__hover=&#8221;|||&#8221;][et_pb_text _builder_version=&#8221;4.16&#8243; text_font=&#8221;||||||||&#8221; header_font=&#8221;Montserrat|700||on|||||dotted&#8221; header_text_color=&#8221;#353740&#8243; header_font_size=&#8221;60px&#8221; header_line_height=&#8221;1.3em&#8221; background_size=&#8221;initial&#8221; background_position=&#8221;top_left&#8221; background_repeat=&#8221;repeat&#8221; custom_margin=&#8221;|||&#8221; animation_style=&#8221;fade&#8221; header_font_size_last_edited=&#8221;off|desktop&#8221; locked=&#8221;off&#8221; global_colors_info=&#8221;{}&#8221;]<\/p>\n<h1>Masinapark<\/h1>\n<p>[\/et_pb_text][\/et_pb_column][\/et_pb_row][\/et_pb_section][et_pb_section fb_built=&#8221;1&#8243; _builder_version=&#8221;4.16&#8243; _module_preset=&#8221;default&#8221; custom_padding=&#8221;30px||138px|||&#8221; global_colors_info=&#8221;{}&#8221;][et_pb_row use_custom_gutter=&#8221;on&#8221; gutter_width=&#8221;2&#8243; make_equal=&#8221;on&#8221; _builder_version=&#8221;4.16&#8243; _module_preset=&#8221;default&#8221; min_height=&#8221;787.5px&#8221; custom_margin=&#8221;-3px|auto||auto||&#8221; custom_padding=&#8221;||0px|||&#8221; global_colors_info=&#8221;{}&#8221;][et_pb_column type=&#8221;4_4&#8243; _builder_version=&#8221;4.16&#8243; _module_preset=&#8221;default&#8221; global_colors_info=&#8221;{}&#8221;][et_pb_gallery gallery_ids=&#8221;26695,26856,25984,25974,24965,24973,25029,25013,24960,26007,25710,25045,25964,25993,25940&#8243; posts_number=&#8221;16&#8243; hover_overlay_color=&#8221;rgba(0,0,0,0.3)&#8221; _builder_version=&#8221;4.25.2&#8243; _module_preset=&#8221;default&#8221; custom_margin=&#8221;||||false|false&#8221; hover_enabled=&#8221;0&#8243; title_font_size_tablet=&#8221;9px&#8221; title_font_size_phone=&#8221;&#8221; title_font_size_last_edited=&#8221;on|phone&#8221; border_radii_image=&#8221;on|16px|16px|16px|16px&#8221; box_shadow_style_image=&#8221;preset2&#8243; global_colors_info=&#8221;{}&#8221; sticky_enabled=&#8221;0&#8243;][\/et_pb_gallery][\/et_pb_column][\/et_pb_row][et_pb_row use_custom_gutter=&#8221;on&#8221; gutter_width=&#8221;2&#8243; make_equal=&#8221;on&#8221; _builder_version=&#8221;4.17.4&#8243; positioning=&#8221;none&#8221; z_index=&#8221;999&#8243; width=&#8221;94%&#8221; width_tablet=&#8221;90%&#8221; width_phone=&#8221;100%&#8221; width_last_edited=&#8221;on|tablet&#8221; max_width=&#8221;1280px&#8221; max_width_tablet=&#8221;90%&#8221; max_width_phone=&#8221;90%&#8221; max_width_last_edited=&#8221;on|phone&#8221; min_height=&#8221;280.3px&#8221; custom_margin=&#8221;48px||||false|false&#8221; custom_padding=&#8221;31px||0px||false|false&#8221; global_colors_info=&#8221;{}&#8221;][et_pb_column type=&#8221;4_4&#8243; _builder_version=&#8221;4.17.4&#8243; background_color=&#8221;#E5E3E3&#8243; custom_padding=&#8221;65px|80px|65px|80px|true|true&#8221; custom_padding_tablet=&#8221;50px|50px|50px|50px|true|true&#8221; custom_padding_phone=&#8221;30px|30px|30px|30px|true|true&#8221; custom_padding_last_edited=&#8221;on|phone&#8221; global_colors_info=&#8221;{}&#8221; custom_css_main_element_last_edited=&#8221;on|phone&#8221; custom_css_main_element_phone=&#8221;width:100%!important;&#8221;][et_pb_blurb icon_placement=&#8221;left&#8221; image_icon_width=&#8221;275px&#8221; icon_placement_tablet=&#8221;&#8221; icon_placement_phone=&#8221;top&#8221; icon_placement_last_edited=&#8221;on|phone&#8221; image_icon_width_tablet=&#8221;275px&#8221; image_icon_width_phone=&#8221;100%&#8221; image_icon_width_last_edited=&#8221;on|phone&#8221; _builder_version=&#8221;4.17.4&#8243; body_font=&#8221;Roboto Condensed||||||||&#8221; body_text_color=&#8221;#666666&#8243; body_font_size=&#8221;16px&#8221; body_line_height=&#8221;1.6em&#8221; image_icon_custom_padding_tablet=&#8221;&#8221; image_icon_custom_padding_phone=&#8221;&#8221; image_icon_custom_padding_last_edited=&#8221;on|phone&#8221; custom_padding=&#8221;0px||0px||false|false&#8221; border_width_right_image=&#8221;35px&#8221; border_color_right_image=&#8221;rgba(0,0,0,0)&#8221; border_width_all_image_tablet=&#8221;&#8221; border_width_all_image_phone=&#8221;&#8221; border_width_all_image_last_edited=&#8221;on|phone&#8221; border_width_right_image_tablet=&#8221;&#8221; border_width_right_image_phone=&#8221;6px&#8221; border_width_right_image_last_edited=&#8221;on|phone&#8221; box_shadow_style=&#8221;none&#8221; image_max_width=&#8221;275px&#8221; image_max_width_tablet=&#8221;&#8221; image_max_width_phone=&#8221;100%&#8221; image_max_width_last_edited=&#8221;on|phone&#8221; global_colors_info=&#8221;{}&#8221; custom_css_main_element_last_edited=&#8221;on|phone&#8221; custom_css_main_element_phone=&#8221;width:100%!important;&#8221;]<\/p>\n<h3 class=\"entry-title\">Projekt \u201eAvolux O\u00dc digip\u00f6\u00f6rde projekt\u201d sai toetust Euroopa Liidu taasterahastu NextGenerationEU vahenditest<\/h3>\n<hr \/>\n<p><strong>Projekti l\u00fchikokkuv\u00f5te:<\/strong><\/p>\n<p>Projekti tulemusel suurendatakse Avolux O\u00dc tootmise digitaliseeritust ning suurendatakse seel\u00e4bi ettev\u00f5tte lisandv\u00e4\u00e4rtust t\u00f6\u00f6taja kohta. Investeeringu k\u00e4igus soetab Avolux O\u00dc uue Automaatlaadimiss\u00fcsteemiga torulaserl\u00f5ikuspingi.<\/p>\n<p><strong>Projekti eesm\u00e4rk ja tulemus:<\/strong><\/p>\n<p>Projekti eesm\u00e4rgiks on suurendada tootmisv\u00f5imsusi ning valmistada keerulisemaid tooteid, et omada t\u00f6\u00f6stuses suuremat konkurentsiv\u00f5imet. Ettev\u00f5tte eesm\u00e4rgiks on tasakaalustatud areng tootlikkuse kasvatamise ja protsesside-, tehnoloogia ning personali arendamise kaudu. Automatiseerimiseks on vajalik soetada torulaserl\u00f5ikuspink, mida ettev\u00f5ttes hetkel kasutusel ole. Torulaserl\u00f5ikuspink on koos automaatlaadimiss\u00fcsteemiga, mis optimeerib aega ning v\u00e4hendab t\u00f6\u00f6tajate f\u00fc\u00fcsilist koormust.<\/p>\n<p>Meetme tulemusena v\u00f5etakse kasutusele automaatlaadimiss\u00fcsteemiga torulaserl\u00f5ikuspink, mis on integreeritud <em>nesting<\/em> tarkvaraga. Seel\u00e4bi on v\u00f5imalik l\u00e4bi sisev\u00f5rgu edastada pingile t\u00f6\u00f6k\u00e4sklusi ja l\u00f5ikeprogramme.<\/p>\n<p>Samuti soetatakse juurde automaatne peale- ja mahalaadimisseade, mis v\u00f5imaldavad valmisdetailide automaatset laadimist pinki ja eemaldamist pingist. See t\u00e4hendab, et pink on v\u00f5imeline t\u00f6\u00f6tama iseseisvalt operaatori pideva sekkumiseta. Automaatlaadimiss\u00fcsteemiga torulaserl\u00f5ikuspingi kasutuselev\u00f5tmise tulemusena kasvab ettev\u00f5tte lisandv\u00e4\u00e4rtus kahe aasta jooksul peale projekti l\u00f5ppu ca 29%<\/p>\n<p>Toetuse summa (EUR): 155 500,00[\/et_pb_blurb][et_pb_image src=&#8221;https:\/\/avolux.ee\/wp-content\/uploads\/2023\/10\/nextgen_rahastanud_el_nextgeneration.webp&#8221; title_text=&#8221;NextGen_Rahastanud_EL_NextGeneration&#8221; _builder_version=&#8221;4.17.4&#8243; _module_preset=&#8221;default&#8221; background_color=&#8221;#FFFFFF&#8221; positioning=&#8221;absolute&#8221; position_origin_a=&#8221;bottom_right&#8221; vertical_offset=&#8221;-64px&#8221; width=&#8221;30%&#8221; custom_margin=&#8221;||||true|false&#8221; custom_padding=&#8221;24px|32px|24px|32px|true|true&#8221; border_color_all=&#8221;RGBA(255,255,255,0)&#8221; global_colors_info=&#8221;{}&#8221;][\/et_pb_image][\/et_pb_column][\/et_pb_row][\/et_pb_section]<\/p>\n","protected":false},"excerpt":{"rendered":"<p>MasinaparkProjekt \u201eAvolux O\u00dc digip\u00f6\u00f6rde projekt\u201d sai toetust Euroopa Liidu taasterahastu NextGenerationEU vahenditest Projekti l\u00fchikokkuv\u00f5te: Projekti tulemusel suurendatakse Avolux O\u00dc tootmise digitaliseeritust ning suurendatakse seel\u00e4bi ettev\u00f5tte lisandv\u00e4\u00e4rtust t\u00f6\u00f6taja kohta. Investeeringu k\u00e4igus soetab Avolux O\u00dc uue Automaatlaadimiss\u00fcsteemiga torulaserl\u00f5ikuspingi. Projekti eesm\u00e4rk ja tulemus: Projekti eesm\u00e4rgiks on suurendada tootmisv\u00f5imsusi ning valmistada keerulisemaid tooteid, et omada t\u00f6\u00f6stuses suuremat konkurentsiv\u00f5imet. Ettev\u00f5tte [&hellip;]<\/p>\n","protected":false},"author":1,"featured_media":0,"parent":0,"menu_order":0,"comment_status":"closed","ping_status":"closed","template":"","meta":{"_et_pb_use_builder":"on","_et_pb_old_content":"","_et_gb_content_width":"","footnotes":""},"class_list":["post-24333","page","type-page","status-publish","hentry"],"yoast_head":"<!-- This site is optimized with the Yoast SEO plugin v24.1 - https:\/\/yoast.com\/wordpress\/plugins\/seo\/ -->\n<title>3D l\u00f5ikepea | 3D torulaser Tallinnas | Torul\u00f5ikus | Profiilide l\u00f5ikus Tallinnas - Avolux<\/title>\n<meta name=\"description\" content=\"Avolux O\u00dc masinapark on suur ja lai ning uuendame alati oma masinaparki uute seadmetega. Koolitame alati oma t\u00f6\u00f6lisi.\" \/>\n<meta name=\"robots\" content=\"index, follow, max-snippet:-1, max-image-preview:large, max-video-preview:-1\" \/>\n<link rel=\"canonical\" href=\"https:\/\/avolux.ee\/et\/masinapark\/\" \/>\n<meta property=\"og:locale\" content=\"et_EE\" \/>\n<meta property=\"og:type\" content=\"article\" \/>\n<meta property=\"og:title\" content=\"3D l\u00f5ikepea | 3D torulaser Tallinnas | Torul\u00f5ikus | Profiilide l\u00f5ikus Tallinnas - Avolux\" \/>\n<meta property=\"og:description\" content=\"Avolux O\u00dc masinapark on suur ja lai ning uuendame alati oma masinaparki uute seadmetega. Koolitame alati oma t\u00f6\u00f6lisi.\" \/>\n<meta property=\"og:url\" content=\"https:\/\/avolux.ee\/et\/masinapark\/\" \/>\n<meta property=\"og:site_name\" content=\"Avolux\" \/>\n<meta property=\"article:modified_time\" content=\"2025-12-15T10:13:12+00:00\" \/>\n<meta name=\"twitter:card\" content=\"summary_large_image\" \/>\n<meta name=\"twitter:label1\" content=\"Est. reading time\" \/>\n\t<meta name=\"twitter:data1\" content=\"4 minutit\" \/>\n<script type=\"application\/ld+json\" class=\"yoast-schema-graph\">{\"@context\":\"https:\/\/schema.org\",\"@graph\":[{\"@type\":\"WebPage\",\"@id\":\"https:\/\/avolux.ee\/et\/masinapark\/\",\"url\":\"https:\/\/avolux.ee\/et\/masinapark\/\",\"name\":\"3D l\u00f5ikepea | 3D torulaser Tallinnas | Torul\u00f5ikus | Profiilide l\u00f5ikus Tallinnas - Avolux\",\"isPartOf\":{\"@id\":\"https:\/\/avolux.ee\/et\/#website\"},\"datePublished\":\"2021-02-18T21:44:20+00:00\",\"dateModified\":\"2025-12-15T10:13:12+00:00\",\"description\":\"Avolux O\u00dc masinapark on suur ja lai ning uuendame alati oma masinaparki uute seadmetega. Koolitame alati oma t\u00f6\u00f6lisi.\",\"breadcrumb\":{\"@id\":\"https:\/\/avolux.ee\/et\/masinapark\/#breadcrumb\"},\"inLanguage\":\"et\",\"potentialAction\":[{\"@type\":\"ReadAction\",\"target\":[\"https:\/\/avolux.ee\/et\/masinapark\/\"]}]},{\"@type\":\"BreadcrumbList\",\"@id\":\"https:\/\/avolux.ee\/et\/masinapark\/#breadcrumb\",\"itemListElement\":[{\"@type\":\"ListItem\",\"position\":1,\"name\":\"Home\",\"item\":\"https:\/\/avolux.ee\/et\/\"},{\"@type\":\"ListItem\",\"position\":2,\"name\":\"Masinapark\"}]},{\"@type\":\"WebSite\",\"@id\":\"https:\/\/avolux.ee\/et\/#website\",\"url\":\"https:\/\/avolux.ee\/et\/\",\"name\":\"Avolux\",\"description\":\"Metallm\u00f6\u00f6bel, disainm\u00f6\u00f6bel,  metallkapid\",\"publisher\":{\"@id\":\"https:\/\/avolux.ee\/et\/#organization\"},\"potentialAction\":[{\"@type\":\"SearchAction\",\"target\":{\"@type\":\"EntryPoint\",\"urlTemplate\":\"https:\/\/avolux.ee\/et\/?s={search_term_string}\"},\"query-input\":{\"@type\":\"PropertyValueSpecification\",\"valueRequired\":true,\"valueName\":\"search_term_string\"}}],\"inLanguage\":\"et\"},{\"@type\":\"Organization\",\"@id\":\"https:\/\/avolux.ee\/et\/#organization\",\"name\":\"Avolux O\u00dc\",\"url\":\"https:\/\/avolux.ee\/et\/\",\"logo\":{\"@type\":\"ImageObject\",\"inLanguage\":\"et\",\"@id\":\"https:\/\/avolux.ee\/et\/#\/schema\/logo\/image\/\",\"url\":\"http:\/\/avolux.ee\/wp-content\/uploads\/2021\/02\/logo.png\",\"contentUrl\":\"http:\/\/avolux.ee\/wp-content\/uploads\/2021\/02\/logo.png\",\"width\":188,\"height\":76,\"caption\":\"Avolux O\u00dc\"},\"image\":{\"@id\":\"https:\/\/avolux.ee\/et\/#\/schema\/logo\/image\/\"}}]}<\/script>\n<!-- \/ Yoast SEO plugin. -->","yoast_head_json":{"title":"3D l\u00f5ikepea | 3D torulaser Tallinnas | Torul\u00f5ikus | Profiilide l\u00f5ikus Tallinnas - Avolux","description":"Avolux O\u00dc masinapark on suur ja lai ning uuendame alati oma masinaparki uute seadmetega. Koolitame alati oma t\u00f6\u00f6lisi.","robots":{"index":"index","follow":"follow","max-snippet":"max-snippet:-1","max-image-preview":"max-image-preview:large","max-video-preview":"max-video-preview:-1"},"canonical":"https:\/\/avolux.ee\/et\/masinapark\/","og_locale":"et_EE","og_type":"article","og_title":"3D l\u00f5ikepea | 3D torulaser Tallinnas | Torul\u00f5ikus | Profiilide l\u00f5ikus Tallinnas - Avolux","og_description":"Avolux O\u00dc masinapark on suur ja lai ning uuendame alati oma masinaparki uute seadmetega. Koolitame alati oma t\u00f6\u00f6lisi.","og_url":"https:\/\/avolux.ee\/et\/masinapark\/","og_site_name":"Avolux","article_modified_time":"2025-12-15T10:13:12+00:00","twitter_card":"summary_large_image","twitter_misc":{"Est. reading time":"4 minutit"},"schema":{"@context":"https:\/\/schema.org","@graph":[{"@type":"WebPage","@id":"https:\/\/avolux.ee\/et\/masinapark\/","url":"https:\/\/avolux.ee\/et\/masinapark\/","name":"3D l\u00f5ikepea | 3D torulaser Tallinnas | Torul\u00f5ikus | Profiilide l\u00f5ikus Tallinnas - Avolux","isPartOf":{"@id":"https:\/\/avolux.ee\/et\/#website"},"datePublished":"2021-02-18T21:44:20+00:00","dateModified":"2025-12-15T10:13:12+00:00","description":"Avolux O\u00dc masinapark on suur ja lai ning uuendame alati oma masinaparki uute seadmetega. Koolitame alati oma t\u00f6\u00f6lisi.","breadcrumb":{"@id":"https:\/\/avolux.ee\/et\/masinapark\/#breadcrumb"},"inLanguage":"et","potentialAction":[{"@type":"ReadAction","target":["https:\/\/avolux.ee\/et\/masinapark\/"]}]},{"@type":"BreadcrumbList","@id":"https:\/\/avolux.ee\/et\/masinapark\/#breadcrumb","itemListElement":[{"@type":"ListItem","position":1,"name":"Home","item":"https:\/\/avolux.ee\/et\/"},{"@type":"ListItem","position":2,"name":"Masinapark"}]},{"@type":"WebSite","@id":"https:\/\/avolux.ee\/et\/#website","url":"https:\/\/avolux.ee\/et\/","name":"Avolux","description":"Metallm\u00f6\u00f6bel, disainm\u00f6\u00f6bel,  metallkapid","publisher":{"@id":"https:\/\/avolux.ee\/et\/#organization"},"potentialAction":[{"@type":"SearchAction","target":{"@type":"EntryPoint","urlTemplate":"https:\/\/avolux.ee\/et\/?s={search_term_string}"},"query-input":{"@type":"PropertyValueSpecification","valueRequired":true,"valueName":"search_term_string"}}],"inLanguage":"et"},{"@type":"Organization","@id":"https:\/\/avolux.ee\/et\/#organization","name":"Avolux O\u00dc","url":"https:\/\/avolux.ee\/et\/","logo":{"@type":"ImageObject","inLanguage":"et","@id":"https:\/\/avolux.ee\/et\/#\/schema\/logo\/image\/","url":"http:\/\/avolux.ee\/wp-content\/uploads\/2021\/02\/logo.png","contentUrl":"http:\/\/avolux.ee\/wp-content\/uploads\/2021\/02\/logo.png","width":188,"height":76,"caption":"Avolux O\u00dc"},"image":{"@id":"https:\/\/avolux.ee\/et\/#\/schema\/logo\/image\/"}}]}},"_links":{"self":[{"href":"https:\/\/avolux.ee\/et\/wp-json\/wp\/v2\/pages\/24333","targetHints":{"allow":["GET"]}}],"collection":[{"href":"https:\/\/avolux.ee\/et\/wp-json\/wp\/v2\/pages"}],"about":[{"href":"https:\/\/avolux.ee\/et\/wp-json\/wp\/v2\/types\/page"}],"author":[{"embeddable":true,"href":"https:\/\/avolux.ee\/et\/wp-json\/wp\/v2\/users\/1"}],"replies":[{"embeddable":true,"href":"https:\/\/avolux.ee\/et\/wp-json\/wp\/v2\/comments?post=24333"}],"version-history":[{"count":5,"href":"https:\/\/avolux.ee\/et\/wp-json\/wp\/v2\/pages\/24333\/revisions"}],"predecessor-version":[{"id":26861,"href":"https:\/\/avolux.ee\/et\/wp-json\/wp\/v2\/pages\/24333\/revisions\/26861"}],"wp:attachment":[{"href":"https:\/\/avolux.ee\/et\/wp-json\/wp\/v2\/media?parent=24333"}],"curies":[{"name":"wp","href":"https:\/\/api.w.org\/{rel}","templated":true}]}}