{"id":24330,"date":"2021-02-18T21:44:20","date_gmt":"2021-02-18T21:44:20","guid":{"rendered":"http:\/\/avolux.ee\/?page_id=24330"},"modified":"2025-08-18T15:38:00","modified_gmt":"2025-08-18T15:38:00","slug":"teenused","status":"publish","type":"page","link":"https:\/\/avolux.ee\/et\/teenused\/","title":{"rendered":"Teenused"},"content":{"rendered":"<p>[et_pb_section fb_built=&#8221;1&#8243; admin_label=&#8221;Coaching&#8221; _builder_version=&#8221;3.22&#8243; background_color=&#8221;#fafafa&#8221; custom_padding=&#8221;4px||116px|||&#8221; global_colors_info=&#8221;{}&#8221;][et_pb_row _builder_version=&#8221;3.25&#8243; custom_margin=&#8221;31px|auto||auto||&#8221; global_colors_info=&#8221;{}&#8221;][et_pb_column type=&#8221;4_4&#8243; _builder_version=&#8221;3.25&#8243; custom_padding=&#8221;|||&#8221; global_colors_info=&#8221;{}&#8221; custom_padding__hover=&#8221;|||&#8221;][et_pb_text _builder_version=&#8221;4.14.7&#8243; text_font=&#8221;Roboto Condensed||||||||&#8221; text_line_height=&#8221;2em&#8221; header_font=&#8221;||||||||&#8221; header_3_font=&#8221;Roboto Condensed|700|||||||&#8221; header_3_font_size=&#8221;36px&#8221; header_3_line_height=&#8221;1.6em&#8221; text_orientation=&#8221;center&#8221; max_width=&#8221;600px&#8221; module_alignment=&#8221;center&#8221; custom_padding=&#8221;4px|||||&#8221; header_3_font_size_tablet=&#8221;&#8221; header_3_font_size_phone=&#8221;20px&#8221; header_3_font_size_last_edited=&#8221;on|phone&#8221; locked=&#8221;off&#8221; global_colors_info=&#8221;{}&#8221; text_font_size=&#8221;17px&#8221;]<\/p>\n<h3>Millega tegeleme?<\/h3>\n<p>Valmistame metallm\u00f6\u00f6blit \/ disainm\u00f6\u00f6blit, riiuleid, laudu, voodeid, kaminapuude hoidjaid jms. detaile kodu sisustamiseks.\u00a0<span>Lisaks ka trepid, v\u00e4ravad, lumesahad ATV-dele.\u00a0<\/span><\/p>\n<p>[\/et_pb_text][\/et_pb_column][\/et_pb_row][et_pb_row column_structure=&#8221;1_3,1_3,1_3&#8243; _builder_version=&#8221;3.25&#8243; custom_margin=&#8221;13px|auto||auto||&#8221; locked=&#8221;off&#8221; global_colors_info=&#8221;{}&#8221;][et_pb_column type=&#8221;1_3&#8243; _builder_version=&#8221;3.25&#8243; custom_padding=&#8221;|||&#8221; global_colors_info=&#8221;{}&#8221; custom_padding__hover=&#8221;|||&#8221;][et_pb_blurb title=&#8221;Metallit\u00f6\u00f6d&#8221; image=&#8221;http:\/\/avolux.ee\/wp-content\/uploads\/2021\/02\/keevitamine.png&#8221; image_icon_width=&#8221;80px&#8221; image_icon_width_tablet=&#8221;60px&#8221; image_icon_width_phone=&#8221;60px&#8221; image_icon_width_last_edited=&#8221;on|tablet&#8221; _builder_version=&#8221;4.14.7&#8243; header_font=&#8221;Roboto Condensed|700|||||||&#8221; header_line_height=&#8221;1.8em&#8221; body_line_height=&#8221;2em&#8221; background_color=&#8221;#ffffff&#8221; text_orientation=&#8221;center&#8221; custom_padding=&#8221;30px|30px|30px|30px|true|true&#8221; animation_style=&#8221;zoom&#8221; animation_intensity_zoom=&#8221;10%&#8221; border_radii=&#8221;on|10px|10px|10px|10px&#8221; border_radii_image=&#8221;on|100px|100px|100px|100px&#8221; box_shadow_style=&#8221;preset1&#8243; box_shadow_vertical=&#8221;10px&#8221; box_shadow_blur=&#8221;60px&#8221; box_shadow_color=&#8221;rgba(1,33,92,0.1)&#8221; box_shadow_style_image=&#8221;preset1&#8243; box_shadow_vertical_image=&#8221;10px&#8221; box_shadow_blur_image=&#8221;40px&#8221; box_shadow_spread_image=&#8221;-10px&#8221; box_shadow_color_image=&#8221;#15c39a&#8221; image_max_width=&#8221;80px&#8221; image_max_width_tablet=&#8221;60px&#8221; image_max_width_phone=&#8221;&#8221; image_max_width_last_edited=&#8221;on|tablet&#8221; global_colors_info=&#8221;{}&#8221; body_font=&#8221;Roboto Condensed||||||||&#8221; body_font_size=&#8221;15px&#8221; header_font_size=&#8221;20px&#8221;]<\/p>\n<p>Eritellimusel metallm\u00f6\u00f6bel, trepid, piirded, v\u00e4ravad, ATV lisatarvikud (lumesahad).<br \/>Alumiiniumi ja roostevaba metalli keevitus, t\u00f6\u00f6tlus.<\/p>\n<p>[\/et_pb_blurb][\/et_pb_column][et_pb_column type=&#8221;1_3&#8243; _builder_version=&#8221;3.25&#8243; custom_padding=&#8221;40px|||&#8221; custom_padding_tablet=&#8221;0px|||&#8221; custom_padding_last_edited=&#8221;off|desktop&#8221; global_colors_info=&#8221;{}&#8221; custom_padding__hover=&#8221;|||&#8221;][et_pb_blurb title=&#8221;Pulberv\u00e4rvimine&#8221; image=&#8221;http:\/\/avolux.ee\/wp-content\/uploads\/2021\/02\/va\u0308rvimine-1.png&#8221; image_icon_width=&#8221;80px&#8221; image_icon_width_tablet=&#8221;60px&#8221; image_icon_width_phone=&#8221;60px&#8221; image_icon_width_last_edited=&#8221;on|tablet&#8221; _builder_version=&#8221;4.14.7&#8243; header_font=&#8221;Roboto Condensed|700|||||||&#8221; header_line_height=&#8221;1.8em&#8221; body_line_height=&#8221;2em&#8221; background_color=&#8221;#ffffff&#8221; text_orientation=&#8221;center&#8221; custom_padding=&#8221;30px|30px|30px|30px|true|true&#8221; animation_style=&#8221;zoom&#8221; animation_intensity_zoom=&#8221;10%&#8221; border_radii=&#8221;on|10px|10px|10px|10px&#8221; border_radii_image=&#8221;on|100px|100px|100px|100px&#8221; box_shadow_style=&#8221;preset1&#8243; box_shadow_vertical=&#8221;10px&#8221; box_shadow_blur=&#8221;60px&#8221; box_shadow_color=&#8221;rgba(1,33,92,0.1)&#8221; box_shadow_style_image=&#8221;preset1&#8243; box_shadow_vertical_image=&#8221;10px&#8221; box_shadow_blur_image=&#8221;40px&#8221; box_shadow_spread_image=&#8221;-10px&#8221; box_shadow_color_image=&#8221;#437a88&#8243; image_max_width=&#8221;80px&#8221; image_max_width_tablet=&#8221;60px&#8221; image_max_width_phone=&#8221;&#8221; image_max_width_last_edited=&#8221;on|tablet&#8221; global_colors_info=&#8221;{}&#8221; header_font_size=&#8221;20px&#8221; body_font=&#8221;Roboto Condensed||||||||&#8221; body_font_size=&#8221;15px&#8221;]<\/p>\n<p><span>Metall viimistletud pulberv\u00e4rvi, galvaanilise pinnakattega v\u00f5i vastavalt kliendi soovile.<\/span><\/p>\n<p>[\/et_pb_blurb][\/et_pb_column][et_pb_column type=&#8221;1_3&#8243; _builder_version=&#8221;3.25&#8243; custom_padding=&#8221;|||&#8221; global_colors_info=&#8221;{}&#8221; custom_padding__hover=&#8221;|||&#8221;][et_pb_blurb title=&#8221;Disainm\u00f6\u00f6bel&#8221; image=&#8221;http:\/\/avolux.ee\/wp-content\/uploads\/2021\/02\/disainmo\u0308o\u0308bel-1.png&#8221; image_icon_width=&#8221;80px&#8221; image_icon_width_tablet=&#8221;60px&#8221; image_icon_width_phone=&#8221;60px&#8221; image_icon_width_last_edited=&#8221;on|tablet&#8221; _builder_version=&#8221;4.14.7&#8243; header_font=&#8221;Roboto Condensed|700|||||||&#8221; header_line_height=&#8221;1.8em&#8221; body_line_height=&#8221;2em&#8221; background_color=&#8221;#ffffff&#8221; text_orientation=&#8221;center&#8221; custom_padding=&#8221;30px|30px|30px|30px|true|true&#8221; animation_style=&#8221;zoom&#8221; animation_intensity_zoom=&#8221;10%&#8221; hover_enabled=&#8221;0&#8243; border_radii=&#8221;on|10px|10px|10px|10px&#8221; border_radii_image=&#8221;on|100px|100px|100px|100px&#8221; box_shadow_style=&#8221;preset1&#8243; box_shadow_vertical=&#8221;10px&#8221; box_shadow_blur=&#8221;60px&#8221; box_shadow_color=&#8221;rgba(1,33,92,0.1)&#8221; box_shadow_style_image=&#8221;preset1&#8243; box_shadow_vertical_image=&#8221;10px&#8221; box_shadow_blur_image=&#8221;40px&#8221; box_shadow_spread_image=&#8221;-10px&#8221; box_shadow_color_image=&#8221;#ffc47c&#8221; image_max_width=&#8221;80px&#8221; image_max_width_tablet=&#8221;60px&#8221; image_max_width_phone=&#8221;&#8221; image_max_width_last_edited=&#8221;on|tablet&#8221; global_colors_info=&#8221;{}&#8221; header_font_size=&#8221;20px&#8221; body_font=&#8221;Roboto Condensed||||||||&#8221; body_font_size=&#8221;15px&#8221; sticky_enabled=&#8221;0&#8243;]<\/p>\n<p>Valmistame metalltooteid ja disainm\u00f6\u00f6blit eritellimust\u00f6\u00f6na: riiuleid, laudu, kappe, voodeid, kaminapuude hoidjaid ja teisi detaile kodu sisustamiseks.<\/p>\n<p>[\/et_pb_blurb][\/et_pb_column][\/et_pb_row][\/et_pb_section]<\/p>\n","protected":false},"excerpt":{"rendered":"<p>Millega tegeleme? Valmistame metallm\u00f6\u00f6blit \/ disainm\u00f6\u00f6blit, riiuleid, laudu, voodeid, kaminapuude hoidjaid jms. detaile kodu sisustamiseks.\u00a0Lisaks ka trepid, v\u00e4ravad, lumesahad ATV-dele.\u00a0Eritellimusel metallm\u00f6\u00f6bel, trepid, piirded, v\u00e4ravad, ATV lisatarvikud (lumesahad).Alumiiniumi ja roostevaba metalli keevitus, t\u00f6\u00f6tlus.Metall viimistletud pulberv\u00e4rvi, galvaanilise pinnakattega v\u00f5i vastavalt kliendi soovile.Valmistame metalltooteid ja disainm\u00f6\u00f6blit eritellimust\u00f6\u00f6na: riiuleid, laudu, kappe, voodeid, kaminapuude hoidjaid ja teisi detaile kodu sisustamiseks.<\/p>\n","protected":false},"author":1,"featured_media":0,"parent":0,"menu_order":0,"comment_status":"closed","ping_status":"closed","template":"","meta":{"_et_pb_use_builder":"on","_et_pb_old_content":"","_et_gb_content_width":"","footnotes":""},"class_list":["post-24330","page","type-page","status-publish","hentry"],"yoast_head":"<!-- This site is optimized with the Yoast SEO plugin v24.1 - https:\/\/yoast.com\/wordpress\/plugins\/seo\/ -->\n<title>Metallit\u00f6\u00f6d Tallinnas - Avolux<\/title>\n<meta name=\"description\" content=\"Metallit\u00f6\u00f6d Tallinnas, metalltrepid, puit-metalltrepid, trepiplatvormid,k\u00e4sipuud ning piirded. Teostame m\u00f5\u00f5tmised ja paigaldame valmiskonstruktsioonid. K\u00f5ik trepid valmivad tellimust\u00f6\u00f6na!\" \/>\n<meta name=\"robots\" content=\"index, follow, max-snippet:-1, max-image-preview:large, max-video-preview:-1\" \/>\n<link rel=\"canonical\" href=\"https:\/\/avolux.ee\/et\/teenused\/\" \/>\n<meta property=\"og:locale\" content=\"et_EE\" \/>\n<meta property=\"og:type\" content=\"article\" \/>\n<meta property=\"og:title\" content=\"Metallit\u00f6\u00f6d Tallinnas - Avolux\" \/>\n<meta property=\"og:description\" content=\"Metallit\u00f6\u00f6d Tallinnas, metalltrepid, puit-metalltrepid, trepiplatvormid,k\u00e4sipuud ning piirded. Teostame m\u00f5\u00f5tmised ja paigaldame valmiskonstruktsioonid. K\u00f5ik trepid valmivad tellimust\u00f6\u00f6na!\" \/>\n<meta property=\"og:url\" content=\"https:\/\/avolux.ee\/et\/teenused\/\" \/>\n<meta property=\"og:site_name\" content=\"Avolux\" \/>\n<meta property=\"article:modified_time\" content=\"2025-08-18T15:38:00+00:00\" \/>\n<meta name=\"twitter:card\" content=\"summary_large_image\" \/>\n<meta name=\"twitter:label1\" content=\"Est. reading time\" \/>\n\t<meta name=\"twitter:data1\" content=\"4 minutit\" \/>\n<script type=\"application\/ld+json\" class=\"yoast-schema-graph\">{\"@context\":\"https:\/\/schema.org\",\"@graph\":[{\"@type\":\"WebPage\",\"@id\":\"https:\/\/avolux.ee\/et\/teenused\/\",\"url\":\"https:\/\/avolux.ee\/et\/teenused\/\",\"name\":\"Metallit\u00f6\u00f6d Tallinnas - Avolux\",\"isPartOf\":{\"@id\":\"https:\/\/avolux.ee\/et\/#website\"},\"datePublished\":\"2021-02-18T21:44:20+00:00\",\"dateModified\":\"2025-08-18T15:38:00+00:00\",\"description\":\"Metallit\u00f6\u00f6d Tallinnas, metalltrepid, puit-metalltrepid, trepiplatvormid,k\u00e4sipuud ning piirded. Teostame m\u00f5\u00f5tmised ja paigaldame valmiskonstruktsioonid. K\u00f5ik trepid valmivad tellimust\u00f6\u00f6na!\",\"breadcrumb\":{\"@id\":\"https:\/\/avolux.ee\/et\/teenused\/#breadcrumb\"},\"inLanguage\":\"et\",\"potentialAction\":[{\"@type\":\"ReadAction\",\"target\":[\"https:\/\/avolux.ee\/et\/teenused\/\"]}]},{\"@type\":\"BreadcrumbList\",\"@id\":\"https:\/\/avolux.ee\/et\/teenused\/#breadcrumb\",\"itemListElement\":[{\"@type\":\"ListItem\",\"position\":1,\"name\":\"Home\",\"item\":\"https:\/\/avolux.ee\/et\/\"},{\"@type\":\"ListItem\",\"position\":2,\"name\":\"Teenused\"}]},{\"@type\":\"WebSite\",\"@id\":\"https:\/\/avolux.ee\/et\/#website\",\"url\":\"https:\/\/avolux.ee\/et\/\",\"name\":\"Avolux\",\"description\":\"Metallm\u00f6\u00f6bel, disainm\u00f6\u00f6bel,  metallkapid\",\"publisher\":{\"@id\":\"https:\/\/avolux.ee\/et\/#organization\"},\"potentialAction\":[{\"@type\":\"SearchAction\",\"target\":{\"@type\":\"EntryPoint\",\"urlTemplate\":\"https:\/\/avolux.ee\/et\/?s={search_term_string}\"},\"query-input\":{\"@type\":\"PropertyValueSpecification\",\"valueRequired\":true,\"valueName\":\"search_term_string\"}}],\"inLanguage\":\"et\"},{\"@type\":\"Organization\",\"@id\":\"https:\/\/avolux.ee\/et\/#organization\",\"name\":\"Avolux O\u00dc\",\"url\":\"https:\/\/avolux.ee\/et\/\",\"logo\":{\"@type\":\"ImageObject\",\"inLanguage\":\"et\",\"@id\":\"https:\/\/avolux.ee\/et\/#\/schema\/logo\/image\/\",\"url\":\"http:\/\/avolux.ee\/wp-content\/uploads\/2021\/02\/logo.png\",\"contentUrl\":\"http:\/\/avolux.ee\/wp-content\/uploads\/2021\/02\/logo.png\",\"width\":188,\"height\":76,\"caption\":\"Avolux O\u00dc\"},\"image\":{\"@id\":\"https:\/\/avolux.ee\/et\/#\/schema\/logo\/image\/\"}}]}<\/script>\n<!-- \/ Yoast SEO plugin. -->","yoast_head_json":{"title":"Metallit\u00f6\u00f6d Tallinnas - Avolux","description":"Metallit\u00f6\u00f6d Tallinnas, metalltrepid, puit-metalltrepid, trepiplatvormid,k\u00e4sipuud ning piirded. Teostame m\u00f5\u00f5tmised ja paigaldame valmiskonstruktsioonid. K\u00f5ik trepid valmivad tellimust\u00f6\u00f6na!","robots":{"index":"index","follow":"follow","max-snippet":"max-snippet:-1","max-image-preview":"max-image-preview:large","max-video-preview":"max-video-preview:-1"},"canonical":"https:\/\/avolux.ee\/et\/teenused\/","og_locale":"et_EE","og_type":"article","og_title":"Metallit\u00f6\u00f6d Tallinnas - Avolux","og_description":"Metallit\u00f6\u00f6d Tallinnas, metalltrepid, puit-metalltrepid, trepiplatvormid,k\u00e4sipuud ning piirded. Teostame m\u00f5\u00f5tmised ja paigaldame valmiskonstruktsioonid. K\u00f5ik trepid valmivad tellimust\u00f6\u00f6na!","og_url":"https:\/\/avolux.ee\/et\/teenused\/","og_site_name":"Avolux","article_modified_time":"2025-08-18T15:38:00+00:00","twitter_card":"summary_large_image","twitter_misc":{"Est. reading time":"4 minutit"},"schema":{"@context":"https:\/\/schema.org","@graph":[{"@type":"WebPage","@id":"https:\/\/avolux.ee\/et\/teenused\/","url":"https:\/\/avolux.ee\/et\/teenused\/","name":"Metallit\u00f6\u00f6d Tallinnas - Avolux","isPartOf":{"@id":"https:\/\/avolux.ee\/et\/#website"},"datePublished":"2021-02-18T21:44:20+00:00","dateModified":"2025-08-18T15:38:00+00:00","description":"Metallit\u00f6\u00f6d Tallinnas, metalltrepid, puit-metalltrepid, trepiplatvormid,k\u00e4sipuud ning piirded. Teostame m\u00f5\u00f5tmised ja paigaldame valmiskonstruktsioonid. K\u00f5ik trepid valmivad tellimust\u00f6\u00f6na!","breadcrumb":{"@id":"https:\/\/avolux.ee\/et\/teenused\/#breadcrumb"},"inLanguage":"et","potentialAction":[{"@type":"ReadAction","target":["https:\/\/avolux.ee\/et\/teenused\/"]}]},{"@type":"BreadcrumbList","@id":"https:\/\/avolux.ee\/et\/teenused\/#breadcrumb","itemListElement":[{"@type":"ListItem","position":1,"name":"Home","item":"https:\/\/avolux.ee\/et\/"},{"@type":"ListItem","position":2,"name":"Teenused"}]},{"@type":"WebSite","@id":"https:\/\/avolux.ee\/et\/#website","url":"https:\/\/avolux.ee\/et\/","name":"Avolux","description":"Metallm\u00f6\u00f6bel, disainm\u00f6\u00f6bel,  metallkapid","publisher":{"@id":"https:\/\/avolux.ee\/et\/#organization"},"potentialAction":[{"@type":"SearchAction","target":{"@type":"EntryPoint","urlTemplate":"https:\/\/avolux.ee\/et\/?s={search_term_string}"},"query-input":{"@type":"PropertyValueSpecification","valueRequired":true,"valueName":"search_term_string"}}],"inLanguage":"et"},{"@type":"Organization","@id":"https:\/\/avolux.ee\/et\/#organization","name":"Avolux O\u00dc","url":"https:\/\/avolux.ee\/et\/","logo":{"@type":"ImageObject","inLanguage":"et","@id":"https:\/\/avolux.ee\/et\/#\/schema\/logo\/image\/","url":"http:\/\/avolux.ee\/wp-content\/uploads\/2021\/02\/logo.png","contentUrl":"http:\/\/avolux.ee\/wp-content\/uploads\/2021\/02\/logo.png","width":188,"height":76,"caption":"Avolux O\u00dc"},"image":{"@id":"https:\/\/avolux.ee\/et\/#\/schema\/logo\/image\/"}}]}},"_links":{"self":[{"href":"https:\/\/avolux.ee\/et\/wp-json\/wp\/v2\/pages\/24330","targetHints":{"allow":["GET"]}}],"collection":[{"href":"https:\/\/avolux.ee\/et\/wp-json\/wp\/v2\/pages"}],"about":[{"href":"https:\/\/avolux.ee\/et\/wp-json\/wp\/v2\/types\/page"}],"author":[{"embeddable":true,"href":"https:\/\/avolux.ee\/et\/wp-json\/wp\/v2\/users\/1"}],"replies":[{"embeddable":true,"href":"https:\/\/avolux.ee\/et\/wp-json\/wp\/v2\/comments?post=24330"}],"version-history":[{"count":5,"href":"https:\/\/avolux.ee\/et\/wp-json\/wp\/v2\/pages\/24330\/revisions"}],"predecessor-version":[{"id":26803,"href":"https:\/\/avolux.ee\/et\/wp-json\/wp\/v2\/pages\/24330\/revisions\/26803"}],"wp:attachment":[{"href":"https:\/\/avolux.ee\/et\/wp-json\/wp\/v2\/media?parent=24330"}],"curies":[{"name":"wp","href":"https:\/\/api.w.org\/{rel}","templated":true}]}}