{"id":26248,"date":"2022-06-07T08:13:58","date_gmt":"2022-06-07T08:13:58","guid":{"rendered":"http:\/\/avolux.ee\/powder-coating\/"},"modified":"2026-04-27T09:38:50","modified_gmt":"2026-04-27T09:38:50","slug":"powder-coating","status":"publish","type":"page","link":"https:\/\/avolux.ee\/en\/powder-coating\/","title":{"rendered":"Powder coating"},"content":{"rendered":"<p>[et_pb_section fb_built=&#8221;1&#8243; admin_label=&#8221;Feature&#8221; _builder_version=&#8221;4.16&#8243; overflow-x=&#8221;hidden&#8221; overflow-y=&#8221;hidden&#8221; custom_padding=&#8221;0px|||||&#8221; top_divider_style=&#8221;slant&#8221; top_divider_color=&#8221;#ffffff&#8221; top_divider_height=&#8221;10vw&#8221; top_divider_flip=&#8221;horizontal&#8221; top_divider_arrangement=&#8221;above_content&#8221; locked=&#8221;off&#8221; global_colors_info=&#8221;{}&#8221;][et_pb_row column_structure=&#8221;2_3,1_3&#8243; custom_padding_last_edited=&#8221;on|tablet&#8221; _builder_version=&#8221;4.16&#8243; custom_padding_tablet=&#8221;0px|0vw|0px||false|false&#8221; custom_padding_phone=&#8221;&#8221; global_colors_info=&#8221;{}&#8221;][et_pb_column type=&#8221;2_3&#8243; admin_label=&#8221;Column&#8221; _builder_version=&#8221;4.16&#8243; custom_padding=&#8221;|||0px|false|false&#8221; global_colors_info=&#8221;{}&#8221;][et_pb_image src=&#8221;https:\/\/avolux.ee\/wp-content\/uploads\/2021\/02\/varvimine-black-and-white.jpg&#8221; title_text=&#8221;powder coating&#8221; show_bottom_space=&#8221;off&#8221; admin_label=&#8221;Image&#8221; _builder_version=&#8221;4.16&#8243; custom_margin=&#8221;||0px|-20vw|false|false&#8221; border_radii=&#8221;on|10px|10px|10px|10px&#8221; box_shadow_style=&#8221;preset2&#8243; global_colors_info=&#8221;{}&#8221;][\/et_pb_image][\/et_pb_column][et_pb_column type=&#8221;1_3&#8243; _builder_version=&#8221;4.16&#8243; custom_padding=&#8221;16%||||false|false&#8221; custom_padding_tablet=&#8221;0%||||false|false&#8221; custom_padding_phone=&#8221;&#8221; custom_padding_last_edited=&#8221;on|phone&#8221; global_colors_info=&#8221;{}&#8221;][et_pb_text _builder_version=&#8221;4.16&#8243; text_font=&#8221;Roboto Condensed||||||||&#8221; text_text_color=&#8221;#383838&#8243; text_font_size=&#8221;19px&#8221; text_line_height=&#8221;1.8em&#8221; header_font=&#8221;Roboto Condensed||||||||&#8221; header_font_size=&#8221;67px&#8221; header_2_font=&#8221;Roboto Condensed|700|||||||&#8221; header_2_text_color=&#8221;#000000&#8243; header_2_font_size=&#8221;65px&#8221; header_2_line_height=&#8221;1.1em&#8221; custom_margin=&#8221;|||-64%|false|false&#8221; custom_margin_tablet=&#8221;|||0px|false|false&#8221; custom_margin_phone=&#8221;&#8221; custom_margin_last_edited=&#8221;on|phone&#8221; sticky_limit_bottom=&#8221;section&#8221; scroll_vertical_motion=&#8221;0|49|56|100|-4|0|3&#8243; scroll_fade=&#8221;0|49|49|100|0|100|100&#8243; scroll_rotating=&#8221;0|50|73|100|90|0|0&#8243; header_2_font_size_tablet=&#8221;32px&#8221; header_2_font_size_phone=&#8221;22px&#8221; header_2_font_size_last_edited=&#8221;on|phone&#8221; global_colors_info=&#8221;{}&#8221;]<\/p>\n<h2>Powder coating<\/h2>\n<p style=\"font-weight: 400;\">We offer coating of metal products with high-quality powder paints.<\/p>\n<p style=\"font-weight: 400;\">We paint according to the RAL CLASSIC catalog:<br \/><a href=\"https:\/\/www.ral-farben.de\/en\/all-ral-colours\" target=\"_blank\" data-saferedirecturl=\"https:\/\/www.google.com\/url?q=https:\/\/www.ral-farben.de\/en\/all-ral-colours&amp;source=gmail&amp;ust=1777368694650000&amp;usg=AOvVaw1-oI6MNJznO4__FigD4scV\" rel=\"noopener\">https:\/\/www.ral-farben.de\/en\/<wbr \/>all-ral-colours<\/a><\/p>\n<p>INTERNAL DIMENSIONS OF THE OVEN: 7.1 (P) x 2.2 (K) x 1.2 (L) m<\/p>\n<p>[\/et_pb_text][\/et_pb_column][\/et_pb_row][\/et_pb_section][et_pb_section fb_built=&#8221;1&#8243; _builder_version=&#8221;4.16&#8243; _module_preset=&#8221;default&#8221; custom_padding=&#8221;30px||34px|||&#8221; locked=&#8221;off&#8221; global_colors_info=&#8221;{}&#8221;][et_pb_row use_custom_gutter=&#8221;on&#8221; gutter_width=&#8221;2&#8243; make_equal=&#8221;on&#8221; _builder_version=&#8221;4.16&#8243; _module_preset=&#8221;default&#8221; min_height=&#8221;787.5px&#8221; custom_margin=&#8221;-3px|auto||auto||&#8221; custom_padding=&#8221;||0px|||&#8221; global_colors_info=&#8221;{}&#8221;][et_pb_column type=&#8221;4_4&#8243; _builder_version=&#8221;4.16&#8243; _module_preset=&#8221;default&#8221; global_colors_info=&#8221;{}&#8221;][et_pb_gallery gallery_ids=&#8221;24785,24809,24849,24853,24857,24861,24797,24801,24805,24773,24769,24777,24781,24817,24881,24929&#8243; posts_number=&#8221;12&#8243; show_title_and_caption=&#8221;off&#8221; hover_overlay_color=&#8221;rgba(0,0,0,0.3)&#8221; _builder_version=&#8221;4.16&#8243; _module_preset=&#8221;default&#8221; custom_margin=&#8221;||||false|false&#8221; title_font_size_tablet=&#8221;9px&#8221; title_font_size_phone=&#8221;&#8221; title_font_size_last_edited=&#8221;on|phone&#8221; border_radii_image=&#8221;on|16px|16px|16px|16px&#8221; box_shadow_style_image=&#8221;preset2&#8243; global_colors_info=&#8221;{}&#8221;][\/et_pb_gallery][\/et_pb_column][\/et_pb_row][\/et_pb_section]<\/p>\n","protected":false},"excerpt":{"rendered":"<p>Powder coating We offer coating of metal products with high-quality powder paints. We paint according to the RAL CLASSIC catalog:https:\/\/www.ral-farben.de\/en\/all-ral-colours INTERNAL DIMENSIONS OF THE OVEN: 7.1 (P) x 2.2 (K) x 1.2 (L) m<\/p>\n","protected":false},"author":1,"featured_media":0,"parent":0,"menu_order":0,"comment_status":"closed","ping_status":"closed","template":"","meta":{"_et_pb_use_builder":"on","_et_pb_old_content":"","_et_gb_content_width":"","footnotes":""},"class_list":["post-26248","page","type-page","status-publish","hentry"],"yoast_head":"<!-- This site is optimized with the Yoast SEO plugin v24.1 - https:\/\/yoast.com\/wordpress\/plugins\/seo\/ -->\n<title>- Avolux<\/title>\n<meta name=\"description\" content=\"Metallkapid, Metallm\u00f6\u00f6bel, Disainm\u00f6\u00f6bel, Relvakapid, S\u00f5idukite lisatarvikud, Metallit\u00f6\u00f6d, Erinevad metalldetailid ehitustele, Keevitust\u00f6\u00f6d, Relvahoidjad, Eritellimust\u00f6\u00f6d, Allhanked, Eraisikutele tellimust\u00f6\u00f6d.\" \/>\n<meta name=\"robots\" content=\"index, follow, max-snippet:-1, max-image-preview:large, max-video-preview:-1\" \/>\n<link rel=\"canonical\" href=\"https:\/\/avolux.ee\/en\/powder-coating\/\" \/>\n<meta property=\"og:locale\" content=\"en_US\" \/>\n<meta property=\"og:type\" content=\"article\" \/>\n<meta property=\"og:title\" content=\"- Avolux\" \/>\n<meta property=\"og:description\" content=\"Metallkapid, Metallm\u00f6\u00f6bel, Disainm\u00f6\u00f6bel, Relvakapid, S\u00f5idukite lisatarvikud, Metallit\u00f6\u00f6d, Erinevad metalldetailid ehitustele, Keevitust\u00f6\u00f6d, Relvahoidjad, Eritellimust\u00f6\u00f6d, Allhanked, Eraisikutele tellimust\u00f6\u00f6d.\" \/>\n<meta property=\"og:url\" content=\"https:\/\/avolux.ee\/en\/powder-coating\/\" \/>\n<meta property=\"og:site_name\" content=\"Avolux\" \/>\n<meta property=\"article:modified_time\" content=\"2026-04-27T09:38:50+00:00\" \/>\n<meta name=\"twitter:card\" content=\"summary_large_image\" \/>\n<meta name=\"twitter:label1\" content=\"Est. reading time\" \/>\n\t<meta name=\"twitter:data1\" content=\"2 minutes\" \/>\n<script type=\"application\/ld+json\" class=\"yoast-schema-graph\">{\"@context\":\"https:\/\/schema.org\",\"@graph\":[{\"@type\":\"WebPage\",\"@id\":\"https:\/\/avolux.ee\/en\/powder-coating\/\",\"url\":\"https:\/\/avolux.ee\/en\/powder-coating\/\",\"name\":\"- Avolux\",\"isPartOf\":{\"@id\":\"https:\/\/avolux.ee\/en\/#website\"},\"datePublished\":\"2022-06-07T08:13:58+00:00\",\"dateModified\":\"2026-04-27T09:38:50+00:00\",\"description\":\"Metallkapid, Metallm\u00f6\u00f6bel, Disainm\u00f6\u00f6bel, Relvakapid, S\u00f5idukite lisatarvikud, Metallit\u00f6\u00f6d, Erinevad metalldetailid ehitustele, Keevitust\u00f6\u00f6d, Relvahoidjad, Eritellimust\u00f6\u00f6d, Allhanked, Eraisikutele tellimust\u00f6\u00f6d.\",\"breadcrumb\":{\"@id\":\"https:\/\/avolux.ee\/en\/powder-coating\/#breadcrumb\"},\"inLanguage\":\"en-US\",\"potentialAction\":[{\"@type\":\"ReadAction\",\"target\":[\"https:\/\/avolux.ee\/en\/powder-coating\/\"]}]},{\"@type\":\"BreadcrumbList\",\"@id\":\"https:\/\/avolux.ee\/en\/powder-coating\/#breadcrumb\",\"itemListElement\":[{\"@type\":\"ListItem\",\"position\":1,\"name\":\"Home\",\"item\":\"https:\/\/avolux.ee\/en\/\"},{\"@type\":\"ListItem\",\"position\":2,\"name\":\"Powder coating\"}]},{\"@type\":\"WebSite\",\"@id\":\"https:\/\/avolux.ee\/en\/#website\",\"url\":\"https:\/\/avolux.ee\/en\/\",\"name\":\"Avolux\",\"description\":\"Metallm\u00f6\u00f6bel, disainm\u00f6\u00f6bel,  metallkapid\",\"publisher\":{\"@id\":\"https:\/\/avolux.ee\/en\/#organization\"},\"potentialAction\":[{\"@type\":\"SearchAction\",\"target\":{\"@type\":\"EntryPoint\",\"urlTemplate\":\"https:\/\/avolux.ee\/en\/?s={search_term_string}\"},\"query-input\":{\"@type\":\"PropertyValueSpecification\",\"valueRequired\":true,\"valueName\":\"search_term_string\"}}],\"inLanguage\":\"en-US\"},{\"@type\":\"Organization\",\"@id\":\"https:\/\/avolux.ee\/en\/#organization\",\"name\":\"Avolux O\u00dc\",\"url\":\"https:\/\/avolux.ee\/en\/\",\"logo\":{\"@type\":\"ImageObject\",\"inLanguage\":\"en-US\",\"@id\":\"https:\/\/avolux.ee\/en\/#\/schema\/logo\/image\/\",\"url\":\"http:\/\/avolux.ee\/wp-content\/uploads\/2021\/02\/logo.png\",\"contentUrl\":\"http:\/\/avolux.ee\/wp-content\/uploads\/2021\/02\/logo.png\",\"width\":188,\"height\":76,\"caption\":\"Avolux O\u00dc\"},\"image\":{\"@id\":\"https:\/\/avolux.ee\/en\/#\/schema\/logo\/image\/\"}}]}<\/script>\n<!-- \/ Yoast SEO plugin. -->","yoast_head_json":{"title":"- Avolux","description":"Metallkapid, Metallm\u00f6\u00f6bel, Disainm\u00f6\u00f6bel, Relvakapid, S\u00f5idukite lisatarvikud, Metallit\u00f6\u00f6d, Erinevad metalldetailid ehitustele, Keevitust\u00f6\u00f6d, Relvahoidjad, Eritellimust\u00f6\u00f6d, Allhanked, Eraisikutele tellimust\u00f6\u00f6d.","robots":{"index":"index","follow":"follow","max-snippet":"max-snippet:-1","max-image-preview":"max-image-preview:large","max-video-preview":"max-video-preview:-1"},"canonical":"https:\/\/avolux.ee\/en\/powder-coating\/","og_locale":"en_US","og_type":"article","og_title":"- Avolux","og_description":"Metallkapid, Metallm\u00f6\u00f6bel, Disainm\u00f6\u00f6bel, Relvakapid, S\u00f5idukite lisatarvikud, Metallit\u00f6\u00f6d, Erinevad metalldetailid ehitustele, Keevitust\u00f6\u00f6d, Relvahoidjad, Eritellimust\u00f6\u00f6d, Allhanked, Eraisikutele tellimust\u00f6\u00f6d.","og_url":"https:\/\/avolux.ee\/en\/powder-coating\/","og_site_name":"Avolux","article_modified_time":"2026-04-27T09:38:50+00:00","twitter_card":"summary_large_image","twitter_misc":{"Est. reading time":"2 minutes"},"schema":{"@context":"https:\/\/schema.org","@graph":[{"@type":"WebPage","@id":"https:\/\/avolux.ee\/en\/powder-coating\/","url":"https:\/\/avolux.ee\/en\/powder-coating\/","name":"- Avolux","isPartOf":{"@id":"https:\/\/avolux.ee\/en\/#website"},"datePublished":"2022-06-07T08:13:58+00:00","dateModified":"2026-04-27T09:38:50+00:00","description":"Metallkapid, Metallm\u00f6\u00f6bel, Disainm\u00f6\u00f6bel, Relvakapid, S\u00f5idukite lisatarvikud, Metallit\u00f6\u00f6d, Erinevad metalldetailid ehitustele, Keevitust\u00f6\u00f6d, Relvahoidjad, Eritellimust\u00f6\u00f6d, Allhanked, Eraisikutele tellimust\u00f6\u00f6d.","breadcrumb":{"@id":"https:\/\/avolux.ee\/en\/powder-coating\/#breadcrumb"},"inLanguage":"en-US","potentialAction":[{"@type":"ReadAction","target":["https:\/\/avolux.ee\/en\/powder-coating\/"]}]},{"@type":"BreadcrumbList","@id":"https:\/\/avolux.ee\/en\/powder-coating\/#breadcrumb","itemListElement":[{"@type":"ListItem","position":1,"name":"Home","item":"https:\/\/avolux.ee\/en\/"},{"@type":"ListItem","position":2,"name":"Powder coating"}]},{"@type":"WebSite","@id":"https:\/\/avolux.ee\/en\/#website","url":"https:\/\/avolux.ee\/en\/","name":"Avolux","description":"Metallm\u00f6\u00f6bel, disainm\u00f6\u00f6bel,  metallkapid","publisher":{"@id":"https:\/\/avolux.ee\/en\/#organization"},"potentialAction":[{"@type":"SearchAction","target":{"@type":"EntryPoint","urlTemplate":"https:\/\/avolux.ee\/en\/?s={search_term_string}"},"query-input":{"@type":"PropertyValueSpecification","valueRequired":true,"valueName":"search_term_string"}}],"inLanguage":"en-US"},{"@type":"Organization","@id":"https:\/\/avolux.ee\/en\/#organization","name":"Avolux O\u00dc","url":"https:\/\/avolux.ee\/en\/","logo":{"@type":"ImageObject","inLanguage":"en-US","@id":"https:\/\/avolux.ee\/en\/#\/schema\/logo\/image\/","url":"http:\/\/avolux.ee\/wp-content\/uploads\/2021\/02\/logo.png","contentUrl":"http:\/\/avolux.ee\/wp-content\/uploads\/2021\/02\/logo.png","width":188,"height":76,"caption":"Avolux O\u00dc"},"image":{"@id":"https:\/\/avolux.ee\/en\/#\/schema\/logo\/image\/"}}]}},"_links":{"self":[{"href":"https:\/\/avolux.ee\/en\/wp-json\/wp\/v2\/pages\/26248","targetHints":{"allow":["GET"]}}],"collection":[{"href":"https:\/\/avolux.ee\/en\/wp-json\/wp\/v2\/pages"}],"about":[{"href":"https:\/\/avolux.ee\/en\/wp-json\/wp\/v2\/types\/page"}],"author":[{"embeddable":true,"href":"https:\/\/avolux.ee\/en\/wp-json\/wp\/v2\/users\/1"}],"replies":[{"embeddable":true,"href":"https:\/\/avolux.ee\/en\/wp-json\/wp\/v2\/comments?post=26248"}],"version-history":[{"count":4,"href":"https:\/\/avolux.ee\/en\/wp-json\/wp\/v2\/pages\/26248\/revisions"}],"predecessor-version":[{"id":26885,"href":"https:\/\/avolux.ee\/en\/wp-json\/wp\/v2\/pages\/26248\/revisions\/26885"}],"wp:attachment":[{"href":"https:\/\/avolux.ee\/en\/wp-json\/wp\/v2\/media?parent=26248"}],"curies":[{"name":"wp","href":"https:\/\/api.w.org\/{rel}","templated":true}]}}