{"id":26239,"date":"2022-06-07T08:13:58","date_gmt":"2022-06-07T08:13:58","guid":{"rendered":"http:\/\/avolux.ee\/machine-park\/"},"modified":"2025-12-15T10:13:48","modified_gmt":"2025-12-15T10:13:48","slug":"machine-park","status":"publish","type":"page","link":"https:\/\/avolux.ee\/en\/machine-park\/","title":{"rendered":"Machine park"},"content":{"rendered":"<p>[et_pb_section fb_built=&#8221;1&#8243; admin_label=&#8221;Hero&#8221; _builder_version=&#8221;4.16&#8243; background_image=&#8221;https:\/\/avolux.ee\/wp-content\/uploads\/2021\/02\/circle-background-pattern.png&#8221; custom_margin=&#8221;-57px|||||&#8221; custom_padding=&#8221;55px||0px|||&#8221; animation_style=&#8221;zoom&#8221; animation_intensity_zoom=&#8221;4%&#8221; global_colors_info=&#8221;{}&#8221;][et_pb_row _builder_version=&#8221;4.16&#8243; background_size=&#8221;initial&#8221; background_position=&#8221;top_left&#8221; background_repeat=&#8221;repeat&#8221; custom_padding=&#8221;|||&#8221; animation_style=&#8221;slide&#8221; animation_direction=&#8221;top&#8221; animation_intensity_slide=&#8221;3%&#8221; global_colors_info=&#8221;{}&#8221;][et_pb_column type=&#8221;4_4&#8243; _builder_version=&#8221;4.16&#8243; custom_padding=&#8221;|||&#8221; global_colors_info=&#8221;{}&#8221; custom_padding__hover=&#8221;|||&#8221;][et_pb_text _builder_version=&#8221;4.16&#8243; text_font=&#8221;||||||||&#8221; header_font=&#8221;Montserrat|700||on|||||dotted&#8221; header_text_color=&#8221;#353740&#8243; header_font_size=&#8221;60px&#8221; header_line_height=&#8221;1.3em&#8221; background_size=&#8221;initial&#8221; background_position=&#8221;top_left&#8221; background_repeat=&#8221;repeat&#8221; custom_margin=&#8221;|||&#8221; animation_style=&#8221;fade&#8221; header_font_size_last_edited=&#8221;off|desktop&#8221; locked=&#8221;off&#8221; global_colors_info=&#8221;{}&#8221;]<\/p>\n<h1>Machine park<\/h1>\n<p>[\/et_pb_text][\/et_pb_column][\/et_pb_row][\/et_pb_section][et_pb_section fb_built=&#8221;1&#8243; _builder_version=&#8221;4.16&#8243; _module_preset=&#8221;default&#8221; custom_padding=&#8221;30px||138px|||&#8221; global_colors_info=&#8221;{}&#8221;][et_pb_row use_custom_gutter=&#8221;on&#8221; gutter_width=&#8221;2&#8243; make_equal=&#8221;on&#8221; _builder_version=&#8221;4.16&#8243; _module_preset=&#8221;default&#8221; min_height=&#8221;787.5px&#8221; custom_margin=&#8221;-3px|auto||auto||&#8221; custom_padding=&#8221;||0px|||&#8221; global_colors_info=&#8221;{}&#8221;][et_pb_column type=&#8221;4_4&#8243; _builder_version=&#8221;4.16&#8243; _module_preset=&#8221;default&#8221; global_colors_info=&#8221;{}&#8221;][et_pb_gallery gallery_ids=&#8221;26696,26857,25985,25975,24966,24974,25030,25014,24961,26008,25711,25046,25965,25994,25941&#8243; posts_number=&#8221;16&#8243; hover_overlay_color=&#8221;rgba(0,0,0,0.3)&#8221; _builder_version=&#8221;4.25.2&#8243; _module_preset=&#8221;default&#8221; custom_margin=&#8221;||||false|false&#8221; hover_enabled=&#8221;0&#8243; title_font_size_tablet=&#8221;9px&#8221; title_font_size_phone=&#8221;&#8221; title_font_size_last_edited=&#8221;on|phone&#8221; border_radii_image=&#8221;on|16px|16px|16px|16px&#8221; box_shadow_style_image=&#8221;preset2&#8243; global_colors_info=&#8221;{}&#8221; sticky_enabled=&#8221;0&#8243; locked=&#8221;off&#8221;][\/et_pb_gallery][\/et_pb_column][\/et_pb_row][\/et_pb_section]<\/p>\n","protected":false},"excerpt":{"rendered":"<p>Machine park<\/p>\n","protected":false},"author":1,"featured_media":0,"parent":0,"menu_order":0,"comment_status":"closed","ping_status":"closed","template":"","meta":{"_et_pb_use_builder":"on","_et_pb_old_content":"","_et_gb_content_width":"","footnotes":""},"class_list":["post-26239","page","type-page","status-publish","hentry"],"yoast_head":"<!-- This site is optimized with the Yoast SEO plugin v24.1 - https:\/\/yoast.com\/wordpress\/plugins\/seo\/ -->\n<title>Bevel cutting tube laser in Tallinn | Bevel head laser | Pipecutting in Estonia | Tube Cutting | Profile cutting Tallinn - Avolux<\/title>\n<meta name=\"description\" content=\"The machinery of Avolux O\u00dc is large and wide and we always update our machinery with new equipment. We always train our workers.\" \/>\n<meta name=\"robots\" content=\"index, follow, max-snippet:-1, max-image-preview:large, max-video-preview:-1\" \/>\n<link rel=\"canonical\" href=\"https:\/\/avolux.ee\/en\/machine-park\/\" \/>\n<meta property=\"og:locale\" content=\"en_US\" \/>\n<meta property=\"og:type\" content=\"article\" \/>\n<meta property=\"og:title\" content=\"Bevel cutting tube laser in Tallinn | Bevel head laser | Pipecutting in Estonia | Tube Cutting | Profile cutting Tallinn - Avolux\" \/>\n<meta property=\"og:description\" content=\"The machinery of Avolux O\u00dc is large and wide and we always update our machinery with new equipment. We always train our workers.\" \/>\n<meta property=\"og:url\" content=\"https:\/\/avolux.ee\/en\/machine-park\/\" \/>\n<meta property=\"og:site_name\" content=\"Avolux\" \/>\n<meta property=\"article:modified_time\" content=\"2025-12-15T10:13:48+00:00\" \/>\n<meta name=\"twitter:card\" content=\"summary_large_image\" \/>\n<meta name=\"twitter:label1\" content=\"Est. reading time\" \/>\n\t<meta name=\"twitter:data1\" content=\"1 minute\" \/>\n<script type=\"application\/ld+json\" class=\"yoast-schema-graph\">{\"@context\":\"https:\/\/schema.org\",\"@graph\":[{\"@type\":\"WebPage\",\"@id\":\"https:\/\/avolux.ee\/en\/machine-park\/\",\"url\":\"https:\/\/avolux.ee\/en\/machine-park\/\",\"name\":\"Bevel cutting tube laser in Tallinn | Bevel head laser | Pipecutting in Estonia | Tube Cutting | Profile cutting Tallinn - Avolux\",\"isPartOf\":{\"@id\":\"https:\/\/avolux.ee\/en\/#website\"},\"datePublished\":\"2022-06-07T08:13:58+00:00\",\"dateModified\":\"2025-12-15T10:13:48+00:00\",\"description\":\"The machinery of Avolux O\u00dc is large and wide and we always update our machinery with new equipment. We always train our workers.\",\"breadcrumb\":{\"@id\":\"https:\/\/avolux.ee\/en\/machine-park\/#breadcrumb\"},\"inLanguage\":\"en-US\",\"potentialAction\":[{\"@type\":\"ReadAction\",\"target\":[\"https:\/\/avolux.ee\/en\/machine-park\/\"]}]},{\"@type\":\"BreadcrumbList\",\"@id\":\"https:\/\/avolux.ee\/en\/machine-park\/#breadcrumb\",\"itemListElement\":[{\"@type\":\"ListItem\",\"position\":1,\"name\":\"Home\",\"item\":\"https:\/\/avolux.ee\/en\/\"},{\"@type\":\"ListItem\",\"position\":2,\"name\":\"Machine park\"}]},{\"@type\":\"WebSite\",\"@id\":\"https:\/\/avolux.ee\/en\/#website\",\"url\":\"https:\/\/avolux.ee\/en\/\",\"name\":\"Avolux\",\"description\":\"Metallm\u00f6\u00f6bel, disainm\u00f6\u00f6bel,  metallkapid\",\"publisher\":{\"@id\":\"https:\/\/avolux.ee\/en\/#organization\"},\"potentialAction\":[{\"@type\":\"SearchAction\",\"target\":{\"@type\":\"EntryPoint\",\"urlTemplate\":\"https:\/\/avolux.ee\/en\/?s={search_term_string}\"},\"query-input\":{\"@type\":\"PropertyValueSpecification\",\"valueRequired\":true,\"valueName\":\"search_term_string\"}}],\"inLanguage\":\"en-US\"},{\"@type\":\"Organization\",\"@id\":\"https:\/\/avolux.ee\/en\/#organization\",\"name\":\"Avolux O\u00dc\",\"url\":\"https:\/\/avolux.ee\/en\/\",\"logo\":{\"@type\":\"ImageObject\",\"inLanguage\":\"en-US\",\"@id\":\"https:\/\/avolux.ee\/en\/#\/schema\/logo\/image\/\",\"url\":\"http:\/\/avolux.ee\/wp-content\/uploads\/2021\/02\/logo.png\",\"contentUrl\":\"http:\/\/avolux.ee\/wp-content\/uploads\/2021\/02\/logo.png\",\"width\":188,\"height\":76,\"caption\":\"Avolux O\u00dc\"},\"image\":{\"@id\":\"https:\/\/avolux.ee\/en\/#\/schema\/logo\/image\/\"}}]}<\/script>\n<!-- \/ Yoast SEO plugin. -->","yoast_head_json":{"title":"Bevel cutting tube laser in Tallinn | Bevel head laser | Pipecutting in Estonia | Tube Cutting | Profile cutting Tallinn - Avolux","description":"The machinery of Avolux O\u00dc is large and wide and we always update our machinery with new equipment. We always train our workers.","robots":{"index":"index","follow":"follow","max-snippet":"max-snippet:-1","max-image-preview":"max-image-preview:large","max-video-preview":"max-video-preview:-1"},"canonical":"https:\/\/avolux.ee\/en\/machine-park\/","og_locale":"en_US","og_type":"article","og_title":"Bevel cutting tube laser in Tallinn | Bevel head laser | Pipecutting in Estonia | Tube Cutting | Profile cutting Tallinn - Avolux","og_description":"The machinery of Avolux O\u00dc is large and wide and we always update our machinery with new equipment. We always train our workers.","og_url":"https:\/\/avolux.ee\/en\/machine-park\/","og_site_name":"Avolux","article_modified_time":"2025-12-15T10:13:48+00:00","twitter_card":"summary_large_image","twitter_misc":{"Est. reading time":"1 minute"},"schema":{"@context":"https:\/\/schema.org","@graph":[{"@type":"WebPage","@id":"https:\/\/avolux.ee\/en\/machine-park\/","url":"https:\/\/avolux.ee\/en\/machine-park\/","name":"Bevel cutting tube laser in Tallinn | Bevel head laser | Pipecutting in Estonia | Tube Cutting | Profile cutting Tallinn - Avolux","isPartOf":{"@id":"https:\/\/avolux.ee\/en\/#website"},"datePublished":"2022-06-07T08:13:58+00:00","dateModified":"2025-12-15T10:13:48+00:00","description":"The machinery of Avolux O\u00dc is large and wide and we always update our machinery with new equipment. We always train our workers.","breadcrumb":{"@id":"https:\/\/avolux.ee\/en\/machine-park\/#breadcrumb"},"inLanguage":"en-US","potentialAction":[{"@type":"ReadAction","target":["https:\/\/avolux.ee\/en\/machine-park\/"]}]},{"@type":"BreadcrumbList","@id":"https:\/\/avolux.ee\/en\/machine-park\/#breadcrumb","itemListElement":[{"@type":"ListItem","position":1,"name":"Home","item":"https:\/\/avolux.ee\/en\/"},{"@type":"ListItem","position":2,"name":"Machine park"}]},{"@type":"WebSite","@id":"https:\/\/avolux.ee\/en\/#website","url":"https:\/\/avolux.ee\/en\/","name":"Avolux","description":"Metallm\u00f6\u00f6bel, disainm\u00f6\u00f6bel,  metallkapid","publisher":{"@id":"https:\/\/avolux.ee\/en\/#organization"},"potentialAction":[{"@type":"SearchAction","target":{"@type":"EntryPoint","urlTemplate":"https:\/\/avolux.ee\/en\/?s={search_term_string}"},"query-input":{"@type":"PropertyValueSpecification","valueRequired":true,"valueName":"search_term_string"}}],"inLanguage":"en-US"},{"@type":"Organization","@id":"https:\/\/avolux.ee\/en\/#organization","name":"Avolux O\u00dc","url":"https:\/\/avolux.ee\/en\/","logo":{"@type":"ImageObject","inLanguage":"en-US","@id":"https:\/\/avolux.ee\/en\/#\/schema\/logo\/image\/","url":"http:\/\/avolux.ee\/wp-content\/uploads\/2021\/02\/logo.png","contentUrl":"http:\/\/avolux.ee\/wp-content\/uploads\/2021\/02\/logo.png","width":188,"height":76,"caption":"Avolux O\u00dc"},"image":{"@id":"https:\/\/avolux.ee\/en\/#\/schema\/logo\/image\/"}}]}},"_links":{"self":[{"href":"https:\/\/avolux.ee\/en\/wp-json\/wp\/v2\/pages\/26239","targetHints":{"allow":["GET"]}}],"collection":[{"href":"https:\/\/avolux.ee\/en\/wp-json\/wp\/v2\/pages"}],"about":[{"href":"https:\/\/avolux.ee\/en\/wp-json\/wp\/v2\/types\/page"}],"author":[{"embeddable":true,"href":"https:\/\/avolux.ee\/en\/wp-json\/wp\/v2\/users\/1"}],"replies":[{"embeddable":true,"href":"https:\/\/avolux.ee\/en\/wp-json\/wp\/v2\/comments?post=26239"}],"version-history":[{"count":5,"href":"https:\/\/avolux.ee\/en\/wp-json\/wp\/v2\/pages\/26239\/revisions"}],"predecessor-version":[{"id":26863,"href":"https:\/\/avolux.ee\/en\/wp-json\/wp\/v2\/pages\/26239\/revisions\/26863"}],"wp:attachment":[{"href":"https:\/\/avolux.ee\/en\/wp-json\/wp\/v2\/media?parent=26239"}],"curies":[{"name":"wp","href":"https:\/\/api.w.org\/{rel}","templated":true}]}}