{"id":26212,"date":"2022-06-07T08:13:56","date_gmt":"2022-06-07T08:13:56","guid":{"rendered":"http:\/\/avolux.ee\/services\/"},"modified":"2022-06-07T08:13:57","modified_gmt":"2022-06-07T08:13:57","slug":"services","status":"publish","type":"page","link":"https:\/\/avolux.ee\/en\/services\/","title":{"rendered":"Services"},"content":{"rendered":"<p>[et_pb_section fb_built=&#8221;1&#8243; admin_label=&#8221;Coaching&#8221; _builder_version=&#8221;3.22&#8243; background_color=&#8221;#fafafa&#8221; custom_padding=&#8221;4px||116px|||&#8221; global_colors_info=&#8221;{}&#8221;][et_pb_row _builder_version=&#8221;3.25&#8243; custom_margin=&#8221;31px|auto||auto||&#8221; global_colors_info=&#8221;{}&#8221;][et_pb_column type=&#8221;4_4&#8243; _builder_version=&#8221;3.25&#8243; custom_padding=&#8221;|||&#8221; global_colors_info=&#8221;{}&#8221; custom_padding__hover=&#8221;|||&#8221;][et_pb_text _builder_version=&#8221;4.14.7&#8243; text_font=&#8221;Roboto Condensed||||||||&#8221; text_line_height=&#8221;2em&#8221; header_font=&#8221;||||||||&#8221; header_3_font=&#8221;Roboto Condensed|700|||||||&#8221; header_3_font_size=&#8221;36px&#8221; header_3_line_height=&#8221;1.6em&#8221; text_orientation=&#8221;center&#8221; max_width=&#8221;600px&#8221; module_alignment=&#8221;center&#8221; custom_padding=&#8221;4px|||||&#8221; header_3_font_size_tablet=&#8221;&#8221; header_3_font_size_phone=&#8221;20px&#8221; header_3_font_size_last_edited=&#8221;on|phone&#8221; locked=&#8221;off&#8221; global_colors_info=&#8221;{}&#8221; text_font_size=&#8221;17px&#8221;]<\/p>\n<h3>What are we doing?<\/h3>\n<p>We manufacture metal furniture \/ design furniture, shelves, tables, beds, fireplace holders, etc. details for home furnishing. <span>In addition, stairs, gates, snow plows for ATVs. <\/span><\/p>\n<p>[\/et_pb_text][\/et_pb_column][\/et_pb_row][et_pb_row column_structure=&#8221;1_3,1_3,1_3&#8243; _builder_version=&#8221;3.25&#8243; custom_margin=&#8221;13px|auto||auto||&#8221; locked=&#8221;off&#8221; global_colors_info=&#8221;{}&#8221;][et_pb_column type=&#8221;1_3&#8243; _builder_version=&#8221;3.25&#8243; custom_padding=&#8221;|||&#8221; global_colors_info=&#8221;{}&#8221; custom_padding__hover=&#8221;|||&#8221;][et_pb_blurb title=&#8221;Metal works&#8221; image=&#8221;http:\/\/avolux.ee\/wp-content\/uploads\/2021\/02\/keevitamine.png&#8221; image_icon_width=&#8221;80px&#8221; image_icon_width_tablet=&#8221;60px&#8221; image_icon_width_phone=&#8221;60px&#8221; image_icon_width_last_edited=&#8221;on|tablet&#8221; _builder_version=&#8221;4.14.7&#8243; header_font=&#8221;Roboto Condensed|700|||||||&#8221; header_line_height=&#8221;1.8em&#8221; body_line_height=&#8221;2em&#8221; background_color=&#8221;#ffffff&#8221; text_orientation=&#8221;center&#8221; custom_padding=&#8221;30px|30px|30px|30px|true|true&#8221; animation_style=&#8221;zoom&#8221; animation_intensity_zoom=&#8221;10%&#8221; border_radii=&#8221;on|10px|10px|10px|10px&#8221; border_radii_image=&#8221;on|100px|100px|100px|100px&#8221; box_shadow_style=&#8221;preset1&#8243; box_shadow_vertical=&#8221;10px&#8221; box_shadow_blur=&#8221;60px&#8221; box_shadow_color=&#8221;rgba(1,33,92,0.1)&#8221; box_shadow_style_image=&#8221;preset1&#8243; box_shadow_vertical_image=&#8221;10px&#8221; box_shadow_blur_image=&#8221;40px&#8221; box_shadow_spread_image=&#8221;-10px&#8221; box_shadow_color_image=&#8221;#15c39a&#8221; image_max_width=&#8221;80px&#8221; image_max_width_tablet=&#8221;60px&#8221; image_max_width_phone=&#8221;&#8221; image_max_width_last_edited=&#8221;on|tablet&#8221; global_colors_info=&#8221;{}&#8221; body_font=&#8221;Roboto Condensed||||||||&#8221; body_font_size=&#8221;15px&#8221; header_font_size=&#8221;20px&#8221;]<\/p>\n<p>Metal furniture, stairs, railings, gates, ATV accessories (snow plows) on special order.<br \/>Welding and processing of aluminum and stainless metal.<\/p>\n<p>[\/et_pb_blurb][\/et_pb_column][et_pb_column type=&#8221;1_3&#8243; _builder_version=&#8221;3.25&#8243; custom_padding=&#8221;40px|||&#8221; custom_padding_tablet=&#8221;0px|||&#8221; custom_padding_last_edited=&#8221;off|desktop&#8221; global_colors_info=&#8221;{}&#8221; custom_padding__hover=&#8221;|||&#8221;][et_pb_blurb title=&#8221;Powder coating&#8221; image=&#8221;http:\/\/avolux.ee\/wp-content\/uploads\/2021\/02\/va\u0308rvimine-1.png&#8221; image_icon_width=&#8221;80px&#8221; image_icon_width_tablet=&#8221;60px&#8221; image_icon_width_phone=&#8221;60px&#8221; image_icon_width_last_edited=&#8221;on|tablet&#8221; _builder_version=&#8221;4.14.7&#8243; header_font=&#8221;Roboto Condensed|700|||||||&#8221; header_line_height=&#8221;1.8em&#8221; body_line_height=&#8221;2em&#8221; background_color=&#8221;#ffffff&#8221; text_orientation=&#8221;center&#8221; custom_padding=&#8221;30px|30px|30px|30px|true|true&#8221; animation_style=&#8221;zoom&#8221; animation_intensity_zoom=&#8221;10%&#8221; border_radii=&#8221;on|10px|10px|10px|10px&#8221; border_radii_image=&#8221;on|100px|100px|100px|100px&#8221; box_shadow_style=&#8221;preset1&#8243; box_shadow_vertical=&#8221;10px&#8221; box_shadow_blur=&#8221;60px&#8221; box_shadow_color=&#8221;rgba(1,33,92,0.1)&#8221; box_shadow_style_image=&#8221;preset1&#8243; box_shadow_vertical_image=&#8221;10px&#8221; box_shadow_blur_image=&#8221;40px&#8221; box_shadow_spread_image=&#8221;-10px&#8221; box_shadow_color_image=&#8221;#437a88&#8243; image_max_width=&#8221;80px&#8221; image_max_width_tablet=&#8221;60px&#8221; image_max_width_phone=&#8221;&#8221; image_max_width_last_edited=&#8221;on|tablet&#8221; global_colors_info=&#8221;{}&#8221; header_font_size=&#8221;20px&#8221; body_font=&#8221;Roboto Condensed||||||||&#8221; body_font_size=&#8221;15px&#8221;]<\/p>\n<p><span>Metal finished with powder paint, galvanic coating or according to customer&#8217;s request.<\/span><\/p>\n<p>[\/et_pb_blurb][\/et_pb_column][et_pb_column type=&#8221;1_3&#8243; _builder_version=&#8221;3.25&#8243; custom_padding=&#8221;|||&#8221; global_colors_info=&#8221;{}&#8221; custom_padding__hover=&#8221;|||&#8221;][et_pb_blurb title=&#8221;Design furniture&#8221; image=&#8221;http:\/\/avolux.ee\/wp-content\/uploads\/2021\/02\/disainmo\u0308o\u0308bel-1.png&#8221; image_icon_width=&#8221;80px&#8221; image_icon_width_tablet=&#8221;60px&#8221; image_icon_width_phone=&#8221;60px&#8221; image_icon_width_last_edited=&#8221;on|tablet&#8221; _builder_version=&#8221;4.14.7&#8243; header_font=&#8221;Roboto Condensed|700|||||||&#8221; header_line_height=&#8221;1.8em&#8221; body_line_height=&#8221;2em&#8221; background_color=&#8221;#ffffff&#8221; text_orientation=&#8221;center&#8221; custom_padding=&#8221;30px|30px|30px|30px|true|true&#8221; animation_style=&#8221;zoom&#8221; animation_intensity_zoom=&#8221;10%&#8221; hover_enabled=&#8221;0&#8243; border_radii=&#8221;on|10px|10px|10px|10px&#8221; border_radii_image=&#8221;on|100px|100px|100px|100px&#8221; box_shadow_style=&#8221;preset1&#8243; box_shadow_vertical=&#8221;10px&#8221; box_shadow_blur=&#8221;60px&#8221; box_shadow_color=&#8221;rgba(1,33,92,0.1)&#8221; box_shadow_style_image=&#8221;preset1&#8243; box_shadow_vertical_image=&#8221;10px&#8221; box_shadow_blur_image=&#8221;40px&#8221; box_shadow_spread_image=&#8221;-10px&#8221; box_shadow_color_image=&#8221;#ffc47c&#8221; image_max_width=&#8221;80px&#8221; image_max_width_tablet=&#8221;60px&#8221; image_max_width_phone=&#8221;&#8221; image_max_width_last_edited=&#8221;on|tablet&#8221; global_colors_info=&#8221;{}&#8221; header_font_size=&#8221;20px&#8221; body_font=&#8221;Roboto Condensed||||||||&#8221; body_font_size=&#8221;15px&#8221; sticky_enabled=&#8221;0&#8243;]<\/p>\n<p>We manufacture metal products and design furniture to order: shelves, tables, cabinets, beds, fireplace holders and other details for home furnishing.<\/p>\n<p>[\/et_pb_blurb][\/et_pb_column][\/et_pb_row][\/et_pb_section]<\/p>\n","protected":false},"excerpt":{"rendered":"<p>What are we doing? We manufacture metal furniture \/ design furniture, shelves, tables, beds, fireplace holders, etc. details for home furnishing. In addition, stairs, gates, snow plows for ATVs. Metal furniture, stairs, railings, gates, ATV accessories (snow plows) on special order.Welding and processing of aluminum and stainless metal.Metal finished with powder paint, galvanic coating or [&hellip;]<\/p>\n","protected":false},"author":1,"featured_media":0,"parent":0,"menu_order":0,"comment_status":"closed","ping_status":"closed","template":"","meta":{"_et_pb_use_builder":"on","_et_pb_old_content":"","_et_gb_content_width":"","footnotes":""},"class_list":["post-26212","page","type-page","status-publish","hentry"],"yoast_head":"<!-- This site is optimized with the Yoast SEO plugin v24.1 - https:\/\/yoast.com\/wordpress\/plugins\/seo\/ -->\n<title>Avolux -<\/title>\n<meta name=\"description\" content=\"Stairs: metal stairs, wood-metal stairs, stair platforms, handrails and railings. We perform measurements and install prefabricated structures. All stairs are made to order!\" \/>\n<meta name=\"robots\" content=\"index, follow, max-snippet:-1, max-image-preview:large, max-video-preview:-1\" \/>\n<link rel=\"canonical\" href=\"https:\/\/avolux.ee\/en\/services\/\" \/>\n<meta property=\"og:locale\" content=\"en_US\" \/>\n<meta property=\"og:type\" content=\"article\" \/>\n<meta property=\"og:title\" content=\"Avolux -\" \/>\n<meta property=\"og:description\" content=\"Stairs: metal stairs, wood-metal stairs, stair platforms, handrails and railings. We perform measurements and install prefabricated structures. All stairs are made to order!\" \/>\n<meta property=\"og:url\" content=\"https:\/\/avolux.ee\/en\/services\/\" \/>\n<meta property=\"og:site_name\" content=\"Avolux\" \/>\n<meta property=\"article:modified_time\" content=\"2022-06-07T08:13:57+00:00\" \/>\n<meta name=\"twitter:card\" content=\"summary_large_image\" \/>\n<meta name=\"twitter:label1\" content=\"Est. reading time\" \/>\n\t<meta name=\"twitter:data1\" content=\"4 minutes\" \/>\n<script type=\"application\/ld+json\" class=\"yoast-schema-graph\">{\"@context\":\"https:\/\/schema.org\",\"@graph\":[{\"@type\":\"WebPage\",\"@id\":\"https:\/\/avolux.ee\/en\/services\/\",\"url\":\"https:\/\/avolux.ee\/en\/services\/\",\"name\":\"Avolux -\",\"isPartOf\":{\"@id\":\"https:\/\/avolux.ee\/en\/#website\"},\"datePublished\":\"2022-06-07T08:13:56+00:00\",\"dateModified\":\"2022-06-07T08:13:57+00:00\",\"description\":\"Stairs: metal stairs, wood-metal stairs, stair platforms, handrails and railings. We perform measurements and install prefabricated structures. All stairs are made to order!\",\"breadcrumb\":{\"@id\":\"https:\/\/avolux.ee\/en\/services\/#breadcrumb\"},\"inLanguage\":\"en-US\",\"potentialAction\":[{\"@type\":\"ReadAction\",\"target\":[\"https:\/\/avolux.ee\/en\/services\/\"]}]},{\"@type\":\"BreadcrumbList\",\"@id\":\"https:\/\/avolux.ee\/en\/services\/#breadcrumb\",\"itemListElement\":[{\"@type\":\"ListItem\",\"position\":1,\"name\":\"Home\",\"item\":\"https:\/\/avolux.ee\/en\/\"},{\"@type\":\"ListItem\",\"position\":2,\"name\":\"Services\"}]},{\"@type\":\"WebSite\",\"@id\":\"https:\/\/avolux.ee\/en\/#website\",\"url\":\"https:\/\/avolux.ee\/en\/\",\"name\":\"Avolux\",\"description\":\"Metallm\u00f6\u00f6bel, disainm\u00f6\u00f6bel,  metallkapid\",\"publisher\":{\"@id\":\"https:\/\/avolux.ee\/en\/#organization\"},\"potentialAction\":[{\"@type\":\"SearchAction\",\"target\":{\"@type\":\"EntryPoint\",\"urlTemplate\":\"https:\/\/avolux.ee\/en\/?s={search_term_string}\"},\"query-input\":{\"@type\":\"PropertyValueSpecification\",\"valueRequired\":true,\"valueName\":\"search_term_string\"}}],\"inLanguage\":\"en-US\"},{\"@type\":\"Organization\",\"@id\":\"https:\/\/avolux.ee\/en\/#organization\",\"name\":\"Avolux O\u00dc\",\"url\":\"https:\/\/avolux.ee\/en\/\",\"logo\":{\"@type\":\"ImageObject\",\"inLanguage\":\"en-US\",\"@id\":\"https:\/\/avolux.ee\/en\/#\/schema\/logo\/image\/\",\"url\":\"http:\/\/avolux.ee\/wp-content\/uploads\/2021\/02\/logo.png\",\"contentUrl\":\"http:\/\/avolux.ee\/wp-content\/uploads\/2021\/02\/logo.png\",\"width\":188,\"height\":76,\"caption\":\"Avolux O\u00dc\"},\"image\":{\"@id\":\"https:\/\/avolux.ee\/en\/#\/schema\/logo\/image\/\"}}]}<\/script>\n<!-- \/ Yoast SEO plugin. -->","yoast_head_json":{"title":"Avolux -","description":"Stairs: metal stairs, wood-metal stairs, stair platforms, handrails and railings. We perform measurements and install prefabricated structures. All stairs are made to order!","robots":{"index":"index","follow":"follow","max-snippet":"max-snippet:-1","max-image-preview":"max-image-preview:large","max-video-preview":"max-video-preview:-1"},"canonical":"https:\/\/avolux.ee\/en\/services\/","og_locale":"en_US","og_type":"article","og_title":"Avolux -","og_description":"Stairs: metal stairs, wood-metal stairs, stair platforms, handrails and railings. We perform measurements and install prefabricated structures. All stairs are made to order!","og_url":"https:\/\/avolux.ee\/en\/services\/","og_site_name":"Avolux","article_modified_time":"2022-06-07T08:13:57+00:00","twitter_card":"summary_large_image","twitter_misc":{"Est. reading time":"4 minutes"},"schema":{"@context":"https:\/\/schema.org","@graph":[{"@type":"WebPage","@id":"https:\/\/avolux.ee\/en\/services\/","url":"https:\/\/avolux.ee\/en\/services\/","name":"Avolux -","isPartOf":{"@id":"https:\/\/avolux.ee\/en\/#website"},"datePublished":"2022-06-07T08:13:56+00:00","dateModified":"2022-06-07T08:13:57+00:00","description":"Stairs: metal stairs, wood-metal stairs, stair platforms, handrails and railings. We perform measurements and install prefabricated structures. All stairs are made to order!","breadcrumb":{"@id":"https:\/\/avolux.ee\/en\/services\/#breadcrumb"},"inLanguage":"en-US","potentialAction":[{"@type":"ReadAction","target":["https:\/\/avolux.ee\/en\/services\/"]}]},{"@type":"BreadcrumbList","@id":"https:\/\/avolux.ee\/en\/services\/#breadcrumb","itemListElement":[{"@type":"ListItem","position":1,"name":"Home","item":"https:\/\/avolux.ee\/en\/"},{"@type":"ListItem","position":2,"name":"Services"}]},{"@type":"WebSite","@id":"https:\/\/avolux.ee\/en\/#website","url":"https:\/\/avolux.ee\/en\/","name":"Avolux","description":"Metallm\u00f6\u00f6bel, disainm\u00f6\u00f6bel,  metallkapid","publisher":{"@id":"https:\/\/avolux.ee\/en\/#organization"},"potentialAction":[{"@type":"SearchAction","target":{"@type":"EntryPoint","urlTemplate":"https:\/\/avolux.ee\/en\/?s={search_term_string}"},"query-input":{"@type":"PropertyValueSpecification","valueRequired":true,"valueName":"search_term_string"}}],"inLanguage":"en-US"},{"@type":"Organization","@id":"https:\/\/avolux.ee\/en\/#organization","name":"Avolux O\u00dc","url":"https:\/\/avolux.ee\/en\/","logo":{"@type":"ImageObject","inLanguage":"en-US","@id":"https:\/\/avolux.ee\/en\/#\/schema\/logo\/image\/","url":"http:\/\/avolux.ee\/wp-content\/uploads\/2021\/02\/logo.png","contentUrl":"http:\/\/avolux.ee\/wp-content\/uploads\/2021\/02\/logo.png","width":188,"height":76,"caption":"Avolux O\u00dc"},"image":{"@id":"https:\/\/avolux.ee\/en\/#\/schema\/logo\/image\/"}}]}},"_links":{"self":[{"href":"https:\/\/avolux.ee\/en\/wp-json\/wp\/v2\/pages\/26212","targetHints":{"allow":["GET"]}}],"collection":[{"href":"https:\/\/avolux.ee\/en\/wp-json\/wp\/v2\/pages"}],"about":[{"href":"https:\/\/avolux.ee\/en\/wp-json\/wp\/v2\/types\/page"}],"author":[{"embeddable":true,"href":"https:\/\/avolux.ee\/en\/wp-json\/wp\/v2\/users\/1"}],"replies":[{"embeddable":true,"href":"https:\/\/avolux.ee\/en\/wp-json\/wp\/v2\/comments?post=26212"}],"version-history":[{"count":2,"href":"https:\/\/avolux.ee\/en\/wp-json\/wp\/v2\/pages\/26212\/revisions"}],"predecessor-version":[{"id":26217,"href":"https:\/\/avolux.ee\/en\/wp-json\/wp\/v2\/pages\/26212\/revisions\/26217"}],"wp:attachment":[{"href":"https:\/\/avolux.ee\/en\/wp-json\/wp\/v2\/media?parent=26212"}],"curies":[{"name":"wp","href":"https:\/\/api.w.org\/{rel}","templated":true}]}}